{"id":204868,"date":"2025-03-23T10:29:53","date_gmt":"2025-03-23T10:29:53","guid":{"rendered":"https:\/\/aromasentia.com\/product\/ornate-censer-incense-burner\/"},"modified":"2025-05-31T01:14:41","modified_gmt":"2025-05-31T01:14:41","slug":"utsmykket-rokelseskar-rokelsesbrenner","status":"publish","type":"product","link":"https:\/\/aromasentia.com\/no\/utsmykket-rokelseskar-rokelsesbrenner\/","title":{"rendered":"Utsmykket R\u00f8kelseskar R\u00f8kelsesbrenner"},"content":{"rendered":"<p>En r\u00f8kelsesbrenner i messing med skjermtopp er et ideelt valg for de fleste typer r\u00f8kelse. De er nyttige med kulltabletter. Bare fyll bunnen med sand eller aske, legg til en kulltablett og brenn din favorittharpiksr\u00f8kelse. R\u00f8kelsesbrenneren har et avtakbart treh\u00e5ndtak for \u00e5 flytte dem rundt n\u00e5r du vil ta r\u00f8kelsen fra rom til rom.<\/p>\n<p>ADVARSEL: R\u00f8kelsesbrennere blir varme n\u00e5r de er i bruk, s\u00e5 plasser dem p\u00e5 en flat, stabil og varmebestandig overflate og hold dem unna barn.<\/p>\n","protected":false},"excerpt":{"rendered":"<p>En r\u00f8kelsesbrenner i messing med skjermtopp er et ideelt valg for de fleste typer r\u00f8kelse. De er nyttige med kulltabletter. Bare fyll bunnen med sand eller aske, legg til en kulltablett og brenn din favorittharpiksr\u00f8kelse. R\u00f8kelsesbrenneren har et avtakbart treh\u00e5ndtak for \u00e5 flytte dem rundt n\u00e5r du vil ta r\u00f8kelsen fra rom til rom. ADVARSEL: [&hellip;]<\/p>\n","protected":false},"featured_media":398884,"comment_status":"closed","ping_status":"open","template":"","meta":{"_angie_page":false},"product_brand":[],"product_cat":[8747,8748],"product_tag":[],"class_list":{"0":"post-204868","1":"product","2":"type-product","3":"status-publish","4":"has-post-thumbnail","6":"product_cat-rokelse-og-rokelsesholdere","7":"product_cat-rokelsesholdere-og-rokelsesbrennere","8":"pa_collection-traditional-brass-incense-burners-no","9":"pa_made-in-india","11":"first","12":"outofstock","13":"purchasable","14":"product-type-simple"},"supplier_id":null,"supplier_sku":"BIB-05","barcode":null,"atum_controlled":true,"out_stock_date":"2025-09-04 21:38:23","out_stock_threshold":null,"inheritable":false,"inbound_stock":null,"stock_on_hold":0,"sold_today":0,"sales_last_days":0,"reserved_stock":null,"customer_returns":null,"warehouse_damage":null,"lost_in_post":null,"other_logs":null,"out_stock_days":34,"lost_sales":0,"has_location":null,"update_date":"2026-04-27T06:54:02","atum_locations":[],"atum_stock_status":"outofstock","restock_status":false,"low_stock_amount":"","sales_update_date":"2025-10-09T03:25:42","calc_backorders":null,"_links":{"self":[{"href":"https:\/\/aromasentia.com\/no\/wp-json\/wp\/v2\/product\/204868","targetHints":{"allow":["GET"]}}],"collection":[{"href":"https:\/\/aromasentia.com\/no\/wp-json\/wp\/v2\/product"}],"about":[{"href":"https:\/\/aromasentia.com\/no\/wp-json\/wp\/v2\/types\/product"}],"replies":[{"embeddable":true,"href":"https:\/\/aromasentia.com\/no\/wp-json\/wp\/v2\/comments?post=204868"}],"version-history":[{"count":0,"href":"https:\/\/aromasentia.com\/no\/wp-json\/wp\/v2\/product\/204868\/revisions"}],"wp:featuredmedia":[{"embeddable":true,"href":"https:\/\/aromasentia.com\/no\/wp-json\/wp\/v2\/media\/398884"}],"wp:attachment":[{"href":"https:\/\/aromasentia.com\/no\/wp-json\/wp\/v2\/media?parent=204868"}],"wp:term":[{"taxonomy":"product_brand","embeddable":true,"href":"https:\/\/aromasentia.com\/no\/wp-json\/wp\/v2\/product_brand?post=204868"},{"taxonomy":"product_cat","embeddable":true,"href":"https:\/\/aromasentia.com\/no\/wp-json\/wp\/v2\/product_cat?post=204868"},{"taxonomy":"product_tag","embeddable":true,"href":"https:\/\/aromasentia.com\/no\/wp-json\/wp\/v2\/product_tag?post=204868"}],"curies":[{"name":"wp","href":"https:\/\/api.w.org\/{rel}","templated":true}]}}