{"id":204849,"date":"2025-03-23T10:30:00","date_gmt":"2025-03-23T10:30:00","guid":{"rendered":"https:\/\/aromasentia.com\/product\/wooden-carved-incense-burners-lrg-yoga-cat\/"},"modified":"2025-05-31T01:13:43","modified_gmt":"2025-05-31T01:13:43","slug":"rokelsesbrennere-i-tre-yoga-cat-stor","status":"publish","type":"product","link":"https:\/\/aromasentia.com\/no\/rokelsesbrennere-i-tre-yoga-cat-stor\/","title":{"rendered":"R\u00f8kelsesbrennere I Tre &#8211; Yoga Cat Stor"},"content":{"rendered":"<p><strong>Disse Aroma Sentia-ping r\u00f8kelsesbrennerne i tre &#8211;&nbsp;<\/strong><\/p>\n<p><strong>R\u00f8kelsesbrennerne i tre &#8211; Stor Yogakatt&nbsp;<\/strong>er h\u00e5ndsk\u00e5ret av indonesiske h\u00e5ndverkere fra Suar Wood. Som et h\u00e5ndlaget produkt er hver treskj\u00e6ring unik og forskjellig fra andre.<\/p>\n<p>Bare plasser kjeglen p\u00e5 treskiven, tenn spissen av kjeglen med og plasser v\u00e5r Yogakatt i tre opp\u00e5 den. R\u00f8yken vil finne veien ut gjennom kattens poter.<\/p>\n","protected":false},"excerpt":{"rendered":"<p>Disse Aroma Sentia-ping r\u00f8kelsesbrennerne i tre &#8211;&nbsp; R\u00f8kelsesbrennerne i tre &#8211; Stor Yogakatt&nbsp;er h\u00e5ndsk\u00e5ret av indonesiske h\u00e5ndverkere fra Suar Wood. Som et h\u00e5ndlaget produkt er hver treskj\u00e6ring unik og forskjellig fra andre. Bare plasser kjeglen p\u00e5 treskiven, tenn spissen av kjeglen med og plasser v\u00e5r Yogakatt i tre opp\u00e5 den. R\u00f8yken vil finne veien ut [&hellip;]<\/p>\n","protected":false},"featured_media":400373,"comment_status":"closed","ping_status":"open","template":"","meta":{"_angie_page":false},"product_brand":[],"product_cat":[8747,8751,8748],"product_tag":[],"class_list":{"0":"post-204849","1":"product","2":"type-product","3":"status-publish","4":"has-post-thumbnail","6":"product_cat-rokelse-og-rokelsesholdere","7":"product_cat-rokelseholder-for-rokelsekjegler","8":"product_cat-rokelsesholdere-og-rokelsesbrennere","9":"pa_collection-wooden-carved-incense-burners-no","10":"pa_made-in-indonesia","12":"first","13":"instock","14":"purchasable","15":"product-type-simple"},"supplier_id":null,"supplier_sku":"CWIB-04","barcode":null,"atum_controlled":true,"out_stock_date":null,"out_stock_threshold":null,"inheritable":false,"inbound_stock":null,"stock_on_hold":0,"sold_today":0,"sales_last_days":0,"reserved_stock":null,"customer_returns":null,"warehouse_damage":null,"lost_in_post":null,"other_logs":null,"out_stock_days":0,"lost_sales":0,"has_location":null,"update_date":"2026-05-08T05:07:18","atum_locations":[],"atum_stock_status":"instock","restock_status":false,"low_stock_amount":"","sales_update_date":"2026-02-06T00:02:01","calc_backorders":null,"_links":{"self":[{"href":"https:\/\/aromasentia.com\/no\/wp-json\/wp\/v2\/product\/204849","targetHints":{"allow":["GET"]}}],"collection":[{"href":"https:\/\/aromasentia.com\/no\/wp-json\/wp\/v2\/product"}],"about":[{"href":"https:\/\/aromasentia.com\/no\/wp-json\/wp\/v2\/types\/product"}],"replies":[{"embeddable":true,"href":"https:\/\/aromasentia.com\/no\/wp-json\/wp\/v2\/comments?post=204849"}],"version-history":[{"count":0,"href":"https:\/\/aromasentia.com\/no\/wp-json\/wp\/v2\/product\/204849\/revisions"}],"wp:featuredmedia":[{"embeddable":true,"href":"https:\/\/aromasentia.com\/no\/wp-json\/wp\/v2\/media\/400373"}],"wp:attachment":[{"href":"https:\/\/aromasentia.com\/no\/wp-json\/wp\/v2\/media?parent=204849"}],"wp:term":[{"taxonomy":"product_brand","embeddable":true,"href":"https:\/\/aromasentia.com\/no\/wp-json\/wp\/v2\/product_brand?post=204849"},{"taxonomy":"product_cat","embeddable":true,"href":"https:\/\/aromasentia.com\/no\/wp-json\/wp\/v2\/product_cat?post=204849"},{"taxonomy":"product_tag","embeddable":true,"href":"https:\/\/aromasentia.com\/no\/wp-json\/wp\/v2\/product_tag?post=204849"}],"curies":[{"name":"wp","href":"https:\/\/api.w.org\/{rel}","templated":true}]}}