{"id":204841,"date":"2025-03-23T10:30:00","date_gmt":"2025-03-23T10:30:00","guid":{"rendered":"https:\/\/aromasentia.com\/product\/copper-ritual-chalice-with-tree-of-life-12x9cm\/"},"modified":"2025-05-31T01:13:17","modified_gmt":"2025-05-31T01:13:17","slug":"ritualbeger-i-kobber-med-livets-tre-12x9-cm","status":"publish","type":"product","link":"https:\/\/aromasentia.com\/no\/ritualbeger-i-kobber-med-livets-tre-12x9-cm\/","title":{"rendered":"Ritualbeger I Kobber med Livets Tre 12&#215;9 cm"},"content":{"rendered":"<p><span style=\"color: rgb(75, 80, 88);\">Utforsk en fortryllende samling av<strong>&nbsp;Ritual Antique Copper Bowls and Chalices<\/strong>, designet for \u00e5 gi spirituelle praksiser et snev av mystikk og sjarm. Disse fengslende gjenstandene er ikke bare verkt\u00f8y; de er en manifestasjon av tidl\u00f8s magi, som kombinerer h\u00e5ndverk med et snev av moderne appell.<\/span><\/p>\n<p><span style=\"color: rgb(75, 80, 88);\"><strong>Antikke kobberritualsk\u00e5ler og -kalker<\/strong> er en blanding av eleganse og spiritualitet. Med alternativer utsmykket med trippelm\u00e5nen eller livets tre, er disse gjenstandene perfekte for ofringer, renselse eller som vakre altertavler. <strong>Deres rike kobberfarge gir en varm og innbydende atmosf\u00e6re til ditt hellige rom. &nbsp;<\/strong><\/span><\/p>\n<p><span style=\"color: rgb(75, 80, 88);\">La det hellige bildet av <strong>Livets tre<\/strong> veilede ritualene dine med v\u00e5r 12&#215;9 cm kobberritualkalk<\/strong>. Denne kalken er laget med presisjon og er perfekt for drikkoffer, velsignelser eller som et visuelt sl\u00e5ende utstillingsobjekt.<\/span> <\/p>\n<p><span style=\"color: rgb(75, 80, 88);\"><strong>Merk:<\/strong> De kan bli veldig varme n\u00e5r flekker eller brennbare stoffer brenner inni dem. Bruk alltid en varmebestandig overflate og h\u00e5ndter forsiktig.<\/span><\/p>\n","protected":false},"excerpt":{"rendered":"<p>Utforsk en fortryllende samling av&nbsp;Ritual Antique Copper Bowls and Chalices, designet for \u00e5 gi spirituelle praksiser et snev av mystikk og sjarm. Disse fengslende gjenstandene er ikke bare verkt\u00f8y; de er en manifestasjon av tidl\u00f8s magi, som kombinerer h\u00e5ndverk med et snev av moderne appell. Antikke kobberritualsk\u00e5ler og -kalker er en blanding av eleganse og [&hellip;]<\/p>\n","protected":false},"featured_media":400229,"comment_status":"closed","ping_status":"open","template":"","meta":{"_angie_page":false},"product_brand":[],"product_cat":[8747,8748],"product_tag":[],"class_list":{"0":"post-204841","1":"product","2":"type-product","3":"status-publish","4":"has-post-thumbnail","6":"product_cat-rokelse-og-rokelsesholdere","7":"product_cat-rokelsesholdere-og-rokelsesbrennere","8":"pa_collection-ritual-bowls-and-cauldrons-no","9":"pa_made-in-india","11":"first","12":"instock","13":"purchasable","14":"product-type-simple"},"supplier_id":null,"supplier_sku":"CIC-10","barcode":null,"atum_controlled":true,"out_stock_date":null,"out_stock_threshold":null,"inheritable":false,"inbound_stock":null,"stock_on_hold":0,"sold_today":0,"sales_last_days":0,"reserved_stock":null,"customer_returns":null,"warehouse_damage":null,"lost_in_post":null,"other_logs":null,"out_stock_days":154,"lost_sales":0,"has_location":null,"update_date":"2026-04-27T06:57:28","atum_locations":[],"atum_stock_status":"instock","restock_status":false,"low_stock_amount":"","sales_update_date":"2026-02-06T00:01:07","calc_backorders":null,"_links":{"self":[{"href":"https:\/\/aromasentia.com\/no\/wp-json\/wp\/v2\/product\/204841","targetHints":{"allow":["GET"]}}],"collection":[{"href":"https:\/\/aromasentia.com\/no\/wp-json\/wp\/v2\/product"}],"about":[{"href":"https:\/\/aromasentia.com\/no\/wp-json\/wp\/v2\/types\/product"}],"replies":[{"embeddable":true,"href":"https:\/\/aromasentia.com\/no\/wp-json\/wp\/v2\/comments?post=204841"}],"version-history":[{"count":0,"href":"https:\/\/aromasentia.com\/no\/wp-json\/wp\/v2\/product\/204841\/revisions"}],"wp:featuredmedia":[{"embeddable":true,"href":"https:\/\/aromasentia.com\/no\/wp-json\/wp\/v2\/media\/400229"}],"wp:attachment":[{"href":"https:\/\/aromasentia.com\/no\/wp-json\/wp\/v2\/media?parent=204841"}],"wp:term":[{"taxonomy":"product_brand","embeddable":true,"href":"https:\/\/aromasentia.com\/no\/wp-json\/wp\/v2\/product_brand?post=204841"},{"taxonomy":"product_cat","embeddable":true,"href":"https:\/\/aromasentia.com\/no\/wp-json\/wp\/v2\/product_cat?post=204841"},{"taxonomy":"product_tag","embeddable":true,"href":"https:\/\/aromasentia.com\/no\/wp-json\/wp\/v2\/product_tag?post=204841"}],"curies":[{"name":"wp","href":"https:\/\/api.w.org\/{rel}","templated":true}]}}