{"id":204830,"date":"2025-03-23T10:30:00","date_gmt":"2025-03-23T10:30:00","guid":{"rendered":"https:\/\/aromasentia.com\/product\/brass-resin-incense-warmer-fixed\/"},"modified":"2025-05-31T01:12:43","modified_gmt":"2025-05-31T01:12:43","slug":"rokelsesbrenner-av-messingharpiks-fast","status":"publish","type":"product","link":"https:\/\/aromasentia.com\/no\/rokelsesbrenner-av-messingharpiks-fast\/","title":{"rendered":"R\u00f8kelsesbrenner Av Messingharpiks &#8211; Fast"},"content":{"rendered":"<p><span style=\"color: rgb(75, 80, 88);\"><strong>Enkel, tidl\u00f8s og elegant \u2013 denne r\u00f8kelsesvarmeren i messingharpiks er det perfekte valget for de som setter pris p\u00e5 uanstrengt skj\u00f8nnhet<\/strong>.<\/span><\/p>\n<p><span style=\"color: rgb(75, 80, 88);\">Den ikke-justerbare designen gir en jevn varme, og frigj\u00f8r forsiktig de naturlige aromaene av harpiks og urter uten den r\u00f8ykfylte intensiteten. Messingfinishen gir et snev av tradisjonell luksus, mens det detaljerte h\u00e5ndverket sikrer at den skiller seg ut i ethvert milj\u00f8.<\/span><\/p>\n<p><span style=\"color: rgb(75, 80, 88);\">I tillegg gj\u00f8r det lettrengj\u00f8rbare, avtakbare nettet den til et praktisk og funksjonelt tillegg til enhver kundes samling. Det er en perfekt blanding av stil og brukervennlighet.<\/span><\/p>\n<p><span style=\"color: rgb(75, 80, 88);\"><strong>M\u00e5l:<\/strong><\/span><\/p>\n<p><span style=\"color: rgb(75, 80, 88);\"><strong>11 x 6,8 cm<\/strong><\/span><\/p>\n<p><span style=\"color: rgb(75, 80, 88);\"><strong><em>Merk:<\/em><\/strong><em>Dette produktet blir varmt under bruk. S\u00f8rg for at det plasseres p\u00e5 en varmebestandig overflate og h\u00e5ndteres forsiktig. Oppbevares utilgjengelig for barn og kj\u00e6ledyr, og unng\u00e5 \u00e5 ber\u00f8re metalldelene mens r\u00f8kelsen brenner eller rett etter bruk.<\/em><\/span><\/p>\n","protected":false},"excerpt":{"rendered":"<p>Enkel, tidl\u00f8s og elegant \u2013 denne r\u00f8kelsesvarmeren i messingharpiks er det perfekte valget for de som setter pris p\u00e5 uanstrengt skj\u00f8nnhet. Den ikke-justerbare designen gir en jevn varme, og frigj\u00f8r forsiktig de naturlige aromaene av harpiks og urter uten den r\u00f8ykfylte intensiteten. Messingfinishen gir et snev av tradisjonell luksus, mens det detaljerte h\u00e5ndverket sikrer at [&hellip;]<\/p>\n","protected":false},"featured_media":399882,"comment_status":"closed","ping_status":"open","template":"","meta":{"_angie_page":false},"product_brand":[],"product_cat":[8767,8747,8748],"product_tag":[],"class_list":{"0":"post-204830","1":"product","2":"type-product","3":"status-publish","4":"has-post-thumbnail","6":"product_cat-harpiks-og-resinrokelse","7":"product_cat-rokelse-og-rokelsesholdere","8":"product_cat-rokelsesholdere-og-rokelsesbrennere","9":"pa_collection-brass-resin-incense-warmers-no","10":"pa_made-in-india","12":"first","13":"instock","14":"purchasable","15":"product-type-simple"},"supplier_id":null,"supplier_sku":"BRIW-03","barcode":null,"atum_controlled":true,"out_stock_date":null,"out_stock_threshold":null,"inheritable":false,"inbound_stock":null,"stock_on_hold":0,"sold_today":0,"sales_last_days":0,"reserved_stock":null,"customer_returns":null,"warehouse_damage":null,"lost_in_post":null,"other_logs":null,"out_stock_days":0,"lost_sales":0,"has_location":null,"update_date":"2026-04-27T06:55:47","atum_locations":[],"atum_stock_status":"instock","restock_status":false,"low_stock_amount":"","sales_update_date":"2025-10-09T03:26:57","calc_backorders":null,"_links":{"self":[{"href":"https:\/\/aromasentia.com\/no\/wp-json\/wp\/v2\/product\/204830","targetHints":{"allow":["GET"]}}],"collection":[{"href":"https:\/\/aromasentia.com\/no\/wp-json\/wp\/v2\/product"}],"about":[{"href":"https:\/\/aromasentia.com\/no\/wp-json\/wp\/v2\/types\/product"}],"replies":[{"embeddable":true,"href":"https:\/\/aromasentia.com\/no\/wp-json\/wp\/v2\/comments?post=204830"}],"version-history":[{"count":0,"href":"https:\/\/aromasentia.com\/no\/wp-json\/wp\/v2\/product\/204830\/revisions"}],"wp:featuredmedia":[{"embeddable":true,"href":"https:\/\/aromasentia.com\/no\/wp-json\/wp\/v2\/media\/399882"}],"wp:attachment":[{"href":"https:\/\/aromasentia.com\/no\/wp-json\/wp\/v2\/media?parent=204830"}],"wp:term":[{"taxonomy":"product_brand","embeddable":true,"href":"https:\/\/aromasentia.com\/no\/wp-json\/wp\/v2\/product_brand?post=204830"},{"taxonomy":"product_cat","embeddable":true,"href":"https:\/\/aromasentia.com\/no\/wp-json\/wp\/v2\/product_cat?post=204830"},{"taxonomy":"product_tag","embeddable":true,"href":"https:\/\/aromasentia.com\/no\/wp-json\/wp\/v2\/product_tag?post=204830"}],"curies":[{"name":"wp","href":"https:\/\/api.w.org\/{rel}","templated":true}]}}