{"id":204826,"date":"2025-03-23T10:30:00","date_gmt":"2025-03-23T10:30:00","guid":{"rendered":"https:\/\/aromasentia.com\/product\/bulk-incense-midnight-rose\/"},"modified":"2025-05-31T01:12:27","modified_gmt":"2025-05-31T01:12:27","slug":"bulk-rokelse-midnattsrose","status":"publish","type":"product","link":"https:\/\/aromasentia.com\/no\/bulk-rokelse-midnattsrose\/","title":{"rendered":"Bulk R\u00f8kelse &#8211; Midnattsrose"},"content":{"rendered":"<p>Vekk sansene dine med den rike og vakre blomsterduften fra Midnight Rose-r\u00f8kelse. Den tradisjonelle blomsterduften med behagelige friske undertoner \u00f8ker kj\u00e6rlighet, f\u00f8lelser og romantikk. Den fremmer s\u00f8vn, reduserer sinne og inngyter en f\u00f8lelse av fred og selvtillit.<\/p>\n<p>Hver pakke med Midnight Rose-r\u00f8kelse i bulk inneholder 500 g, omtrent 450 pinner, 25 cm lange.<\/p>\n","protected":false},"excerpt":{"rendered":"<p>Vekk sansene dine med den rike og vakre blomsterduften fra Midnight Rose-r\u00f8kelse. Den tradisjonelle blomsterduften med behagelige friske undertoner \u00f8ker kj\u00e6rlighet, f\u00f8lelser og romantikk. Den fremmer s\u00f8vn, reduserer sinne og inngyter en f\u00f8lelse av fred og selvtillit. Hver pakke med Midnight Rose-r\u00f8kelse i bulk inneholder 500 g, omtrent 450 pinner, 25 cm lange.<\/p>\n","protected":false},"featured_media":399798,"comment_status":"closed","ping_status":"open","template":"","meta":{"_angie_page":false},"product_brand":[],"product_cat":[26834,25843,8747,8758,26366],"product_tag":[],"class_list":{"0":"post-204826","1":"product","2":"type-product","3":"status-publish","4":"has-post-thumbnail","6":"product_cat-blomster","7":"product_cat-dufter-aromaer","8":"product_cat-rokelse-og-rokelsesholdere","9":"product_cat-rokelsespinner","10":"product_cat-rose","11":"pa_collection-indian-bulk-incense-approx-450-sticks-no","12":"pa_made-in-india","14":"first","15":"instock","16":"purchasable","17":"product-type-simple"},"supplier_id":null,"supplier_sku":"BincS-23","barcode":null,"atum_controlled":true,"out_stock_date":null,"out_stock_threshold":null,"inheritable":false,"inbound_stock":null,"stock_on_hold":0,"sold_today":0,"sales_last_days":0,"reserved_stock":null,"customer_returns":null,"warehouse_damage":null,"lost_in_post":null,"other_logs":null,"out_stock_days":0,"lost_sales":0,"has_location":null,"update_date":"2026-04-29T13:02:36","atum_locations":[],"atum_stock_status":"instock","restock_status":false,"low_stock_amount":"","sales_update_date":"2025-10-09T03:26:31","calc_backorders":null,"_links":{"self":[{"href":"https:\/\/aromasentia.com\/no\/wp-json\/wp\/v2\/product\/204826","targetHints":{"allow":["GET"]}}],"collection":[{"href":"https:\/\/aromasentia.com\/no\/wp-json\/wp\/v2\/product"}],"about":[{"href":"https:\/\/aromasentia.com\/no\/wp-json\/wp\/v2\/types\/product"}],"replies":[{"embeddable":true,"href":"https:\/\/aromasentia.com\/no\/wp-json\/wp\/v2\/comments?post=204826"}],"version-history":[{"count":0,"href":"https:\/\/aromasentia.com\/no\/wp-json\/wp\/v2\/product\/204826\/revisions"}],"wp:featuredmedia":[{"embeddable":true,"href":"https:\/\/aromasentia.com\/no\/wp-json\/wp\/v2\/media\/399798"}],"wp:attachment":[{"href":"https:\/\/aromasentia.com\/no\/wp-json\/wp\/v2\/media?parent=204826"}],"wp:term":[{"taxonomy":"product_brand","embeddable":true,"href":"https:\/\/aromasentia.com\/no\/wp-json\/wp\/v2\/product_brand?post=204826"},{"taxonomy":"product_cat","embeddable":true,"href":"https:\/\/aromasentia.com\/no\/wp-json\/wp\/v2\/product_cat?post=204826"},{"taxonomy":"product_tag","embeddable":true,"href":"https:\/\/aromasentia.com\/no\/wp-json\/wp\/v2\/product_tag?post=204826"}],"curies":[{"name":"wp","href":"https:\/\/api.w.org\/{rel}","templated":true}]}}