{"id":204823,"date":"2025-03-23T10:30:00","date_gmt":"2025-03-23T10:30:00","guid":{"rendered":"https:\/\/aromasentia.com\/product\/bulk-incense-orange-cinnamon\/"},"modified":"2025-05-31T01:12:05","modified_gmt":"2025-05-31T01:12:05","slug":"bulk-rokelse-appelsin-og-kanel","status":"publish","type":"product","link":"https:\/\/aromasentia.com\/no\/bulk-rokelse-appelsin-og-kanel\/","title":{"rendered":"Bulk R\u00f8kelse &#8211; Appelsin Og Kanel"},"content":{"rendered":"<p>Den s\u00f8te, treaktige duften av kanel i kombinasjon med den fruktige duften av appelsin bringer friskhet og ny energi til rommet ditt. Appelsin- og kanelr\u00f8kelse l\u00f8fter hum\u00f8ret, gj\u00f8r enhver manifestasjonspraksis eller trolldomsut\u00f8velse mer effektiv, og \u00f8nsker vitalitet velkommen til kropp og sjel. N\u00e5r du tenner denne r\u00f8kelsen, vil du fylle hjemmet ditt med suksessens energi.<\/p>\n<p>Hver pakke med appelsin- og kanelr\u00f8kelse i bulk inneholder 500 g, omtrent 450 pinner, 25 cm lange.<\/p>\n","protected":false},"excerpt":{"rendered":"<p>Den s\u00f8te, treaktige duften av kanel i kombinasjon med den fruktige duften av appelsin bringer friskhet og ny energi til rommet ditt. Appelsin- og kanelr\u00f8kelse l\u00f8fter hum\u00f8ret, gj\u00f8r enhver manifestasjonspraksis eller trolldomsut\u00f8velse mer effektiv, og \u00f8nsker vitalitet velkommen til kropp og sjel. N\u00e5r du tenner denne r\u00f8kelsen, vil du fylle hjemmet ditt med suksessens energi. [&hellip;]<\/p>\n","protected":false},"featured_media":399771,"comment_status":"closed","ping_status":"open","template":"","meta":{"_angie_page":false},"product_brand":[],"product_cat":[26306,25843,26133,26890,8747,8758,26820],"product_tag":[],"class_list":{"0":"post-204823","1":"product","2":"type-product","3":"status-publish","4":"has-post-thumbnail","6":"product_cat-appelsin","7":"product_cat-dufter-aromaer","8":"product_cat-kanel","9":"product_cat-krydret","10":"product_cat-rokelse-og-rokelsesholdere","11":"product_cat-rokelsespinner","12":"product_cat-sitrus","13":"pa_collection-indian-bulk-incense-approx-450-sticks-no","14":"pa_made-in-india","16":"first","17":"instock","18":"purchasable","19":"product-type-simple"},"supplier_id":null,"supplier_sku":"BincS-20","barcode":null,"atum_controlled":true,"out_stock_date":null,"out_stock_threshold":null,"inheritable":false,"inbound_stock":null,"stock_on_hold":0,"sold_today":0,"sales_last_days":0,"reserved_stock":null,"customer_returns":null,"warehouse_damage":null,"lost_in_post":null,"other_logs":null,"out_stock_days":0,"lost_sales":0,"has_location":null,"update_date":"2026-05-08T05:05:00","atum_locations":[],"atum_stock_status":"instock","restock_status":false,"low_stock_amount":"","sales_update_date":"2025-10-09T03:26:30","calc_backorders":null,"_links":{"self":[{"href":"https:\/\/aromasentia.com\/no\/wp-json\/wp\/v2\/product\/204823","targetHints":{"allow":["GET"]}}],"collection":[{"href":"https:\/\/aromasentia.com\/no\/wp-json\/wp\/v2\/product"}],"about":[{"href":"https:\/\/aromasentia.com\/no\/wp-json\/wp\/v2\/types\/product"}],"replies":[{"embeddable":true,"href":"https:\/\/aromasentia.com\/no\/wp-json\/wp\/v2\/comments?post=204823"}],"version-history":[{"count":0,"href":"https:\/\/aromasentia.com\/no\/wp-json\/wp\/v2\/product\/204823\/revisions"}],"wp:featuredmedia":[{"embeddable":true,"href":"https:\/\/aromasentia.com\/no\/wp-json\/wp\/v2\/media\/399771"}],"wp:attachment":[{"href":"https:\/\/aromasentia.com\/no\/wp-json\/wp\/v2\/media?parent=204823"}],"wp:term":[{"taxonomy":"product_brand","embeddable":true,"href":"https:\/\/aromasentia.com\/no\/wp-json\/wp\/v2\/product_brand?post=204823"},{"taxonomy":"product_cat","embeddable":true,"href":"https:\/\/aromasentia.com\/no\/wp-json\/wp\/v2\/product_cat?post=204823"},{"taxonomy":"product_tag","embeddable":true,"href":"https:\/\/aromasentia.com\/no\/wp-json\/wp\/v2\/product_tag?post=204823"}],"curies":[{"name":"wp","href":"https:\/\/api.w.org\/{rel}","templated":true}]}}