{"id":204821,"date":"2025-03-23T10:30:00","date_gmt":"2025-03-23T10:30:00","guid":{"rendered":"https:\/\/aromasentia.com\/product\/bulk-incense-sandalwood\/"},"modified":"2025-05-31T01:11:58","modified_gmt":"2025-05-31T01:11:58","slug":"bulk-rokelse-sandeltre","status":"publish","type":"product","link":"https:\/\/aromasentia.com\/no\/bulk-rokelse-sandeltre\/","title":{"rendered":"Bulk R\u00f8kelse &#8211; Sandeltre"},"content":{"rendered":"<p>Den jordaktige og rensende duften av sandeltre er en av de eldste duftene som ble brukt i ritualer i oldtiden, og i dag er den fortsatt veldig popul\u00e6r. N\u00e5r du brenner en sandeltre-r\u00f8kelsespinne, renser den antiseptiske lukten alt den ber\u00f8rer.<\/p>\n<p>Hver pakke med sandeltre-r\u00f8kelse i bulk inneholder 500 g, omtrent 450 pinner, 25 cm lange.<\/p>\n","protected":false},"excerpt":{"rendered":"<p>Den jordaktige og rensende duften av sandeltre er en av de eldste duftene som ble brukt i ritualer i oldtiden, og i dag er den fortsatt veldig popul\u00e6r. N\u00e5r du brenner en sandeltre-r\u00f8kelsespinne, renser den antiseptiske lukten alt den ber\u00f8rer. Hver pakke med sandeltre-r\u00f8kelse i bulk inneholder 500 g, omtrent 450 pinner, 25 cm lange.<\/p>\n","protected":false},"featured_media":399753,"comment_status":"closed","ping_status":"open","template":"","meta":{"_angie_page":false},"product_brand":[],"product_cat":[25843,8747,8758,26386,26897],"product_tag":[],"class_list":{"0":"post-204821","1":"product","2":"type-product","3":"status-publish","4":"has-post-thumbnail","6":"product_cat-dufter-aromaer","7":"product_cat-rokelse-og-rokelsesholdere","8":"product_cat-rokelsespinner","9":"product_cat-sandelte","10":"product_cat-treaktig","11":"pa_collection-indian-bulk-incense-approx-450-sticks-no","12":"pa_made-in-india","14":"first","15":"outofstock","16":"purchasable","17":"product-type-simple"},"supplier_id":null,"supplier_sku":"BincS-18","barcode":null,"atum_controlled":true,"out_stock_date":"2025-09-04 21:47:18","out_stock_threshold":null,"inheritable":false,"inbound_stock":null,"stock_on_hold":0,"sold_today":0,"sales_last_days":0,"reserved_stock":null,"customer_returns":null,"warehouse_damage":null,"lost_in_post":null,"other_logs":null,"out_stock_days":34,"lost_sales":0,"has_location":null,"update_date":"2026-04-29T06:53:35","atum_locations":[],"atum_stock_status":"outofstock","restock_status":false,"low_stock_amount":"","sales_update_date":"2025-10-09T03:26:28","calc_backorders":null,"_links":{"self":[{"href":"https:\/\/aromasentia.com\/no\/wp-json\/wp\/v2\/product\/204821","targetHints":{"allow":["GET"]}}],"collection":[{"href":"https:\/\/aromasentia.com\/no\/wp-json\/wp\/v2\/product"}],"about":[{"href":"https:\/\/aromasentia.com\/no\/wp-json\/wp\/v2\/types\/product"}],"replies":[{"embeddable":true,"href":"https:\/\/aromasentia.com\/no\/wp-json\/wp\/v2\/comments?post=204821"}],"version-history":[{"count":0,"href":"https:\/\/aromasentia.com\/no\/wp-json\/wp\/v2\/product\/204821\/revisions"}],"wp:featuredmedia":[{"embeddable":true,"href":"https:\/\/aromasentia.com\/no\/wp-json\/wp\/v2\/media\/399753"}],"wp:attachment":[{"href":"https:\/\/aromasentia.com\/no\/wp-json\/wp\/v2\/media?parent=204821"}],"wp:term":[{"taxonomy":"product_brand","embeddable":true,"href":"https:\/\/aromasentia.com\/no\/wp-json\/wp\/v2\/product_brand?post=204821"},{"taxonomy":"product_cat","embeddable":true,"href":"https:\/\/aromasentia.com\/no\/wp-json\/wp\/v2\/product_cat?post=204821"},{"taxonomy":"product_tag","embeddable":true,"href":"https:\/\/aromasentia.com\/no\/wp-json\/wp\/v2\/product_tag?post=204821"}],"curies":[{"name":"wp","href":"https:\/\/api.w.org\/{rel}","templated":true}]}}