{"id":204813,"date":"2025-03-23T10:30:00","date_gmt":"2025-03-23T10:30:00","guid":{"rendered":"https:\/\/aromasentia.com\/product\/bulk-incense-vertiver-gold\/"},"modified":"2025-05-31T01:11:33","modified_gmt":"2025-05-31T01:11:33","slug":"bulk-rokelse-vertiver-gold","status":"publish","type":"product","link":"https:\/\/aromasentia.com\/no\/bulk-rokelse-vertiver-gold\/","title":{"rendered":"Bulk R\u00f8kelse &#8211; Vertiver Gold"},"content":{"rendered":"<p>Vetiver-r\u00f8kelsens duft er en naturlig stressdemper. De treaktige og s\u00f8te notene vil naturlig friske deg opp etter en lang og slitsom dag. Vetiver-duften kan lindre stress, bekjempe angst og behandle s\u00f8vnl\u00f8shet. Den har antibakterielle effekter, kj\u00f8ler ned og beroliger atmosf\u00e6ren.<\/p>\n<p>Hver pakke med Vetiver Gold r\u00f8kelse i bulk inneholder 500 g, omtrent 450 pinner, 25 cm lange.<\/p>\n","protected":false},"excerpt":{"rendered":"<p>Vetiver-r\u00f8kelsens duft er en naturlig stressdemper. De treaktige og s\u00f8te notene vil naturlig friske deg opp etter en lang og slitsom dag. Vetiver-duften kan lindre stress, bekjempe angst og behandle s\u00f8vnl\u00f8shet. Den har antibakterielle effekter, kj\u00f8ler ned og beroliger atmosf\u00e6ren. Hver pakke med Vetiver Gold r\u00f8kelse i bulk inneholder 500 g, omtrent 450 pinner, 25 [&hellip;]<\/p>\n","protected":false},"featured_media":399681,"comment_status":"closed","ping_status":"open","template":"","meta":{"_angie_page":false},"product_brand":[],"product_cat":[8747,8758],"product_tag":[],"class_list":{"0":"post-204813","1":"product","2":"type-product","3":"status-publish","4":"has-post-thumbnail","6":"product_cat-rokelse-og-rokelsesholdere","7":"product_cat-rokelsespinner","8":"pa_collection-indian-bulk-incense-approx-450-sticks-no","9":"pa_made-in-india","11":"first","12":"instock","13":"purchasable","14":"product-type-simple"},"supplier_id":null,"supplier_sku":"BincS-10","barcode":null,"atum_controlled":true,"out_stock_date":null,"out_stock_threshold":null,"inheritable":false,"inbound_stock":null,"stock_on_hold":0,"sold_today":0,"sales_last_days":0,"reserved_stock":null,"customer_returns":null,"warehouse_damage":null,"lost_in_post":null,"other_logs":null,"out_stock_days":0,"lost_sales":0,"has_location":null,"update_date":"2026-04-29T13:02:36","atum_locations":[],"atum_stock_status":"instock","restock_status":false,"low_stock_amount":"","sales_update_date":"2026-02-06T00:00:45","calc_backorders":null,"_links":{"self":[{"href":"https:\/\/aromasentia.com\/no\/wp-json\/wp\/v2\/product\/204813","targetHints":{"allow":["GET"]}}],"collection":[{"href":"https:\/\/aromasentia.com\/no\/wp-json\/wp\/v2\/product"}],"about":[{"href":"https:\/\/aromasentia.com\/no\/wp-json\/wp\/v2\/types\/product"}],"replies":[{"embeddable":true,"href":"https:\/\/aromasentia.com\/no\/wp-json\/wp\/v2\/comments?post=204813"}],"version-history":[{"count":0,"href":"https:\/\/aromasentia.com\/no\/wp-json\/wp\/v2\/product\/204813\/revisions"}],"wp:featuredmedia":[{"embeddable":true,"href":"https:\/\/aromasentia.com\/no\/wp-json\/wp\/v2\/media\/399681"}],"wp:attachment":[{"href":"https:\/\/aromasentia.com\/no\/wp-json\/wp\/v2\/media?parent=204813"}],"wp:term":[{"taxonomy":"product_brand","embeddable":true,"href":"https:\/\/aromasentia.com\/no\/wp-json\/wp\/v2\/product_brand?post=204813"},{"taxonomy":"product_cat","embeddable":true,"href":"https:\/\/aromasentia.com\/no\/wp-json\/wp\/v2\/product_cat?post=204813"},{"taxonomy":"product_tag","embeddable":true,"href":"https:\/\/aromasentia.com\/no\/wp-json\/wp\/v2\/product_tag?post=204813"}],"curies":[{"name":"wp","href":"https:\/\/api.w.org\/{rel}","templated":true}]}}