{"id":204809,"date":"2025-03-23T10:30:00","date_gmt":"2025-03-23T10:30:00","guid":{"rendered":"https:\/\/aromasentia.com\/product\/bulk-incense-honeysuckle\/"},"modified":"2025-05-31T01:11:22","modified_gmt":"2025-05-31T01:11:22","slug":"bulk-rokelse-kaprifol","status":"publish","type":"product","link":"https:\/\/aromasentia.com\/no\/bulk-rokelse-kaprifol\/","title":{"rendered":"Bulk R\u00f8kelse &#8211; Kaprifol"},"content":{"rendered":"<p>Kaprifol i seg selv sies \u00e5 tiltrekke seg venner, bringe lykke og opprettholde kj\u00e6rligheten i hjemmet, der den vokser. Den s\u00f8te, blomsterduften av kaprifolr\u00f8kelse vil minne deg om en avslappende sommerkveld. Noen brenner kaprifolr\u00f8kelse for kj\u00e6rlighetsformler, noen for lykke og velstand, og noen rett og slett for nytelsen av aromaen.<\/p>\n<p>Hver pakke med kaprifolr\u00f8kelse i bulk inneholder 500 g, omtrent 450 pinner, 25 cm lange.<\/p>\n","protected":false},"excerpt":{"rendered":"<p>Kaprifol i seg selv sies \u00e5 tiltrekke seg venner, bringe lykke og opprettholde kj\u00e6rligheten i hjemmet, der den vokser. Den s\u00f8te, blomsterduften av kaprifolr\u00f8kelse vil minne deg om en avslappende sommerkveld. Noen brenner kaprifolr\u00f8kelse for kj\u00e6rlighetsformler, noen for lykke og velstand, og noen rett og slett for nytelsen av aromaen. Hver pakke med kaprifolr\u00f8kelse i [&hellip;]<\/p>\n","protected":false},"featured_media":399645,"comment_status":"closed","ping_status":"open","template":"","meta":{"_angie_page":false},"product_brand":[],"product_cat":[8747,8758],"product_tag":[],"class_list":{"0":"post-204809","1":"product","2":"type-product","3":"status-publish","4":"has-post-thumbnail","6":"product_cat-rokelse-og-rokelsesholdere","7":"product_cat-rokelsespinner","8":"pa_collection-indian-bulk-incense-approx-450-sticks-no","9":"pa_made-in-india","11":"first","12":"instock","13":"purchasable","14":"product-type-simple"},"supplier_id":null,"supplier_sku":"BincS-06","barcode":null,"atum_controlled":true,"out_stock_date":null,"out_stock_threshold":null,"inheritable":false,"inbound_stock":null,"stock_on_hold":0,"sold_today":0,"sales_last_days":0,"reserved_stock":null,"customer_returns":null,"warehouse_damage":null,"lost_in_post":null,"other_logs":null,"out_stock_days":0,"lost_sales":0,"has_location":null,"update_date":"2026-04-27T06:55:00","atum_locations":[],"atum_stock_status":"instock","restock_status":false,"low_stock_amount":"","sales_update_date":"2026-02-06T00:02:38","calc_backorders":null,"_links":{"self":[{"href":"https:\/\/aromasentia.com\/no\/wp-json\/wp\/v2\/product\/204809","targetHints":{"allow":["GET"]}}],"collection":[{"href":"https:\/\/aromasentia.com\/no\/wp-json\/wp\/v2\/product"}],"about":[{"href":"https:\/\/aromasentia.com\/no\/wp-json\/wp\/v2\/types\/product"}],"replies":[{"embeddable":true,"href":"https:\/\/aromasentia.com\/no\/wp-json\/wp\/v2\/comments?post=204809"}],"version-history":[{"count":0,"href":"https:\/\/aromasentia.com\/no\/wp-json\/wp\/v2\/product\/204809\/revisions"}],"wp:featuredmedia":[{"embeddable":true,"href":"https:\/\/aromasentia.com\/no\/wp-json\/wp\/v2\/media\/399645"}],"wp:attachment":[{"href":"https:\/\/aromasentia.com\/no\/wp-json\/wp\/v2\/media?parent=204809"}],"wp:term":[{"taxonomy":"product_brand","embeddable":true,"href":"https:\/\/aromasentia.com\/no\/wp-json\/wp\/v2\/product_brand?post=204809"},{"taxonomy":"product_cat","embeddable":true,"href":"https:\/\/aromasentia.com\/no\/wp-json\/wp\/v2\/product_cat?post=204809"},{"taxonomy":"product_tag","embeddable":true,"href":"https:\/\/aromasentia.com\/no\/wp-json\/wp\/v2\/product_tag?post=204809"}],"curies":[{"name":"wp","href":"https:\/\/api.w.org\/{rel}","templated":true}]}}