{"id":204806,"date":"2025-03-23T10:30:00","date_gmt":"2025-03-23T10:30:00","guid":{"rendered":"https:\/\/aromasentia.com\/product\/bulk-incense-citronella\/"},"modified":"2025-05-31T01:11:05","modified_gmt":"2025-05-31T01:11:05","slug":"bulk-rokelse-citronella","status":"publish","type":"product","link":"https:\/\/aromasentia.com\/no\/bulk-rokelse-citronella\/","title":{"rendered":"Bulk R\u00f8kelse &#8211; Citronella"},"content":{"rendered":"<p>Citronella er svaret p\u00e5 ditt s\u00f8k etter et ikke-kjemisk og 100 % naturlig myggmiddel. Den rene og rike aromaen gj\u00f8r citronella ogs\u00e5 til en perfekt beroligende hjemmeduft, og den er kjent for \u00e5 gi lindring fra negative f\u00f8lelser og tristhet.<\/p>\n<p>Hver pakke med Citronella-r\u00f8kelse i bulk inneholder 500 g, omtrent 450 pinner som er 25 cm lange.<\/p>\n","protected":false},"excerpt":{"rendered":"<p>Citronella er svaret p\u00e5 ditt s\u00f8k etter et ikke-kjemisk og 100 % naturlig myggmiddel. Den rene og rike aromaen gj\u00f8r citronella ogs\u00e5 til en perfekt beroligende hjemmeduft, og den er kjent for \u00e5 gi lindring fra negative f\u00f8lelser og tristhet. Hver pakke med Citronella-r\u00f8kelse i bulk inneholder 500 g, omtrent 450 pinner som er 25 [&hellip;]<\/p>\n","protected":false},"featured_media":399618,"comment_status":"closed","ping_status":"open","template":"","meta":{"_angie_page":false},"product_brand":[],"product_cat":[25843,8747,8758,26139,26820],"product_tag":[],"class_list":{"0":"post-204806","1":"product","2":"type-product","3":"status-publish","4":"has-post-thumbnail","6":"product_cat-dufter-aromaer","7":"product_cat-rokelse-og-rokelsesholdere","8":"product_cat-rokelsespinner","9":"product_cat-sitronella","10":"product_cat-sitrus","11":"pa_collection-indian-bulk-incense-approx-450-sticks-no","12":"pa_made-in-india","14":"first","15":"instock","16":"purchasable","17":"product-type-simple"},"supplier_id":null,"supplier_sku":"BincS-03","barcode":null,"atum_controlled":true,"out_stock_date":null,"out_stock_threshold":null,"inheritable":false,"inbound_stock":null,"stock_on_hold":0,"sold_today":0,"sales_last_days":0,"reserved_stock":null,"customer_returns":null,"warehouse_damage":null,"lost_in_post":null,"other_logs":null,"out_stock_days":0,"lost_sales":0,"has_location":null,"update_date":"2026-04-27T06:55:00","atum_locations":[],"atum_stock_status":"instock","restock_status":false,"low_stock_amount":"","sales_update_date":"2026-02-06T00:02:12","calc_backorders":null,"_links":{"self":[{"href":"https:\/\/aromasentia.com\/no\/wp-json\/wp\/v2\/product\/204806","targetHints":{"allow":["GET"]}}],"collection":[{"href":"https:\/\/aromasentia.com\/no\/wp-json\/wp\/v2\/product"}],"about":[{"href":"https:\/\/aromasentia.com\/no\/wp-json\/wp\/v2\/types\/product"}],"replies":[{"embeddable":true,"href":"https:\/\/aromasentia.com\/no\/wp-json\/wp\/v2\/comments?post=204806"}],"version-history":[{"count":0,"href":"https:\/\/aromasentia.com\/no\/wp-json\/wp\/v2\/product\/204806\/revisions"}],"wp:featuredmedia":[{"embeddable":true,"href":"https:\/\/aromasentia.com\/no\/wp-json\/wp\/v2\/media\/399618"}],"wp:attachment":[{"href":"https:\/\/aromasentia.com\/no\/wp-json\/wp\/v2\/media?parent=204806"}],"wp:term":[{"taxonomy":"product_brand","embeddable":true,"href":"https:\/\/aromasentia.com\/no\/wp-json\/wp\/v2\/product_brand?post=204806"},{"taxonomy":"product_cat","embeddable":true,"href":"https:\/\/aromasentia.com\/no\/wp-json\/wp\/v2\/product_cat?post=204806"},{"taxonomy":"product_tag","embeddable":true,"href":"https:\/\/aromasentia.com\/no\/wp-json\/wp\/v2\/product_tag?post=204806"}],"curies":[{"name":"wp","href":"https:\/\/api.w.org\/{rel}","templated":true}]}}