{"id":204797,"date":"2025-03-23T10:30:09","date_gmt":"2025-03-23T10:30:09","guid":{"rendered":"https:\/\/aromasentia.com\/product\/15g-golden-nag-red-rose\/"},"modified":"2025-05-31T01:10:40","modified_gmt":"2025-05-31T01:10:40","slug":"15g-golden-nag-rokelse-red-rose","status":"publish","type":"product","link":"https:\/\/aromasentia.com\/no\/15g-golden-nag-rokelse-red-rose\/","title":{"rendered":"15G Golden Nag R\u00f8kelse &#8211; Red Rose"},"content":{"rendered":"<p>Unn deg den romantiske og blomstrende duften av Golden Nag Red Rose Incense i denne 15-gramspakken. Denne vakre duften skaper en kj\u00e6rlig og oppl\u00f8ftende atmosf\u00e6re.<\/p>\n","protected":false},"excerpt":{"rendered":"<p>Unn deg den romantiske og blomstrende duften av Golden Nag Red Rose Incense i denne 15-gramspakken. Denne vakre duften skaper en kj\u00e6rlig og oppl\u00f8ftende atmosf\u00e6re.<\/p>\n","protected":false},"featured_media":401222,"comment_status":"closed","ping_status":"open","template":"","meta":{"_angie_page":false},"product_brand":[27155],"product_cat":[26834,25843,8747,26366],"product_tag":[],"class_list":{"0":"post-204797","1":"product","2":"type-product","3":"status-publish","4":"has-post-thumbnail","6":"product_brand-vijayshree","7":"product_cat-blomster","8":"product_cat-dufter-aromaer","9":"product_cat-rokelse-og-rokelsesholdere","10":"product_cat-rose","11":"pa_collection-golden-nag-no","12":"pa_made-in-india","14":"first","15":"instock","16":"purchasable","17":"product-type-simple"},"supplier_id":null,"supplier_sku":"GoldNCi-21","barcode":null,"atum_controlled":true,"out_stock_date":null,"out_stock_threshold":null,"inheritable":false,"inbound_stock":null,"stock_on_hold":0,"sold_today":0,"sales_last_days":0,"reserved_stock":null,"customer_returns":null,"warehouse_damage":null,"lost_in_post":null,"other_logs":null,"out_stock_days":0,"lost_sales":0,"has_location":null,"update_date":"2026-05-08T05:09:40","atum_locations":[],"atum_stock_status":"instock","restock_status":false,"low_stock_amount":"","sales_update_date":"2026-01-30T01:24:28","calc_backorders":null,"_links":{"self":[{"href":"https:\/\/aromasentia.com\/no\/wp-json\/wp\/v2\/product\/204797","targetHints":{"allow":["GET"]}}],"collection":[{"href":"https:\/\/aromasentia.com\/no\/wp-json\/wp\/v2\/product"}],"about":[{"href":"https:\/\/aromasentia.com\/no\/wp-json\/wp\/v2\/types\/product"}],"replies":[{"embeddable":true,"href":"https:\/\/aromasentia.com\/no\/wp-json\/wp\/v2\/comments?post=204797"}],"version-history":[{"count":0,"href":"https:\/\/aromasentia.com\/no\/wp-json\/wp\/v2\/product\/204797\/revisions"}],"wp:featuredmedia":[{"embeddable":true,"href":"https:\/\/aromasentia.com\/no\/wp-json\/wp\/v2\/media\/401222"}],"wp:attachment":[{"href":"https:\/\/aromasentia.com\/no\/wp-json\/wp\/v2\/media?parent=204797"}],"wp:term":[{"taxonomy":"product_brand","embeddable":true,"href":"https:\/\/aromasentia.com\/no\/wp-json\/wp\/v2\/product_brand?post=204797"},{"taxonomy":"product_cat","embeddable":true,"href":"https:\/\/aromasentia.com\/no\/wp-json\/wp\/v2\/product_cat?post=204797"},{"taxonomy":"product_tag","embeddable":true,"href":"https:\/\/aromasentia.com\/no\/wp-json\/wp\/v2\/product_tag?post=204797"}],"curies":[{"name":"wp","href":"https:\/\/api.w.org\/{rel}","templated":true}]}}