{"id":204796,"date":"2025-03-23T10:30:09","date_gmt":"2025-03-23T10:30:09","guid":{"rendered":"https:\/\/aromasentia.com\/product\/15g-golden-nag-cinnamon\/"},"modified":"2025-05-31T01:10:37","modified_gmt":"2025-05-31T01:10:37","slug":"15-g-golden-nag-rokelse-kanel","status":"publish","type":"product","link":"https:\/\/aromasentia.com\/no\/15-g-golden-nag-rokelse-kanel\/","title":{"rendered":"15 G Golden Nag R\u00f8kelse &#8211; Kanel"},"content":{"rendered":"<p>Gi rommet ditt en varm og krydret aroma med Golden Nag Cinnamon Incense i denne 15-gramspakken. Denne behagelige duften er perfekt for \u00e5 skape en koselig og innbydende atmosf\u00e6re, spesielt i de kj\u00f8ligere m\u00e5nedene.<\/p>\n","protected":false},"excerpt":{"rendered":"<p>Gi rommet ditt en varm og krydret aroma med Golden Nag Cinnamon Incense i denne 15-gramspakken. Denne behagelige duften er perfekt for \u00e5 skape en koselig og innbydende atmosf\u00e6re, spesielt i de kj\u00f8ligere m\u00e5nedene.<\/p>\n","protected":false},"featured_media":401213,"comment_status":"closed","ping_status":"open","template":"","meta":{"_angie_page":false},"product_brand":[27155],"product_cat":[25843,26133,26890,8747],"product_tag":[],"class_list":{"0":"post-204796","1":"product","2":"type-product","3":"status-publish","4":"has-post-thumbnail","6":"product_brand-vijayshree","7":"product_cat-dufter-aromaer","8":"product_cat-kanel","9":"product_cat-krydret","10":"product_cat-rokelse-og-rokelsesholdere","11":"pa_collection-golden-nag-no","12":"pa_made-in-india","14":"first","15":"instock","16":"purchasable","17":"product-type-simple"},"supplier_id":null,"supplier_sku":"GoldNCi-20","barcode":null,"atum_controlled":true,"out_stock_date":null,"out_stock_threshold":null,"inheritable":false,"inbound_stock":null,"stock_on_hold":0,"sold_today":0,"sales_last_days":0,"reserved_stock":null,"customer_returns":null,"warehouse_damage":null,"lost_in_post":null,"other_logs":null,"out_stock_days":0,"lost_sales":0,"has_location":null,"update_date":"2026-04-27T07:05:57","atum_locations":[],"atum_stock_status":"instock","restock_status":false,"low_stock_amount":"","sales_update_date":"2026-01-30T01:24:30","calc_backorders":null,"_links":{"self":[{"href":"https:\/\/aromasentia.com\/no\/wp-json\/wp\/v2\/product\/204796","targetHints":{"allow":["GET"]}}],"collection":[{"href":"https:\/\/aromasentia.com\/no\/wp-json\/wp\/v2\/product"}],"about":[{"href":"https:\/\/aromasentia.com\/no\/wp-json\/wp\/v2\/types\/product"}],"replies":[{"embeddable":true,"href":"https:\/\/aromasentia.com\/no\/wp-json\/wp\/v2\/comments?post=204796"}],"version-history":[{"count":0,"href":"https:\/\/aromasentia.com\/no\/wp-json\/wp\/v2\/product\/204796\/revisions"}],"wp:featuredmedia":[{"embeddable":true,"href":"https:\/\/aromasentia.com\/no\/wp-json\/wp\/v2\/media\/401213"}],"wp:attachment":[{"href":"https:\/\/aromasentia.com\/no\/wp-json\/wp\/v2\/media?parent=204796"}],"wp:term":[{"taxonomy":"product_brand","embeddable":true,"href":"https:\/\/aromasentia.com\/no\/wp-json\/wp\/v2\/product_brand?post=204796"},{"taxonomy":"product_cat","embeddable":true,"href":"https:\/\/aromasentia.com\/no\/wp-json\/wp\/v2\/product_cat?post=204796"},{"taxonomy":"product_tag","embeddable":true,"href":"https:\/\/aromasentia.com\/no\/wp-json\/wp\/v2\/product_tag?post=204796"}],"curies":[{"name":"wp","href":"https:\/\/api.w.org\/{rel}","templated":true}]}}