{"id":204795,"date":"2025-03-23T10:30:09","date_gmt":"2025-03-23T10:30:09","guid":{"rendered":"https:\/\/aromasentia.com\/product\/15g-golden-nag-lavender\/"},"modified":"2025-05-31T01:10:35","modified_gmt":"2025-05-31T01:10:35","slug":"15-g-golden-nag-rokelse-lavendel","status":"publish","type":"product","link":"https:\/\/aromasentia.com\/no\/15-g-golden-nag-rokelse-lavendel\/","title":{"rendered":"15 G Golden Nag R\u00f8kelse &#8211; Lavendel"},"content":{"rendered":"<p>Slapp av og slapp av med den beroligende og blomsteraktige duften av Golden Nag Lavender Incense i denne 15-gramspakken. Denne r\u00f8kelsen er kjent for sine beroligende egenskaper og er perfekt for \u00e5 lindre stress og skape en fredelig atmosf\u00e6re.<\/p>\n","protected":false},"excerpt":{"rendered":"<p>Slapp av og slapp av med den beroligende og blomsteraktige duften av Golden Nag Lavender Incense i denne 15-gramspakken. Denne r\u00f8kelsen er kjent for sine beroligende egenskaper og er perfekt for \u00e5 lindre stress og skape en fredelig atmosf\u00e6re.<\/p>\n","protected":false},"featured_media":401204,"comment_status":"closed","ping_status":"open","template":"","meta":{"_angie_page":false},"product_brand":[27155],"product_cat":[26834,25843,26232,8747],"product_tag":[],"class_list":{"0":"post-204795","1":"product","2":"type-product","3":"status-publish","4":"has-post-thumbnail","6":"product_brand-vijayshree","7":"product_cat-blomster","8":"product_cat-dufter-aromaer","9":"product_cat-lavendel","10":"product_cat-rokelse-og-rokelsesholdere","11":"pa_collection-golden-nag-no","12":"pa_made-in-india","14":"first","15":"instock","16":"purchasable","17":"product-type-simple"},"supplier_id":null,"supplier_sku":"GoldNCi-19","barcode":null,"atum_controlled":true,"out_stock_date":null,"out_stock_threshold":null,"inheritable":false,"inbound_stock":null,"stock_on_hold":0,"sold_today":0,"sales_last_days":0,"reserved_stock":null,"customer_returns":null,"warehouse_damage":null,"lost_in_post":null,"other_logs":null,"out_stock_days":0,"lost_sales":0,"has_location":null,"update_date":"2026-04-27T07:05:57","atum_locations":[],"atum_stock_status":"instock","restock_status":false,"low_stock_amount":"","sales_update_date":"2025-09-03T00:20:00","calc_backorders":null,"_links":{"self":[{"href":"https:\/\/aromasentia.com\/no\/wp-json\/wp\/v2\/product\/204795","targetHints":{"allow":["GET"]}}],"collection":[{"href":"https:\/\/aromasentia.com\/no\/wp-json\/wp\/v2\/product"}],"about":[{"href":"https:\/\/aromasentia.com\/no\/wp-json\/wp\/v2\/types\/product"}],"replies":[{"embeddable":true,"href":"https:\/\/aromasentia.com\/no\/wp-json\/wp\/v2\/comments?post=204795"}],"version-history":[{"count":0,"href":"https:\/\/aromasentia.com\/no\/wp-json\/wp\/v2\/product\/204795\/revisions"}],"wp:featuredmedia":[{"embeddable":true,"href":"https:\/\/aromasentia.com\/no\/wp-json\/wp\/v2\/media\/401204"}],"wp:attachment":[{"href":"https:\/\/aromasentia.com\/no\/wp-json\/wp\/v2\/media?parent=204795"}],"wp:term":[{"taxonomy":"product_brand","embeddable":true,"href":"https:\/\/aromasentia.com\/no\/wp-json\/wp\/v2\/product_brand?post=204795"},{"taxonomy":"product_cat","embeddable":true,"href":"https:\/\/aromasentia.com\/no\/wp-json\/wp\/v2\/product_cat?post=204795"},{"taxonomy":"product_tag","embeddable":true,"href":"https:\/\/aromasentia.com\/no\/wp-json\/wp\/v2\/product_tag?post=204795"}],"curies":[{"name":"wp","href":"https:\/\/api.w.org\/{rel}","templated":true}]}}