{"id":204792,"date":"2025-03-23T10:30:09","date_gmt":"2025-03-23T10:30:09","guid":{"rendered":"https:\/\/aromasentia.com\/product\/15g-golden-nag-amazon-resin-breuzinho\/"},"modified":"2025-05-31T01:10:27","modified_gmt":"2025-05-31T01:10:27","slug":"15g-golden-nag-rokelse-amazonas-harpiks-breuzinho","status":"publish","type":"product","link":"https:\/\/aromasentia.com\/no\/15g-golden-nag-rokelse-amazonas-harpiks-breuzinho\/","title":{"rendered":"15G Golden Nag R\u00f8kelse &#8211; Amazonas Harpiks (Breuzinho)"},"content":{"rendered":"<p>Opplev den unike og jordn\u00e6re duften av Golden Nag Amazon Resin (Breuzinho) Incense i denne 15-gramspakken. Denne  Harpiksholdige r\u00f8kelsen kommer fra Amazonas og gir en jordn\u00e6r og lett s\u00f8tlig duft.<\/p>\n","protected":false},"excerpt":{"rendered":"<p>Opplev den unike og jordn\u00e6re duften av Golden Nag Amazon Resin (Breuzinho) Incense i denne 15-gramspakken. Denne Harpiksholdige r\u00f8kelsen kommer fra Amazonas og gir en jordn\u00e6r og lett s\u00f8tlig duft.<\/p>\n","protected":false},"featured_media":401169,"comment_status":"closed","ping_status":"open","template":"","meta":{"_angie_page":false},"product_brand":[27155],"product_cat":[8767,8747],"product_tag":[],"class_list":{"0":"post-204792","1":"product","2":"type-product","3":"status-publish","4":"has-post-thumbnail","6":"product_brand-vijayshree","7":"product_cat-harpiks-og-resinrokelse","8":"product_cat-rokelse-og-rokelsesholdere","9":"pa_collection-golden-nag-no","10":"pa_made-in-india","12":"first","13":"instock","14":"purchasable","15":"product-type-simple"},"supplier_id":null,"supplier_sku":"GoldNCi-16","barcode":null,"atum_controlled":true,"out_stock_date":null,"out_stock_threshold":null,"inheritable":false,"inbound_stock":null,"stock_on_hold":0,"sold_today":0,"sales_last_days":0,"reserved_stock":null,"customer_returns":null,"warehouse_damage":null,"lost_in_post":null,"other_logs":null,"out_stock_days":0,"lost_sales":0,"has_location":null,"update_date":"2026-05-04T00:03:55","atum_locations":[],"atum_stock_status":"instock","restock_status":false,"low_stock_amount":"","sales_update_date":"2025-09-03T00:20:00","calc_backorders":null,"_links":{"self":[{"href":"https:\/\/aromasentia.com\/no\/wp-json\/wp\/v2\/product\/204792","targetHints":{"allow":["GET"]}}],"collection":[{"href":"https:\/\/aromasentia.com\/no\/wp-json\/wp\/v2\/product"}],"about":[{"href":"https:\/\/aromasentia.com\/no\/wp-json\/wp\/v2\/types\/product"}],"replies":[{"embeddable":true,"href":"https:\/\/aromasentia.com\/no\/wp-json\/wp\/v2\/comments?post=204792"}],"version-history":[{"count":0,"href":"https:\/\/aromasentia.com\/no\/wp-json\/wp\/v2\/product\/204792\/revisions"}],"wp:featuredmedia":[{"embeddable":true,"href":"https:\/\/aromasentia.com\/no\/wp-json\/wp\/v2\/media\/401169"}],"wp:attachment":[{"href":"https:\/\/aromasentia.com\/no\/wp-json\/wp\/v2\/media?parent=204792"}],"wp:term":[{"taxonomy":"product_brand","embeddable":true,"href":"https:\/\/aromasentia.com\/no\/wp-json\/wp\/v2\/product_brand?post=204792"},{"taxonomy":"product_cat","embeddable":true,"href":"https:\/\/aromasentia.com\/no\/wp-json\/wp\/v2\/product_cat?post=204792"},{"taxonomy":"product_tag","embeddable":true,"href":"https:\/\/aromasentia.com\/no\/wp-json\/wp\/v2\/product_tag?post=204792"}],"curies":[{"name":"wp","href":"https:\/\/api.w.org\/{rel}","templated":true}]}}