{"id":204776,"date":"2025-03-23T10:30:09","date_gmt":"2025-03-23T10:30:09","guid":{"rendered":"https:\/\/aromasentia.com\/product\/red-dragon-incense-jasmine\/"},"modified":"2025-05-31T01:09:21","modified_gmt":"2025-05-31T01:09:21","slug":"red-dragon-incense-jasmine","status":"publish","type":"product","link":"https:\/\/aromasentia.com\/no\/red-dragon-incense-jasmine\/","title":{"rendered":"Red Dragon Incense &#8211; Jasmine"},"content":{"rendered":"<p>Den s\u00f8tluktende Jasmine Red Dragon-r\u00f8kelsen forbedrer hum\u00f8ret og overvinner stress. Bekjemper ogs\u00e5 depresjon, angst og s\u00f8vnl\u00f8shet.<\/p>\n<ul>\n<li>Brennetid: 1,5 timer (ca.).<\/li>\n<li>18 pinner\/pakke<\/li>\n<li>St\u00f8rrelse: ca. 32 cm lang og 0,5 cm tykk.<\/li>\n<\/ul>\n","protected":false},"excerpt":{"rendered":"<p>Den s\u00f8tluktende Jasmine Red Dragon-r\u00f8kelsen forbedrer hum\u00f8ret og overvinner stress. Bekjemper ogs\u00e5 depresjon, angst og s\u00f8vnl\u00f8shet. Brennetid: 1,5 timer (ca.). 18 pinner\/pakke St\u00f8rrelse: ca. 32 cm lang og 0,5 cm tykk.<\/p>\n","protected":false},"featured_media":401009,"comment_status":"closed","ping_status":"open","template":"","meta":[],"product_brand":[],"product_cat":[26834,25843,26222,8747],"product_tag":[],"class_list":{"0":"post-204776","1":"product","2":"type-product","3":"status-publish","4":"has-post-thumbnail","6":"product_cat-blomster","7":"product_cat-dufter-aromaer","8":"product_cat-jasmin","9":"product_cat-rokelse-og-rokelsesholdere","10":"pa_made-in-india","12":"first","13":"instock","14":"purchasable","15":"product-type-simple"},"supplier_id":null,"supplier_sku":"GDI-08","barcode":null,"atum_controlled":true,"out_stock_date":null,"out_stock_threshold":null,"inheritable":false,"inbound_stock":null,"stock_on_hold":0,"sold_today":0,"sales_last_days":0,"reserved_stock":null,"customer_returns":null,"warehouse_damage":null,"lost_in_post":null,"other_logs":null,"out_stock_days":0,"lost_sales":0,"has_location":null,"update_date":"2026-02-12T05:44:40","atum_locations":[],"atum_stock_status":"instock","restock_status":false,"low_stock_amount":"","sales_update_date":"2025-09-03T00:19:56","calc_backorders":null,"_links":{"self":[{"href":"https:\/\/aromasentia.com\/no\/wp-json\/wp\/v2\/product\/204776","targetHints":{"allow":["GET"]}}],"collection":[{"href":"https:\/\/aromasentia.com\/no\/wp-json\/wp\/v2\/product"}],"about":[{"href":"https:\/\/aromasentia.com\/no\/wp-json\/wp\/v2\/types\/product"}],"replies":[{"embeddable":true,"href":"https:\/\/aromasentia.com\/no\/wp-json\/wp\/v2\/comments?post=204776"}],"version-history":[{"count":0,"href":"https:\/\/aromasentia.com\/no\/wp-json\/wp\/v2\/product\/204776\/revisions"}],"wp:featuredmedia":[{"embeddable":true,"href":"https:\/\/aromasentia.com\/no\/wp-json\/wp\/v2\/media\/401009"}],"wp:attachment":[{"href":"https:\/\/aromasentia.com\/no\/wp-json\/wp\/v2\/media?parent=204776"}],"wp:term":[{"taxonomy":"product_brand","embeddable":true,"href":"https:\/\/aromasentia.com\/no\/wp-json\/wp\/v2\/product_brand?post=204776"},{"taxonomy":"product_cat","embeddable":true,"href":"https:\/\/aromasentia.com\/no\/wp-json\/wp\/v2\/product_cat?post=204776"},{"taxonomy":"product_tag","embeddable":true,"href":"https:\/\/aromasentia.com\/no\/wp-json\/wp\/v2\/product_tag?post=204776"}],"curies":[{"name":"wp","href":"https:\/\/api.w.org\/{rel}","templated":true}]}}