{"id":204767,"date":"2025-03-23T10:30:09","date_gmt":"2025-03-23T10:30:09","guid":{"rendered":"https:\/\/aromasentia.com\/product\/white-sage-dhoop-cones\/"},"modified":"2025-05-31T01:08:58","modified_gmt":"2025-05-31T01:08:58","slug":"hvit-salvie-dhoop-rokelseskjegler","status":"publish","type":"product","link":"https:\/\/aromasentia.com\/no\/hvit-salvie-dhoop-rokelseskjegler\/","title":{"rendered":"Hvit Salvie Dhoop R\u00f8kelseskjegler"},"content":{"rendered":"<p>Rens og rens rommet ditt med den hellige duften av White Sage Dhoop Cones. Disse kjeglene frigj\u00f8r en kraftig og urteaktig duft som tradisjonelt brukes til rensing, og bidrar til \u00e5 fjerne negativ energi og fremme en f\u00f8lelse av fred og velv\u00e6re.<\/p>\n","protected":false},"excerpt":{"rendered":"<p>Rens og rens rommet ditt med den hellige duften av White Sage Dhoop Cones. Disse kjeglene frigj\u00f8r en kraftig og urteaktig duft som tradisjonelt brukes til rensing, og bidrar til \u00e5 fjerne negativ energi og fremme en f\u00f8lelse av fred og velv\u00e6re.<\/p>\n","protected":false},"featured_media":400872,"comment_status":"closed","ping_status":"open","template":"","meta":{"_angie_page":false},"product_brand":[],"product_cat":[25843,26493,8747,8758,26862],"product_tag":[],"class_list":{"0":"post-204767","1":"product","2":"type-product","3":"status-publish","4":"has-post-thumbnail","6":"product_cat-dufter-aromaer","7":"product_cat-hvit-salvie","8":"product_cat-rokelse-og-rokelsesholdere","9":"product_cat-rokelsespinner","10":"product_cat-urte-aromatisk","11":"pa_collection-nag-champa-incense-no","12":"pa_made-in-india","14":"first","15":"instock","16":"purchasable","17":"product-type-simple"},"supplier_id":null,"supplier_sku":"EID-62","barcode":null,"atum_controlled":true,"out_stock_date":null,"out_stock_threshold":null,"inheritable":false,"inbound_stock":null,"stock_on_hold":0,"sold_today":0,"sales_last_days":0,"reserved_stock":null,"customer_returns":null,"warehouse_damage":null,"lost_in_post":null,"other_logs":null,"out_stock_days":0,"lost_sales":0,"has_location":null,"update_date":"2026-05-08T05:07:21","atum_locations":[],"atum_stock_status":"instock","restock_status":false,"low_stock_amount":"","sales_update_date":"2025-10-09T03:29:36","calc_backorders":null,"_links":{"self":[{"href":"https:\/\/aromasentia.com\/no\/wp-json\/wp\/v2\/product\/204767","targetHints":{"allow":["GET"]}}],"collection":[{"href":"https:\/\/aromasentia.com\/no\/wp-json\/wp\/v2\/product"}],"about":[{"href":"https:\/\/aromasentia.com\/no\/wp-json\/wp\/v2\/types\/product"}],"replies":[{"embeddable":true,"href":"https:\/\/aromasentia.com\/no\/wp-json\/wp\/v2\/comments?post=204767"}],"version-history":[{"count":0,"href":"https:\/\/aromasentia.com\/no\/wp-json\/wp\/v2\/product\/204767\/revisions"}],"wp:featuredmedia":[{"embeddable":true,"href":"https:\/\/aromasentia.com\/no\/wp-json\/wp\/v2\/media\/400872"}],"wp:attachment":[{"href":"https:\/\/aromasentia.com\/no\/wp-json\/wp\/v2\/media?parent=204767"}],"wp:term":[{"taxonomy":"product_brand","embeddable":true,"href":"https:\/\/aromasentia.com\/no\/wp-json\/wp\/v2\/product_brand?post=204767"},{"taxonomy":"product_cat","embeddable":true,"href":"https:\/\/aromasentia.com\/no\/wp-json\/wp\/v2\/product_cat?post=204767"},{"taxonomy":"product_tag","embeddable":true,"href":"https:\/\/aromasentia.com\/no\/wp-json\/wp\/v2\/product_tag?post=204767"}],"curies":[{"name":"wp","href":"https:\/\/api.w.org\/{rel}","templated":true}]}}