{"id":204731,"date":"2025-03-23T10:30:18","date_gmt":"2025-03-23T10:30:18","guid":{"rendered":"https:\/\/aromasentia.com\/product\/incense-powder-mould-set-black\/"},"modified":"2025-05-31T01:06:25","modified_gmt":"2025-05-31T01:06:25","slug":"rokelsespulver-form-sett-svart","status":"publish","type":"product","link":"https:\/\/aromasentia.com\/no\/rokelsespulver-form-sett-svart\/","title":{"rendered":"R\u00f8kelsespulver Form Sett &#8211; Svart"},"content":{"rendered":"<h1><strong>Grosshandel r\u00f8kelsespulverformsett svart.<\/strong><\/h1>\n<p>Dette settet med tre pyramider er laget med presisjon av h\u00e5ndverkere p\u00e5 Bali, og tilbyr uovertruffen allsidighet i r\u00f8kelsesst\u00f8rrelse.&nbsp;<\/p>\n<p>Uavhengig av om du er ute etter et utbrudd av duft eller en langvarig aroma, leverer v\u00e5rt formsett. Bare fyll pyramideformen med din foretrukne r\u00f8kelsespulverblanding, trykk den godt sammen, og se hvordan en vakker, sammenhengende pyramide blir til, klar til \u00e5 brennes.&nbsp;<\/p>\n<p>Hver eske inneholder 12 sett med r\u00f8kelsespulverformer, perfekt for sammenkobling med v\u00e5re <a href=\"https:\/\/aromasentia.com\/hip\"><strong>Healing Incense Powders<\/strong><\/a> og <a href=\"https:\/\/aromasentia.com\/hipp\"><strong>Healing Incense plate<\/strong><\/a><strong>&nbsp;<\/strong>(se nedenfor). Forbedre din rituelle opplevelse og utforsk ogs\u00e5 v\u00e5re Healing Incense Plates.&nbsp;<\/p>\n<p><strong>Fleksibel, vakkert designet og enkel \u00e5 bruke.&nbsp;<\/strong><\/p>\n<p><strong>Bulkbesparelser: Hver eske inneholder 12 sett med r\u00f8kelsespulverformer<\/strong><\/p>\n<p><strong>Bestill n\u00e5 og frigj\u00f8r kraften i duftende kreativitet.<\/strong><\/p>\n<p><strong>St\u00f8rrelser:<\/strong><\/p>\n<p>Store former: H\u00f8yde 7,2 cm x Bredde 6 cm<\/p>\n<p>Mellomstor form: H\u00f8yde 6,5 cm x Bredde 5,4 cm<\/p>\n<p>Liten form: H\u00f8yde 4,8 cm x Bredde 4 cm<\/p>\n","protected":false},"excerpt":{"rendered":"<p>Grosshandel r\u00f8kelsespulverformsett svart. Dette settet med tre pyramider er laget med presisjon av h\u00e5ndverkere p\u00e5 Bali, og tilbyr uovertruffen allsidighet i r\u00f8kelsesst\u00f8rrelse.&nbsp; Uavhengig av om du er ute etter et utbrudd av duft eller en langvarig aroma, leverer v\u00e5rt formsett. Bare fyll pyramideformen med din foretrukne r\u00f8kelsespulverblanding, trykk den godt sammen, og se hvordan en [&hellip;]<\/p>\n","protected":false},"featured_media":401962,"comment_status":"closed","ping_status":"open","template":"","meta":{"_angie_page":false},"product_brand":[],"product_cat":[8747,8964],"product_tag":[],"class_list":{"0":"post-204731","1":"product","2":"type-product","3":"status-publish","4":"has-post-thumbnail","6":"product_cat-rokelse-og-rokelsesholdere","7":"product_cat-rokelsepulver","8":"pa_collection-incense-powder-mould-set-no","9":"pa_made-in-indonesia","11":"first","12":"instock","13":"purchasable","14":"product-type-simple"},"supplier_id":null,"supplier_sku":"IPM-03","barcode":null,"atum_controlled":true,"out_stock_date":null,"out_stock_threshold":null,"inheritable":false,"inbound_stock":null,"stock_on_hold":0,"sold_today":0,"sales_last_days":0,"reserved_stock":null,"customer_returns":null,"warehouse_damage":null,"lost_in_post":null,"other_logs":null,"out_stock_days":0,"lost_sales":0,"has_location":null,"update_date":"2026-04-27T07:09:00","atum_locations":[],"atum_stock_status":"instock","restock_status":false,"low_stock_amount":"","sales_update_date":"2026-01-30T01:26:03","calc_backorders":null,"_links":{"self":[{"href":"https:\/\/aromasentia.com\/no\/wp-json\/wp\/v2\/product\/204731","targetHints":{"allow":["GET"]}}],"collection":[{"href":"https:\/\/aromasentia.com\/no\/wp-json\/wp\/v2\/product"}],"about":[{"href":"https:\/\/aromasentia.com\/no\/wp-json\/wp\/v2\/types\/product"}],"replies":[{"embeddable":true,"href":"https:\/\/aromasentia.com\/no\/wp-json\/wp\/v2\/comments?post=204731"}],"version-history":[{"count":0,"href":"https:\/\/aromasentia.com\/no\/wp-json\/wp\/v2\/product\/204731\/revisions"}],"wp:featuredmedia":[{"embeddable":true,"href":"https:\/\/aromasentia.com\/no\/wp-json\/wp\/v2\/media\/401962"}],"wp:attachment":[{"href":"https:\/\/aromasentia.com\/no\/wp-json\/wp\/v2\/media?parent=204731"}],"wp:term":[{"taxonomy":"product_brand","embeddable":true,"href":"https:\/\/aromasentia.com\/no\/wp-json\/wp\/v2\/product_brand?post=204731"},{"taxonomy":"product_cat","embeddable":true,"href":"https:\/\/aromasentia.com\/no\/wp-json\/wp\/v2\/product_cat?post=204731"},{"taxonomy":"product_tag","embeddable":true,"href":"https:\/\/aromasentia.com\/no\/wp-json\/wp\/v2\/product_tag?post=204731"}],"curies":[{"name":"wp","href":"https:\/\/api.w.org\/{rel}","templated":true}]}}