{"id":204727,"date":"2025-03-23T10:30:18","date_gmt":"2025-03-23T10:30:18","guid":{"rendered":"https:\/\/aromasentia.com\/product\/himalayan-sughandit-dhoop-incesne-gift-set-cedarwood\/"},"modified":"2025-05-31T01:06:09","modified_gmt":"2025-05-31T01:06:09","slug":"himalaya-sughandit-dhoop-rokelse-gavesett-cedertre","status":"publish","type":"product","link":"https:\/\/aromasentia.com\/no\/himalaya-sughandit-dhoop-rokelse-gavesett-cedertre\/","title":{"rendered":"Himalaya Sughandit Dhoop R\u00f8kelse Gavesett &#8211; Cedertre"},"content":{"rendered":"<p><span style=\"color: rgb(75, 80, 88);\">L\u00f8ft stemningen i rommet ditt med fengslende <strong>Sughandit Dhoop r\u00f8kelsesgavesett<\/strong>. Vi er stolte av \u00e5 importere disse r\u00f8kelsespinnene rett fra Nepal, hvor de er h\u00e5ndlaget med omhu og pakket med omhu.<\/span><\/p>\n<p><span style=\"color: rgb(75, 80, 88);\">Disse r\u00f8kelsespinnene er en blanding av<strong>naturens fineste ingredienser<\/strong>. Hvert av v\u00e5re Himalaya Sughandit Dhoop r\u00f8kelsessett kommer i en sjarmerende eske. <strong>Inne i hver eske finner du en r\u00f8kelsesholder i tre, 30 duftende r\u00f8kelsespinner og en forklarende tekst.<\/strong><\/span><\/p>\n<p><span style=\"color: rgb(75, 80, 88);\"><strong>Sedertrer\u00f8kelse<\/strong> er laget av sedertreveden. <strong>Den t\u00f8rkes, og deretter h\u00f8vles eller males til pulver og blandes med andre ingredienser, som harpiks, urter eller blomster.<\/strong><strong>Den brukes ofte i meditasjon og b\u00f8nn, og antas \u00e5 ha en beroligende effekt p\u00e5 sinn og kropp.<\/strong><\/span><\/p>\n<p><span style=\"color: rgb(75, 80, 88);\">R\u00f8kelse av sedertre brukes ogs\u00e5 i ritualer og seremonier, og antas \u00e5 rense luften og rommene. I tillegg brukes den som et naturlig insektmiddel og m\u00f8llavvisende middel.<\/span><\/p>\n","protected":false},"excerpt":{"rendered":"<p>L\u00f8ft stemningen i rommet ditt med fengslende Sughandit Dhoop r\u00f8kelsesgavesett. Vi er stolte av \u00e5 importere disse r\u00f8kelsespinnene rett fra Nepal, hvor de er h\u00e5ndlaget med omhu og pakket med omhu. Disse r\u00f8kelsespinnene er en blanding avnaturens fineste ingredienser. Hvert av v\u00e5re Himalaya Sughandit Dhoop r\u00f8kelsessett kommer i en sjarmerende eske. Inne i hver eske [&hellip;]<\/p>\n","protected":false},"featured_media":401830,"comment_status":"closed","ping_status":"open","template":"","meta":{"_angie_page":false},"product_brand":[],"product_cat":[25843,8747,8758,26121,26897],"product_tag":[],"class_list":{"0":"post-204727","1":"product","2":"type-product","3":"status-publish","4":"has-post-thumbnail","6":"product_cat-dufter-aromaer","7":"product_cat-rokelse-og-rokelsesholdere","8":"product_cat-rokelsespinner","9":"product_cat-seder","10":"product_cat-treaktig","11":"pa_collection-sughandit-dhoop-incense-gift-set-no","12":"pa_made-in-nepal","14":"first","15":"instock","16":"purchasable","17":"product-type-simple"},"supplier_id":null,"supplier_sku":"HSDI-06","barcode":null,"atum_controlled":true,"out_stock_date":null,"out_stock_threshold":null,"inheritable":false,"inbound_stock":null,"stock_on_hold":0,"sold_today":0,"sales_last_days":0,"reserved_stock":null,"customer_returns":null,"warehouse_damage":null,"lost_in_post":null,"other_logs":null,"out_stock_days":0,"lost_sales":0,"has_location":null,"update_date":"2026-04-27T07:08:12","atum_locations":[],"atum_stock_status":"instock","restock_status":false,"low_stock_amount":"","sales_update_date":"2025-09-03T00:19:46","calc_backorders":null,"_links":{"self":[{"href":"https:\/\/aromasentia.com\/no\/wp-json\/wp\/v2\/product\/204727","targetHints":{"allow":["GET"]}}],"collection":[{"href":"https:\/\/aromasentia.com\/no\/wp-json\/wp\/v2\/product"}],"about":[{"href":"https:\/\/aromasentia.com\/no\/wp-json\/wp\/v2\/types\/product"}],"replies":[{"embeddable":true,"href":"https:\/\/aromasentia.com\/no\/wp-json\/wp\/v2\/comments?post=204727"}],"version-history":[{"count":0,"href":"https:\/\/aromasentia.com\/no\/wp-json\/wp\/v2\/product\/204727\/revisions"}],"wp:featuredmedia":[{"embeddable":true,"href":"https:\/\/aromasentia.com\/no\/wp-json\/wp\/v2\/media\/401830"}],"wp:attachment":[{"href":"https:\/\/aromasentia.com\/no\/wp-json\/wp\/v2\/media?parent=204727"}],"wp:term":[{"taxonomy":"product_brand","embeddable":true,"href":"https:\/\/aromasentia.com\/no\/wp-json\/wp\/v2\/product_brand?post=204727"},{"taxonomy":"product_cat","embeddable":true,"href":"https:\/\/aromasentia.com\/no\/wp-json\/wp\/v2\/product_cat?post=204727"},{"taxonomy":"product_tag","embeddable":true,"href":"https:\/\/aromasentia.com\/no\/wp-json\/wp\/v2\/product_tag?post=204727"}],"curies":[{"name":"wp","href":"https:\/\/api.w.org\/{rel}","templated":true}]}}