{"id":204718,"date":"2025-03-23T10:30:18","date_gmt":"2025-03-23T10:30:18","guid":{"rendered":"https:\/\/aromasentia.com\/product\/healing-incense-powder-holy-basil-100gm\/"},"modified":"2025-05-31T01:05:37","modified_gmt":"2025-05-31T01:05:37","slug":"healing-rokelsepulver-hellig-basilikum-100gm","status":"publish","type":"product","link":"https:\/\/aromasentia.com\/no\/healing-rokelsepulver-hellig-basilikum-100gm\/","title":{"rendered":"Healing R\u00f8kelsepulver &#8211; Hellig Basilikum 100Gm"},"content":{"rendered":"<h1><strong>Grosshandel med helbredende r\u00f8kelsespulver<\/strong><\/h1>\n<p>Oppdag guddommelig ro med v\u00e5rt <strong>Holy Basil r\u00f8kelsespulver<\/strong>. La den hellige essensen rense rommet ditt og l\u00f8fte sjelen din, n\u00f8ye utvalgte blandinger av aromatiske ingredienser fremmer velv\u00e6re og balanse.&nbsp;<\/p>\n<p>Preparer en varmebestandig r\u00f8kelsesbrenner eller en dertil egnet holder, fyll formen med r\u00f8kelsespulver, og ta det forsiktig ut for \u00e5 plassere det p\u00e5 platen. Tenn p\u00e5 pulveret, la det ta fyr en kort stund, og bl\u00e5s det deretter ut, slik at den aromatiske r\u00f8yken fyller rommet ditt. Du vil kanskje ogs\u00e5 like&nbsp;<\/p>\n<p><a href=\"https:\/\/aromasentia.com\/ipm\"><strong>R\u00f8kelsespulverform<\/strong>&nbsp;<\/a>Sett og <a href=\"https:\/\/aromasentia.com\/hipp\"><strong>Healing Incense Plate.<\/strong><\/a><\/a><\/p>\n<p>Laget med en blanding av Kayu-pulver og over tretti naturlige urter og lokale aromastoffer etter en oppskrift som har g\u00e5tt i arv og blitt raffinert gjennom generasjoner. Hver batch med r\u00f8kelse er tilberedt blandet og * blandet f\u00f8rst etter \u00e5 ha gjort seremonielle. ofringer til gudene.&nbsp;<\/p>\n<p><strong>Begynn roen og l\u00f8ft din holistiske velv\u00e6repraksis med v\u00e5re &nbsp;Healing Incense Powders. Bestill n\u00e5<\/strong><\/p><\/p>\n","protected":false},"excerpt":{"rendered":"<p>Grosshandel med helbredende r\u00f8kelsespulver Oppdag guddommelig ro med v\u00e5rt Holy Basil r\u00f8kelsespulver. La den hellige essensen rense rommet ditt og l\u00f8fte sjelen din, n\u00f8ye utvalgte blandinger av aromatiske ingredienser fremmer velv\u00e6re og balanse.&nbsp; Preparer en varmebestandig r\u00f8kelsesbrenner eller en dertil egnet holder, fyll formen med r\u00f8kelsespulver, og ta det forsiktig ut for \u00e5 plassere det [&hellip;]<\/p>\n","protected":false},"featured_media":401469,"comment_status":"closed","ping_status":"open","template":"","meta":{"_angie_page":false},"product_brand":[],"product_cat":[26082,25843,8747,8964,26862],"product_tag":[],"class_list":{"0":"post-204718","1":"product","2":"type-product","3":"status-publish","4":"has-post-thumbnail","6":"product_cat-basilikum","7":"product_cat-dufter-aromaer","8":"product_cat-rokelse-og-rokelsesholdere","9":"product_cat-rokelsepulver","10":"product_cat-urte-aromatisk","11":"pa_collection-healing-incense-powder-no","12":"pa_made-in-indonesia","13":"pa_size-100g","15":"first","16":"instock","17":"purchasable","18":"product-type-simple"},"supplier_id":null,"supplier_sku":"HIP-12","barcode":null,"atum_controlled":true,"out_stock_date":null,"out_stock_threshold":null,"inheritable":false,"inbound_stock":null,"stock_on_hold":0,"sold_today":0,"sales_last_days":0,"reserved_stock":null,"customer_returns":null,"warehouse_damage":null,"lost_in_post":null,"other_logs":null,"out_stock_days":0,"lost_sales":0,"has_location":null,"update_date":"2026-04-27T07:07:33","atum_locations":[],"atum_stock_status":"instock","restock_status":false,"low_stock_amount":"","sales_update_date":"2025-09-03T00:19:44","calc_backorders":null,"_links":{"self":[{"href":"https:\/\/aromasentia.com\/no\/wp-json\/wp\/v2\/product\/204718","targetHints":{"allow":["GET"]}}],"collection":[{"href":"https:\/\/aromasentia.com\/no\/wp-json\/wp\/v2\/product"}],"about":[{"href":"https:\/\/aromasentia.com\/no\/wp-json\/wp\/v2\/types\/product"}],"replies":[{"embeddable":true,"href":"https:\/\/aromasentia.com\/no\/wp-json\/wp\/v2\/comments?post=204718"}],"version-history":[{"count":0,"href":"https:\/\/aromasentia.com\/no\/wp-json\/wp\/v2\/product\/204718\/revisions"}],"wp:featuredmedia":[{"embeddable":true,"href":"https:\/\/aromasentia.com\/no\/wp-json\/wp\/v2\/media\/401469"}],"wp:attachment":[{"href":"https:\/\/aromasentia.com\/no\/wp-json\/wp\/v2\/media?parent=204718"}],"wp:term":[{"taxonomy":"product_brand","embeddable":true,"href":"https:\/\/aromasentia.com\/no\/wp-json\/wp\/v2\/product_brand?post=204718"},{"taxonomy":"product_cat","embeddable":true,"href":"https:\/\/aromasentia.com\/no\/wp-json\/wp\/v2\/product_cat?post=204718"},{"taxonomy":"product_tag","embeddable":true,"href":"https:\/\/aromasentia.com\/no\/wp-json\/wp\/v2\/product_tag?post=204718"}],"curies":[{"name":"wp","href":"https:\/\/api.w.org\/{rel}","templated":true}]}}