{"id":204714,"date":"2025-03-23T10:30:18","date_gmt":"2025-03-23T10:30:18","guid":{"rendered":"https:\/\/aromasentia.com\/product\/healing-incense-powder-nutmeg-100gm\/"},"modified":"2025-05-31T01:05:25","modified_gmt":"2025-05-31T01:05:25","slug":"healing-rokelsepulver-muskatnott-100gm","status":"publish","type":"product","link":"https:\/\/aromasentia.com\/no\/healing-rokelsepulver-muskatnott-100gm\/","title":{"rendered":"Healing R\u00f8kelsepulver &#8211; Muskatn\u00f8tt 100Gm"},"content":{"rendered":"<h1><strong>Grosshandel med helbredende r\u00f8kelsespulver <\/strong><\/h1>\n<p><strong> Uts\u00f8kt aroma av muskatn\u00f8tt i et velduftende r\u00f8kelsespulver <\/strong>Perfekt for \u00e5 berolige sansene og skape en rolig atmosf\u00e6re, og n\u00f8ye utvalgte blandinger av aromatiske ingredienser fremmer velv\u00e6re og balanse.Gj\u00f8r klar en varmebestandig r\u00f8kelsesbrenner eller en dertil egnet holder, fyll formen med r\u00f8kelsespulver og ta den forsiktig ut for \u00e5 plassere den p\u00e5 platen. Tenn p\u00e5 pulveret, la det ta fyr en kort stund, og bl\u00e5s det deretter ut, slik at den aromatiske r\u00f8yken fyller rommet ditt. Du vil kanskje ogs\u00e5 like&nbsp;&nbsp;<\/p>\n<p><a class=\"fr-gr\u00f8nn\" href=\"https:\/\/aromasentia.com\/ipm\"><strong>R\u00f8kelsespulverformsett<\/strong><\/a><strong>&nbsp;<\/strong>og <a class=\"fr-gr\u00f8nn\" href=\"https:\/\/aromasentia.com\/hipp\"><strong>Healing Incense Plate.<\/strong><\/a><\/a><\/p>\n<p>Lages med en blanding av Kayu-pulver og over tretti naturlige urter og lokale aromastoffer etter en oppskrift som har g\u00e5tt i arv og blitt raffinert gjennom generasjoner. Hver batch med r\u00f8kelse er tilberedt blandet og * blandet f\u00f8rst etter \u00e5 ha gjort seremonielle. ofringer til gudene.&nbsp;<\/p>\n<p><strong>Begynn roen og l\u00f8ft din holistiske velv\u00e6repraksis med v\u00e5re &nbsp;Healing Incense Powders. Bestill n\u00e5<\/strong><\/p><\/p>\n","protected":false},"excerpt":{"rendered":"<p>Grosshandel med helbredende r\u00f8kelsespulver Uts\u00f8kt aroma av muskatn\u00f8tt i et velduftende r\u00f8kelsespulver Perfekt for \u00e5 berolige sansene og skape en rolig atmosf\u00e6re, og n\u00f8ye utvalgte blandinger av aromatiske ingredienser fremmer velv\u00e6re og balanse.Gj\u00f8r klar en varmebestandig r\u00f8kelsesbrenner eller en dertil egnet holder, fyll formen med r\u00f8kelsespulver og ta den forsiktig ut for \u00e5 plassere den [&hellip;]<\/p>\n","protected":false},"featured_media":401401,"comment_status":"closed","ping_status":"open","template":"","meta":{"_angie_page":false},"product_brand":[],"product_cat":[25843,26890,26304,8747,8964],"product_tag":[],"class_list":{"0":"post-204714","1":"product","2":"type-product","3":"status-publish","4":"has-post-thumbnail","6":"product_cat-dufter-aromaer","7":"product_cat-krydret","8":"product_cat-muskatnott","9":"product_cat-rokelse-og-rokelsesholdere","10":"product_cat-rokelsepulver","11":"pa_collection-healing-incense-powder-no","12":"pa_made-in-indonesia","13":"pa_size-100g","15":"first","16":"instock","17":"purchasable","18":"product-type-simple"},"supplier_id":null,"supplier_sku":"HIP-07","barcode":null,"atum_controlled":true,"out_stock_date":null,"out_stock_threshold":null,"inheritable":false,"inbound_stock":null,"stock_on_hold":0,"sold_today":0,"sales_last_days":0,"reserved_stock":null,"customer_returns":null,"warehouse_damage":null,"lost_in_post":null,"other_logs":null,"out_stock_days":0,"lost_sales":0,"has_location":null,"update_date":"2026-04-29T13:02:36","atum_locations":[],"atum_stock_status":"instock","restock_status":false,"low_stock_amount":"","sales_update_date":"2025-09-03T00:19:43","calc_backorders":null,"_links":{"self":[{"href":"https:\/\/aromasentia.com\/no\/wp-json\/wp\/v2\/product\/204714","targetHints":{"allow":["GET"]}}],"collection":[{"href":"https:\/\/aromasentia.com\/no\/wp-json\/wp\/v2\/product"}],"about":[{"href":"https:\/\/aromasentia.com\/no\/wp-json\/wp\/v2\/types\/product"}],"replies":[{"embeddable":true,"href":"https:\/\/aromasentia.com\/no\/wp-json\/wp\/v2\/comments?post=204714"}],"version-history":[{"count":0,"href":"https:\/\/aromasentia.com\/no\/wp-json\/wp\/v2\/product\/204714\/revisions"}],"wp:featuredmedia":[{"embeddable":true,"href":"https:\/\/aromasentia.com\/no\/wp-json\/wp\/v2\/media\/401401"}],"wp:attachment":[{"href":"https:\/\/aromasentia.com\/no\/wp-json\/wp\/v2\/media?parent=204714"}],"wp:term":[{"taxonomy":"product_brand","embeddable":true,"href":"https:\/\/aromasentia.com\/no\/wp-json\/wp\/v2\/product_brand?post=204714"},{"taxonomy":"product_cat","embeddable":true,"href":"https:\/\/aromasentia.com\/no\/wp-json\/wp\/v2\/product_cat?post=204714"},{"taxonomy":"product_tag","embeddable":true,"href":"https:\/\/aromasentia.com\/no\/wp-json\/wp\/v2\/product_tag?post=204714"}],"curies":[{"name":"wp","href":"https:\/\/api.w.org\/{rel}","templated":true}]}}