{"id":204668,"date":"2025-03-23T10:30:27","date_gmt":"2025-03-23T10:30:27","guid":{"rendered":"https:\/\/aromasentia.com\/product\/satya-incense-sticks-15g-himalayan-jasmine\/"},"modified":"2025-05-31T01:02:30","modified_gmt":"2025-05-31T01:02:30","slug":"satya-rokelsespinner-15g-himalaya-jasmine","status":"publish","type":"product","link":"https:\/\/aromasentia.com\/no\/satya-rokelsespinner-15g-himalaya-jasmine\/","title":{"rendered":"Satya R\u00f8kelsespinner 15G &#8211; Himalaya Jasmine"},"content":{"rendered":"<p><span style=\"color: rgb(75, 80, 88);\">Bare tenn en Satya-r\u00f8kelsespinne og vent p\u00e5 at hjemmet ditt skal forvandles med disse lyse og energigivende aromaene. Disse <strong>Satya-r\u00f8kelsespinnene<\/strong> er h\u00e5ndrullet i India med rene ekstrakter og de fineste duftoljene. La denne aromaen fylle hjemmet eller butikken din og skap en fantastisk atmosf\u00e6re.<\/span><\/p>\n<p><span style=\"color: rgb(75, 80, 88);\">Det er enkelt \u00e5 bruke r\u00f8kelsespinner. Bare tenn enden og vent p\u00e5 at den skal gl\u00f8de og bl\u00e5se ut flammen. Plasser den deretter i en r\u00f8kelsesholder og nyt den fantastiske duften som produseres.<\/span><\/p>\n<p><span style=\"color: rgb(75, 80, 88);\">Satya r\u00f8kelsespinner<\/span><\/p>\n<p><span style=\"color: rgb(75, 80, 88);\">&#8211; Inneholder 15 g r\u00f8kelse (ca. 15 pinner)<\/span><\/p>\n<p><span style=\"color: rgb(75, 80, 88);\">&#8211; Resirkulerbar emballasje<\/span><\/p>\n<p><span style=\"color: rgb(75, 80, 88);\">&#8211; Bruk med en r\u00f8kelsesholder for best resultat<\/span><\/p>\n<p><span style=\"color: rgb(75, 80, 88);\">&#8211; Pinnens brennetid: Ca. 30 min<\/span><\/p>\n<p><span style=\"color: rgb(75, 80, 88);\">Passer best med v\u00e5re popul\u00e6re&nbsp;<\/span><a href=\"https:\/\/aromasentia.com\/ish\"><span style=\"color: rgb(149, 122, 101);\">R\u00f8kelsesholdere i tre<\/span><\/a> <span style=\"color: rgb(75, 80, 88);\">og<\/span> <a href=\"https:\/\/aromasentia.com\/wwih\"><span style=\"color: rgb(149, 122, 101);\">Hvitvaskede r\u00f8kelsesholdere<\/span><\/a><span style=\"color: rgb(149, 122, 101);\">.&nbsp;<\/span><\/p>\n<p><span style=\"color: rgb(141, 186, 216);\"><strong>Sv\u00e6rt popul\u00e6rt merke&#8230; med stadig nye dufter som introduseres. Legg til i produktportef\u00f8ljen din og \u00f8k salget ditt.<\/strong><\/span><\/p>\n","protected":false},"excerpt":{"rendered":"<p>Bare tenn en Satya-r\u00f8kelsespinne og vent p\u00e5 at hjemmet ditt skal forvandles med disse lyse og energigivende aromaene. Disse Satya-r\u00f8kelsespinnene er h\u00e5ndrullet i India med rene ekstrakter og de fineste duftoljene. La denne aromaen fylle hjemmet eller butikken din og skap en fantastisk atmosf\u00e6re. Det er enkelt \u00e5 bruke r\u00f8kelsespinner. Bare tenn enden og vent [&hellip;]<\/p>\n","protected":false},"featured_media":402903,"comment_status":"closed","ping_status":"open","template":"","meta":{"_angie_page":false},"product_brand":[27134],"product_cat":[26834,25843,26222,8747,8758],"product_tag":[],"class_list":{"0":"post-204668","1":"product","2":"type-product","3":"status-publish","4":"has-post-thumbnail","6":"product_brand-satya","7":"product_cat-blomster","8":"product_cat-dufter-aromaer","9":"product_cat-jasmin","10":"product_cat-rokelse-og-rokelsesholdere","11":"product_cat-rokelsespinner","12":"pa_collection-satya-incense-sticks-no","13":"pa_made-in-india","15":"first","16":"instock","17":"purchasable","18":"product-type-simple"},"supplier_id":null,"supplier_sku":"iSatya-37","barcode":null,"atum_controlled":true,"out_stock_date":null,"out_stock_threshold":null,"inheritable":false,"inbound_stock":null,"stock_on_hold":0,"sold_today":0,"sales_last_days":0,"reserved_stock":null,"customer_returns":null,"warehouse_damage":null,"lost_in_post":null,"other_logs":null,"out_stock_days":0,"lost_sales":0,"has_location":null,"update_date":"2026-05-08T05:11:56","atum_locations":[],"atum_stock_status":"instock","restock_status":false,"low_stock_amount":"","sales_update_date":"2025-09-03T00:19:33","calc_backorders":null,"_links":{"self":[{"href":"https:\/\/aromasentia.com\/no\/wp-json\/wp\/v2\/product\/204668","targetHints":{"allow":["GET"]}}],"collection":[{"href":"https:\/\/aromasentia.com\/no\/wp-json\/wp\/v2\/product"}],"about":[{"href":"https:\/\/aromasentia.com\/no\/wp-json\/wp\/v2\/types\/product"}],"replies":[{"embeddable":true,"href":"https:\/\/aromasentia.com\/no\/wp-json\/wp\/v2\/comments?post=204668"}],"version-history":[{"count":0,"href":"https:\/\/aromasentia.com\/no\/wp-json\/wp\/v2\/product\/204668\/revisions"}],"wp:featuredmedia":[{"embeddable":true,"href":"https:\/\/aromasentia.com\/no\/wp-json\/wp\/v2\/media\/402903"}],"wp:attachment":[{"href":"https:\/\/aromasentia.com\/no\/wp-json\/wp\/v2\/media?parent=204668"}],"wp:term":[{"taxonomy":"product_brand","embeddable":true,"href":"https:\/\/aromasentia.com\/no\/wp-json\/wp\/v2\/product_brand?post=204668"},{"taxonomy":"product_cat","embeddable":true,"href":"https:\/\/aromasentia.com\/no\/wp-json\/wp\/v2\/product_cat?post=204668"},{"taxonomy":"product_tag","embeddable":true,"href":"https:\/\/aromasentia.com\/no\/wp-json\/wp\/v2\/product_tag?post=204668"}],"curies":[{"name":"wp","href":"https:\/\/api.w.org\/{rel}","templated":true}]}}