{"id":204641,"date":"2025-03-23T10:30:36","date_gmt":"2025-03-23T10:30:36","guid":{"rendered":"https:\/\/aromasentia.com\/product\/42g-jumbo-golden-nag-mantra-back-flow-incense-cones\/"},"modified":"2025-05-31T01:00:22","modified_gmt":"2025-05-31T01:00:22","slug":"42g-jumbo-golden-nag-mantra-back-flow-rokelseskjegler","status":"publish","type":"product","link":"https:\/\/aromasentia.com\/no\/42g-jumbo-golden-nag-mantra-back-flow-rokelseskjegler\/","title":{"rendered":"42G Jumbo Golden Nag &#8211; Mantra Back Flow R\u00f8kelseskjegler"},"content":{"rendered":"<p><span style=\"color: rgb(75, 80, 88);\">Utforsk <strong>Jumbo Golden Nag Back Flow R\u00f8kelseskjegler<\/strong> for en beroligende sanseopplevelse.<\/span><\/p>\n<p><span style=\"color: rgb(75, 80, 88);\"><strong>Omslutt omgivelsene dine i den fortryllende duften av mantra n\u00e5r hver kjegle slipper sin aromatiske symfoni ut i luften.<\/strong> De beroligende og \u00e5ndelig oppl\u00f8ftende notene skaper en atmosf\u00e6re av kontemplasjon, noe som gj\u00f8r disse r\u00f8kelseskjeglene til en ideell f\u00f8lgesvenn for meditasjon, mindfulness-praksis eller bare for \u00e5 forbedre rommet ditt med en f\u00f8lelse av guddommelig ro.<\/span> <\/p>\n<p><span style=\"color: rgb(75, 80, 88);\">Disse kjeglene har et smart design som f\u00e5r <strong>r\u00f8yken til \u00e5 flyte som en foss<\/strong>, noe som gir et kunstnerisk og beroligende preg til ethvert rom. Disse kjeglene er ideelle for meditasjonsrom og avslapningsomr\u00e5der, og forbedrer atmosf\u00e6ren med sin unike visuelle appell.<\/span><\/p>\n<p><span style=\"color: rgb(75, 80, 88);\"><strong>Hver pakke med pyramideformede Masala Backflow-kjegler rommer 10 kjegler.<\/strong> Det trekantede boksdesignet vil garantert fange kundenes oppmerksomhet.<\/span><\/p>\n<p><span style=\"color: rgb(75, 80, 88);\">Tr\u00e5 inn i en verden av avslapning og visuell nytelse med Jumbo Golden Nag Back Flow r\u00f8kelseskjegler.<\/span><\/p>\n","protected":false},"excerpt":{"rendered":"<p>Utforsk Jumbo Golden Nag Back Flow R\u00f8kelseskjegler for en beroligende sanseopplevelse. Omslutt omgivelsene dine i den fortryllende duften av mantra n\u00e5r hver kjegle slipper sin aromatiske symfoni ut i luften. De beroligende og \u00e5ndelig oppl\u00f8ftende notene skaper en atmosf\u00e6re av kontemplasjon, noe som gj\u00f8r disse r\u00f8kelseskjeglene til en ideell f\u00f8lgesvenn for meditasjon, mindfulness-praksis eller bare [&hellip;]<\/p>\n","protected":false},"featured_media":405360,"comment_status":"closed","ping_status":"open","template":"","meta":{"_angie_page":false},"product_brand":[],"product_cat":[8747,8792],"product_tag":[],"class_list":{"0":"post-204641","1":"product","2":"type-product","3":"status-publish","4":"has-post-thumbnail","6":"product_cat-rokelse-og-rokelsesholdere","7":"product_cat-rokelseskjegler","8":"pa_collection-jumbo-golden-nag-backflow-incense-cones-no","9":"pa_made-in-india","11":"first","12":"instock","13":"purchasable","14":"product-type-simple"},"supplier_id":null,"supplier_sku":"JBackF-07","barcode":null,"atum_controlled":true,"out_stock_date":null,"out_stock_threshold":null,"inheritable":false,"inbound_stock":null,"stock_on_hold":0,"sold_today":0,"sales_last_days":0,"reserved_stock":null,"customer_returns":null,"warehouse_damage":null,"lost_in_post":null,"other_logs":null,"out_stock_days":0,"lost_sales":0,"has_location":null,"update_date":"2026-04-27T19:09:48","atum_locations":[],"atum_stock_status":"instock","restock_status":false,"low_stock_amount":"","sales_update_date":"2026-02-06T00:02:21","calc_backorders":null,"_links":{"self":[{"href":"https:\/\/aromasentia.com\/no\/wp-json\/wp\/v2\/product\/204641","targetHints":{"allow":["GET"]}}],"collection":[{"href":"https:\/\/aromasentia.com\/no\/wp-json\/wp\/v2\/product"}],"about":[{"href":"https:\/\/aromasentia.com\/no\/wp-json\/wp\/v2\/types\/product"}],"replies":[{"embeddable":true,"href":"https:\/\/aromasentia.com\/no\/wp-json\/wp\/v2\/comments?post=204641"}],"version-history":[{"count":0,"href":"https:\/\/aromasentia.com\/no\/wp-json\/wp\/v2\/product\/204641\/revisions"}],"wp:featuredmedia":[{"embeddable":true,"href":"https:\/\/aromasentia.com\/no\/wp-json\/wp\/v2\/media\/405360"}],"wp:attachment":[{"href":"https:\/\/aromasentia.com\/no\/wp-json\/wp\/v2\/media?parent=204641"}],"wp:term":[{"taxonomy":"product_brand","embeddable":true,"href":"https:\/\/aromasentia.com\/no\/wp-json\/wp\/v2\/product_brand?post=204641"},{"taxonomy":"product_cat","embeddable":true,"href":"https:\/\/aromasentia.com\/no\/wp-json\/wp\/v2\/product_cat?post=204641"},{"taxonomy":"product_tag","embeddable":true,"href":"https:\/\/aromasentia.com\/no\/wp-json\/wp\/v2\/product_tag?post=204641"}],"curies":[{"name":"wp","href":"https:\/\/api.w.org\/{rel}","templated":true}]}}