{"id":204628,"date":"2025-03-23T10:30:36","date_gmt":"2025-03-23T10:30:36","guid":{"rendered":"https:\/\/aromasentia.com\/product\/lrg-ritual-bowl-incense-cone-holder-11x10-cm-om\/"},"modified":"2025-05-31T00:59:42","modified_gmt":"2025-05-31T00:59:42","slug":"ritual-bowl-rokelseskjegleholder-11x10-cm-om-stor","status":"publish","type":"product","link":"https:\/\/aromasentia.com\/no\/ritual-bowl-rokelseskjegleholder-11x10-cm-om-stor\/","title":{"rendered":"Ritual Bowl R\u00f8kelseskjegleholder 11&#215;10 cm &#8211; Om Stor"},"content":{"rendered":"<p>Omfavn den hellige lyden og energien fra Om med denne store r\u00f8kelseskjegleholderen. Sk\u00e5len m\u00e5ler ca. 11 x 10 cm og er en symbolsk og oppmerksom m\u00e5te \u00e5 brenne r\u00f8kelseskjeglene dine p\u00e5.<\/p>\n","protected":false},"excerpt":{"rendered":"<p>Omfavn den hellige lyden og energien fra Om med denne store r\u00f8kelseskjegleholderen. Sk\u00e5len m\u00e5ler ca. 11 x 10 cm og er en symbolsk og oppmerksom m\u00e5te \u00e5 brenne r\u00f8kelseskjeglene dine p\u00e5.<\/p>\n","protected":false},"featured_media":404899,"comment_status":"closed","ping_status":"open","template":"","meta":[],"product_brand":[],"product_cat":[8747,8751,8748],"product_tag":[],"class_list":{"0":"post-204628","1":"product","2":"type-product","3":"status-publish","4":"has-post-thumbnail","6":"product_cat-rokelse-og-rokelsesholdere","7":"product_cat-rokelseholder-for-rokelsekjegler","8":"product_cat-rokelsesholdere-og-rokelsesbrennere","9":"pa_collection-wooden-incense-holders-no","10":"pa_made-in-india","12":"first","13":"instock","14":"purchasable","15":"product-type-simple"},"supplier_id":null,"supplier_sku":"ISH-246","barcode":null,"atum_controlled":true,"out_stock_date":null,"out_stock_threshold":null,"inheritable":false,"inbound_stock":null,"stock_on_hold":0,"sold_today":0,"sales_last_days":0,"reserved_stock":null,"customer_returns":null,"warehouse_damage":null,"lost_in_post":null,"other_logs":null,"out_stock_days":0,"lost_sales":0,"has_location":null,"update_date":"2026-02-10T02:20:35","atum_locations":[],"atum_stock_status":"instock","restock_status":false,"low_stock_amount":"","sales_update_date":"2026-02-06T00:02:33","calc_backorders":null,"_links":{"self":[{"href":"https:\/\/aromasentia.com\/no\/wp-json\/wp\/v2\/product\/204628","targetHints":{"allow":["GET"]}}],"collection":[{"href":"https:\/\/aromasentia.com\/no\/wp-json\/wp\/v2\/product"}],"about":[{"href":"https:\/\/aromasentia.com\/no\/wp-json\/wp\/v2\/types\/product"}],"replies":[{"embeddable":true,"href":"https:\/\/aromasentia.com\/no\/wp-json\/wp\/v2\/comments?post=204628"}],"version-history":[{"count":0,"href":"https:\/\/aromasentia.com\/no\/wp-json\/wp\/v2\/product\/204628\/revisions"}],"wp:featuredmedia":[{"embeddable":true,"href":"https:\/\/aromasentia.com\/no\/wp-json\/wp\/v2\/media\/404899"}],"wp:attachment":[{"href":"https:\/\/aromasentia.com\/no\/wp-json\/wp\/v2\/media?parent=204628"}],"wp:term":[{"taxonomy":"product_brand","embeddable":true,"href":"https:\/\/aromasentia.com\/no\/wp-json\/wp\/v2\/product_brand?post=204628"},{"taxonomy":"product_cat","embeddable":true,"href":"https:\/\/aromasentia.com\/no\/wp-json\/wp\/v2\/product_cat?post=204628"},{"taxonomy":"product_tag","embeddable":true,"href":"https:\/\/aromasentia.com\/no\/wp-json\/wp\/v2\/product_tag?post=204628"}],"curies":[{"name":"wp","href":"https:\/\/api.w.org\/{rel}","templated":true}]}}