{"id":204621,"date":"2025-03-23T10:30:36","date_gmt":"2025-03-23T10:30:36","guid":{"rendered":"https:\/\/aromasentia.com\/product\/set-of-3-incense-cone-mushrooms-10cm-9cm-8cm\/"},"modified":"2025-05-31T00:59:16","modified_gmt":"2025-05-31T00:59:16","slug":"rokelseskjegle-sopp-10cm-9cm-8cm","status":"publish","type":"product","link":"https:\/\/aromasentia.com\/no\/rokelseskjegle-sopp-10cm-9cm-8cm\/","title":{"rendered":"R\u00f8kelseskjegle Sopp (10cm 9cm 8Cm)"},"content":{"rendered":"<p>Gi r\u00f8kelsesritualene dine et snev av eventyrlig sjarm med dette settet med tre r\u00f8kelseskjeglesopper i ulike h\u00f8yder (10 cm, 9 cm, 8 cm). Disse herlige holderne gir en unik og magisk m\u00e5te \u00e5 brenne dine favorittr\u00f8kelseskjegler p\u00e5.<\/p>\n","protected":false},"excerpt":{"rendered":"<p>Gi r\u00f8kelsesritualene dine et snev av eventyrlig sjarm med dette settet med tre r\u00f8kelseskjeglesopper i ulike h\u00f8yder (10 cm, 9 cm, 8 cm). Disse herlige holderne gir en unik og magisk m\u00e5te \u00e5 brenne dine favorittr\u00f8kelseskjegler p\u00e5.<\/p>\n","protected":false},"featured_media":404620,"comment_status":"closed","ping_status":"open","template":"","meta":[],"product_brand":[],"product_cat":[8747,8751,8748],"product_tag":[],"class_list":{"0":"post-204621","1":"product","2":"type-product","3":"status-publish","4":"has-post-thumbnail","6":"product_cat-rokelse-og-rokelsesholdere","7":"product_cat-rokelseholder-for-rokelsekjegler","8":"product_cat-rokelsesholdere-og-rokelsesbrennere","9":"pa_collection-wooden-incense-holders-no","10":"pa_made-in-india","12":"first","13":"instock","14":"purchasable","15":"product-type-simple"},"supplier_id":null,"supplier_sku":"ISH-239","barcode":null,"atum_controlled":true,"out_stock_date":null,"out_stock_threshold":null,"inheritable":false,"inbound_stock":null,"stock_on_hold":0,"sold_today":0,"sales_last_days":0,"reserved_stock":null,"customer_returns":null,"warehouse_damage":null,"lost_in_post":null,"other_logs":null,"out_stock_days":0,"lost_sales":0,"has_location":null,"update_date":"2026-01-30T08:27:30","atum_locations":[],"atum_stock_status":"instock","restock_status":false,"low_stock_amount":"","sales_update_date":"2025-09-03T00:19:23","calc_backorders":null,"_links":{"self":[{"href":"https:\/\/aromasentia.com\/no\/wp-json\/wp\/v2\/product\/204621","targetHints":{"allow":["GET"]}}],"collection":[{"href":"https:\/\/aromasentia.com\/no\/wp-json\/wp\/v2\/product"}],"about":[{"href":"https:\/\/aromasentia.com\/no\/wp-json\/wp\/v2\/types\/product"}],"replies":[{"embeddable":true,"href":"https:\/\/aromasentia.com\/no\/wp-json\/wp\/v2\/comments?post=204621"}],"version-history":[{"count":0,"href":"https:\/\/aromasentia.com\/no\/wp-json\/wp\/v2\/product\/204621\/revisions"}],"wp:featuredmedia":[{"embeddable":true,"href":"https:\/\/aromasentia.com\/no\/wp-json\/wp\/v2\/media\/404620"}],"wp:attachment":[{"href":"https:\/\/aromasentia.com\/no\/wp-json\/wp\/v2\/media?parent=204621"}],"wp:term":[{"taxonomy":"product_brand","embeddable":true,"href":"https:\/\/aromasentia.com\/no\/wp-json\/wp\/v2\/product_brand?post=204621"},{"taxonomy":"product_cat","embeddable":true,"href":"https:\/\/aromasentia.com\/no\/wp-json\/wp\/v2\/product_cat?post=204621"},{"taxonomy":"product_tag","embeddable":true,"href":"https:\/\/aromasentia.com\/no\/wp-json\/wp\/v2\/product_tag?post=204621"}],"curies":[{"name":"wp","href":"https:\/\/api.w.org\/{rel}","templated":true}]}}