{"id":204619,"date":"2025-03-23T10:30:36","date_gmt":"2025-03-23T10:30:36","guid":{"rendered":"https:\/\/aromasentia.com\/product\/engraved-and-brass-zodiac-sign-incense-burners-star\/"},"modified":"2025-05-31T00:59:09","modified_gmt":"2025-05-31T00:59:09","slug":"rokelsesbrennere-med-graverte-stjernetegn-i-messing-star","status":"publish","type":"product","link":"https:\/\/aromasentia.com\/no\/rokelsesbrennere-med-graverte-stjernetegn-i-messing-star\/","title":{"rendered":"R\u00f8kelsesbrennere med Graverte Stjernetegn I Messing &#8211; Star"},"content":{"rendered":"<p><span style=\"color: rgb(75, 80, 88);\">Vi introduserer v\u00e5rt fengslende <strong>Sett med 12 graverte r\u00f8kelsesbrennere i messing med stjernetegn \u2013 Stjerne<\/strong>, en unik kolleksjon som s\u00f8ml\u00f8st blander kunstnerisk h\u00e5ndverk med fortryllelsen av astrologisk symbolikk. Hver brenner er dyktig formet som en str\u00e5lende stjerne, med fint detaljerte stjernetegn og utsmykket med et skinnende lag med messing.<\/span><\/p>\n<p><span style=\"color: rgb(75, 80, 88);\">Dette s\u00e6regne settet er laget for \u00e5 appellere til astrologientusiaster, og gir en h\u00e5ndgripelig og visuelt sl\u00e5ende m\u00e5te \u00e5 f\u00e5 kontakt med stjernetegnene deres p\u00e5. Den stjerneformede designen gir et snev av himmelsk eleganse, som symboliserer den kosmiske energien som er forbundet med stjernetegnene.<\/span><\/p>\n<p><span style=\"color: rgb(75, 80, 88);\">Smidd av f\u00f8rsteklasses materialer, fungerer disse brennerne ikke bare som funksjonelle gjenstander, men ogs\u00e5 som uts\u00f8kte kunstverk. Messingutsmykningen introduserer et lag med raffinement, og skaper et harmonisk samspill mellom den stjerneformede basen og det intrikat graverte stjernetegnet.<\/span><\/p>\n<p><span style=\"color: rgb(75, 80, 88);\">Vi presenterer settet med 12 graverte og messing r\u00f8kelsesbrennere for stjernetegn &#8211; Star tilbyr kundene dine et unikt og personlig valg for astrologientusiaster. Dette settet er perfekt for de som s\u00f8ker meningsfulle og dekorative gjenstander som resonnerer med deres astrologiske identitet.<\/span><\/p>\n<p><span style=\"color: rgb(75, 80, 88);\"><strong>Selges som en enhet p\u00e5 tolv.<\/strong><\/span><\/p>\n","protected":false},"excerpt":{"rendered":"<p>Vi introduserer v\u00e5rt fengslende Sett med 12 graverte r\u00f8kelsesbrennere i messing med stjernetegn \u2013 Stjerne, en unik kolleksjon som s\u00f8ml\u00f8st blander kunstnerisk h\u00e5ndverk med fortryllelsen av astrologisk symbolikk. Hver brenner er dyktig formet som en str\u00e5lende stjerne, med fint detaljerte stjernetegn og utsmykket med et skinnende lag med messing. Dette s\u00e6regne settet er laget for [&hellip;]<\/p>\n","protected":false},"featured_media":404490,"comment_status":"closed","ping_status":"open","template":"","meta":{"_angie_page":false},"product_brand":[],"product_cat":[8747,8751,8748],"product_tag":[],"class_list":{"0":"post-204619","1":"product","2":"type-product","3":"status-publish","4":"has-post-thumbnail","6":"product_cat-rokelse-og-rokelsesholdere","7":"product_cat-rokelseholder-for-rokelsekjegler","8":"product_cat-rokelsesholdere-og-rokelsesbrennere","9":"pa_collection-wooden-incense-holders-no","10":"pa_made-in-india","12":"first","13":"instock","14":"purchasable","15":"product-type-simple"},"supplier_id":null,"supplier_sku":"ISH-237M","barcode":null,"atum_controlled":true,"out_stock_date":null,"out_stock_threshold":null,"inheritable":false,"inbound_stock":null,"stock_on_hold":0,"sold_today":0,"sales_last_days":0,"reserved_stock":null,"customer_returns":null,"warehouse_damage":null,"lost_in_post":null,"other_logs":null,"out_stock_days":0,"lost_sales":0,"has_location":null,"update_date":"2026-05-08T05:11:57","atum_locations":[],"atum_stock_status":"instock","restock_status":false,"low_stock_amount":"","sales_update_date":"2026-01-30T01:24:53","calc_backorders":null,"_links":{"self":[{"href":"https:\/\/aromasentia.com\/no\/wp-json\/wp\/v2\/product\/204619","targetHints":{"allow":["GET"]}}],"collection":[{"href":"https:\/\/aromasentia.com\/no\/wp-json\/wp\/v2\/product"}],"about":[{"href":"https:\/\/aromasentia.com\/no\/wp-json\/wp\/v2\/types\/product"}],"replies":[{"embeddable":true,"href":"https:\/\/aromasentia.com\/no\/wp-json\/wp\/v2\/comments?post=204619"}],"version-history":[{"count":0,"href":"https:\/\/aromasentia.com\/no\/wp-json\/wp\/v2\/product\/204619\/revisions"}],"wp:featuredmedia":[{"embeddable":true,"href":"https:\/\/aromasentia.com\/no\/wp-json\/wp\/v2\/media\/404490"}],"wp:attachment":[{"href":"https:\/\/aromasentia.com\/no\/wp-json\/wp\/v2\/media?parent=204619"}],"wp:term":[{"taxonomy":"product_brand","embeddable":true,"href":"https:\/\/aromasentia.com\/no\/wp-json\/wp\/v2\/product_brand?post=204619"},{"taxonomy":"product_cat","embeddable":true,"href":"https:\/\/aromasentia.com\/no\/wp-json\/wp\/v2\/product_cat?post=204619"},{"taxonomy":"product_tag","embeddable":true,"href":"https:\/\/aromasentia.com\/no\/wp-json\/wp\/v2\/product_tag?post=204619"}],"curies":[{"name":"wp","href":"https:\/\/api.w.org\/{rel}","templated":true}]}}