{"id":204617,"date":"2025-03-23T10:30:36","date_gmt":"2025-03-23T10:30:36","guid":{"rendered":"https:\/\/aromasentia.com\/product\/engraved-and-brass-zodiac-sign-incense-burners-moon\/"},"modified":"2025-05-31T00:59:01","modified_gmt":"2025-05-31T00:59:01","slug":"rokelsesbrennere-med-graverte-stjernetegn-i-messing-mane","status":"publish","type":"product","link":"https:\/\/aromasentia.com\/no\/rokelsesbrennere-med-graverte-stjernetegn-i-messing-mane\/","title":{"rendered":"R\u00f8kelsesbrennere med Graverte Stjernetegn I Messing &#8211; M\u00e5ne"},"content":{"rendered":"<p><span style=\"color: rgb(75, 80, 88);\">Vi introduserer v\u00e5rt fascinerende <strong>Sett med 12 graverte og<\/strong><strong>messing r\u00f8kelsesbrennere for stjernetegn \u2013 M\u00e5ne<\/strong>, en s\u00e6regen kolleksjon som s\u00f8ml\u00f8st forener kunstnerisk h\u00e5ndverk med sjarmen til astrologisk symbolikk.<\/span><\/p>\n<p><span style=\"color: rgb(75, 80, 88);\">Hver brenner er ekspertformet som en str\u00e5lende m\u00e5ne, med fint detaljerte stjernetegn og utsmykket med et lysende lag av messing.<\/span><\/p>\n<p><span style=\"color: rgb(75, 80, 88);\">Dette settet er designet for \u00e5 appellere til astrologientusiaster, og tilbyr en h\u00e5ndgripelig og visuelt sl\u00e5ende m\u00e5te \u00e5 f\u00e5 kontakt med stjernetegnene sine p\u00e5. Det m\u00e5neformede designet gir en f\u00f8lelse av himmelsk ynde, som symboliserer den kosmiske energien knyttet til dyrekretsen, mens de detaljerte graveringene understreker v\u00e5r forpliktelse til kvalitet og presisjon.<\/span><\/p>\n<p><span style=\"color: rgb(75, 80, 88);\">Disse brennerne fungerer som b\u00e5de et funksjonelt stykke og et uts\u00f8kt kunstverk. Messingutsmykningen introduserer et lag med raffinement, og skaper et s\u00f8ml\u00f8st samspill mellom den m\u00e5neformede basen og det intrikat graverte stjernetegnet.<\/span><\/p>\n<p><span style=\"color: rgb(75, 80, 88);\">Settet med 12 graverte og messing r\u00f8kelsesbrennere for stjernetegn &#8211; Moon gir kundene dine et unikt og personlig alternativ for astrologientusiaster.<\/span><\/p>\n<p><span style=\"color: rgb(75, 80, 88);\">Perfekt for de som s\u00f8ker meningsfulle og dekorative gjenstander som resonnerer med deres astrologiske identitet.<\/span><\/p>\n<p><span style=\"color: rgb(75, 80, 88);\"><strong>Selges som en enhet p\u00e5 tolv.<\/strong>&nbsp;<\/span><\/p>\n","protected":false},"excerpt":{"rendered":"<p>Vi introduserer v\u00e5rt fascinerende Sett med 12 graverte ogmessing r\u00f8kelsesbrennere for stjernetegn \u2013 M\u00e5ne, en s\u00e6regen kolleksjon som s\u00f8ml\u00f8st forener kunstnerisk h\u00e5ndverk med sjarmen til astrologisk symbolikk. Hver brenner er ekspertformet som en str\u00e5lende m\u00e5ne, med fint detaljerte stjernetegn og utsmykket med et lysende lag av messing. Dette settet er designet for \u00e5 appellere til [&hellip;]<\/p>\n","protected":false},"featured_media":404216,"comment_status":"closed","ping_status":"open","template":"","meta":[],"product_brand":[],"product_cat":[8747,8751,8748],"product_tag":[],"class_list":{"0":"post-204617","1":"product","2":"type-product","3":"status-publish","4":"has-post-thumbnail","6":"product_cat-rokelse-og-rokelsesholdere","7":"product_cat-rokelseholder-for-rokelsekjegler","8":"product_cat-rokelsesholdere-og-rokelsesbrennere","9":"pa_collection-wooden-incense-holders-no","10":"pa_made-in-india","12":"first","13":"instock","14":"purchasable","15":"product-type-simple"},"supplier_id":null,"supplier_sku":"ISH-235M","barcode":null,"atum_controlled":true,"out_stock_date":null,"out_stock_threshold":null,"inheritable":false,"inbound_stock":null,"stock_on_hold":0,"sold_today":0,"sales_last_days":0,"reserved_stock":null,"customer_returns":null,"warehouse_damage":null,"lost_in_post":null,"other_logs":null,"out_stock_days":0,"lost_sales":0,"has_location":null,"update_date":"2026-01-30T01:24:37","atum_locations":[],"atum_stock_status":"instock","restock_status":false,"low_stock_amount":"","sales_update_date":"2026-01-30T01:24:37","calc_backorders":null,"_links":{"self":[{"href":"https:\/\/aromasentia.com\/no\/wp-json\/wp\/v2\/product\/204617","targetHints":{"allow":["GET"]}}],"collection":[{"href":"https:\/\/aromasentia.com\/no\/wp-json\/wp\/v2\/product"}],"about":[{"href":"https:\/\/aromasentia.com\/no\/wp-json\/wp\/v2\/types\/product"}],"replies":[{"embeddable":true,"href":"https:\/\/aromasentia.com\/no\/wp-json\/wp\/v2\/comments?post=204617"}],"version-history":[{"count":0,"href":"https:\/\/aromasentia.com\/no\/wp-json\/wp\/v2\/product\/204617\/revisions"}],"wp:featuredmedia":[{"embeddable":true,"href":"https:\/\/aromasentia.com\/no\/wp-json\/wp\/v2\/media\/404216"}],"wp:attachment":[{"href":"https:\/\/aromasentia.com\/no\/wp-json\/wp\/v2\/media?parent=204617"}],"wp:term":[{"taxonomy":"product_brand","embeddable":true,"href":"https:\/\/aromasentia.com\/no\/wp-json\/wp\/v2\/product_brand?post=204617"},{"taxonomy":"product_cat","embeddable":true,"href":"https:\/\/aromasentia.com\/no\/wp-json\/wp\/v2\/product_cat?post=204617"},{"taxonomy":"product_tag","embeddable":true,"href":"https:\/\/aromasentia.com\/no\/wp-json\/wp\/v2\/product_tag?post=204617"}],"curies":[{"name":"wp","href":"https:\/\/api.w.org\/{rel}","templated":true}]}}