{"id":204610,"date":"2025-03-23T10:30:36","date_gmt":"2025-03-23T10:30:36","guid":{"rendered":"https:\/\/aromasentia.com\/product\/chakra-ashcatchers-7-designs\/"},"modified":"2025-05-31T00:58:36","modified_gmt":"2025-05-31T00:58:36","slug":"chakra-askefangere-7-design","status":"publish","type":"product","link":"https:\/\/aromasentia.com\/no\/chakra-askefangere-7-design\/","title":{"rendered":"Chakra-Askefangere &#8211; 7 Design"},"content":{"rendered":"<p><span style=\"color: rgb(75, 80, 88);\">Assorterte farger og design Askefangere, r\u00f8kelsesholdere. Importert fra India. Vi samarbeider med en rekke selskaper som alle produserer trevarer i byen Saharanpur i Nord-India. Dette omr\u00e5det av India har fortsatt betydelige infrastrukturproblemer, str\u00f8mmen er uregelmessig, transport og veier er d\u00e5rlige. Som et resultat er forsyningene spesielt ustabile. Regionen har imidlertid en stolt h\u00e5ndverkshistorie med \u00e5 produsere vakre trevarer, og vi er stolte av \u00e5 st\u00f8tte denne industrien ved \u00e5 importere flere beholdere i \u00e5ret med engros trevarer, en favoritt blant dem er r\u00f8kelsesholdere i s\u00e5 mange former.<\/span><\/p>\n<p><span style=\"color: rgb(75, 80, 88);\"><strong>&nbsp;<\/strong><\/span><\/p>\n<p><strong><span style=\"color: rgb(75, 80, 88);\">* selges i enkeltstykker.<\/span><\/strong><\/p>\n<p><span style=\"color: rgb(75, 80, 88);\"><strong>*For assorterte design, vennligst spesifiser i kassen hvilket design du foretrekker.<\/strong><\/span><\/p>\n","protected":false},"excerpt":{"rendered":"<p>Assorterte farger og design Askefangere, r\u00f8kelsesholdere. Importert fra India. Vi samarbeider med en rekke selskaper som alle produserer trevarer i byen Saharanpur i Nord-India. Dette omr\u00e5det av India har fortsatt betydelige infrastrukturproblemer, str\u00f8mmen er uregelmessig, transport og veier er d\u00e5rlige. Som et resultat er forsyningene spesielt ustabile. Regionen har imidlertid en stolt h\u00e5ndverkshistorie med \u00e5 [&hellip;]<\/p>\n","protected":false},"featured_media":403897,"comment_status":"closed","ping_status":"open","template":"","meta":{"_angie_page":false},"product_brand":[],"product_cat":[8747,8751,8748],"product_tag":[],"class_list":{"0":"post-204610","1":"product","2":"type-product","3":"status-publish","4":"has-post-thumbnail","6":"product_cat-rokelse-og-rokelsesholdere","7":"product_cat-rokelseholder-for-rokelsekjegler","8":"product_cat-rokelsesholdere-og-rokelsesbrennere","9":"pa_collection-wooden-incense-holders-no","10":"pa_made-in-india","12":"first","13":"instock","14":"purchasable","15":"product-type-simple"},"supplier_id":null,"supplier_sku":"ISH-218M","barcode":null,"atum_controlled":true,"out_stock_date":null,"out_stock_threshold":null,"inheritable":false,"inbound_stock":null,"stock_on_hold":0,"sold_today":0,"sales_last_days":0,"reserved_stock":null,"customer_returns":null,"warehouse_damage":null,"lost_in_post":null,"other_logs":null,"out_stock_days":0,"lost_sales":0,"has_location":null,"update_date":"2026-04-27T07:09:33","atum_locations":[],"atum_stock_status":"instock","restock_status":false,"low_stock_amount":"","sales_update_date":"2025-09-03T00:19:21","calc_backorders":null,"_links":{"self":[{"href":"https:\/\/aromasentia.com\/no\/wp-json\/wp\/v2\/product\/204610","targetHints":{"allow":["GET"]}}],"collection":[{"href":"https:\/\/aromasentia.com\/no\/wp-json\/wp\/v2\/product"}],"about":[{"href":"https:\/\/aromasentia.com\/no\/wp-json\/wp\/v2\/types\/product"}],"replies":[{"embeddable":true,"href":"https:\/\/aromasentia.com\/no\/wp-json\/wp\/v2\/comments?post=204610"}],"version-history":[{"count":0,"href":"https:\/\/aromasentia.com\/no\/wp-json\/wp\/v2\/product\/204610\/revisions"}],"wp:featuredmedia":[{"embeddable":true,"href":"https:\/\/aromasentia.com\/no\/wp-json\/wp\/v2\/media\/403897"}],"wp:attachment":[{"href":"https:\/\/aromasentia.com\/no\/wp-json\/wp\/v2\/media?parent=204610"}],"wp:term":[{"taxonomy":"product_brand","embeddable":true,"href":"https:\/\/aromasentia.com\/no\/wp-json\/wp\/v2\/product_brand?post=204610"},{"taxonomy":"product_cat","embeddable":true,"href":"https:\/\/aromasentia.com\/no\/wp-json\/wp\/v2\/product_cat?post=204610"},{"taxonomy":"product_tag","embeddable":true,"href":"https:\/\/aromasentia.com\/no\/wp-json\/wp\/v2\/product_tag?post=204610"}],"curies":[{"name":"wp","href":"https:\/\/api.w.org\/{rel}","templated":true}]}}