{"id":204607,"date":"2025-03-23T10:30:36","date_gmt":"2025-03-23T10:30:36","guid":{"rendered":"https:\/\/aromasentia.com\/product\/7-chakra-colour-smoke-box\/"},"modified":"2025-05-31T00:58:26","modified_gmt":"2025-05-31T00:58:26","slug":"7-chakra-colour-smoke-box","status":"publish","type":"product","link":"https:\/\/aromasentia.com\/no\/7-chakra-colour-smoke-box\/","title":{"rendered":"7 Chakra Colour Smoke Box"},"content":{"rendered":"<p><span style=\"color: rgb(75, 80, 88);\"> 7 Chakra Colour Smoke Box \u2013 et vakkert og funksjonelt produkt designet for \u00e5 forbedre enhver r\u00f8kelsesbrenningsopplevelse. Denne r\u00f8ykboksen er perfekt for grossister, gavebutikker eller alle som \u00f8nsker \u00e5 legge til et snev av spiritualitet til produkttilbudene sine.<\/span><\/p>\n<p><span style=\"color: rgb(75, 80, 88);\">7 Chakra Colour Smoke Box er laget av materialer av h\u00f8y kvalitet og har et fantastisk chakra-inspirert design. De syv fargerike chakra-symbolene representerer forskjellige energisentre i kroppen og antas \u00e5 bidra til \u00e5 balansere og justere sinn, kropp og \u00e5nd.<\/span><\/p>\n<p><span style=\"color: rgb(75, 80, 88);\">Denne r\u00f8ykboksen er designet for \u00e5 holde en r\u00f8kelsespinne mens den brenner, og gir et trygt og innesluttet rom for r\u00f8yken \u00e5 sive ut. Lokket p\u00e5 boksen har sm\u00e5 \u00e5pninger som lar r\u00f8yken slippe ut samtidig som den holdes inne i boksen. Dette skaper en beroligende og fredelig atmosf\u00e6re, perfekt for meditasjon, yoga eller bare avslapning.<\/span><\/p>\n","protected":false},"excerpt":{"rendered":"<p>7 Chakra Colour Smoke Box \u2013 et vakkert og funksjonelt produkt designet for \u00e5 forbedre enhver r\u00f8kelsesbrenningsopplevelse. Denne r\u00f8ykboksen er perfekt for grossister, gavebutikker eller alle som \u00f8nsker \u00e5 legge til et snev av spiritualitet til produkttilbudene sine. 7 Chakra Colour Smoke Box er laget av materialer av h\u00f8y kvalitet og har et fantastisk chakra-inspirert [&hellip;]<\/p>\n","protected":false},"featured_media":403862,"comment_status":"closed","ping_status":"open","template":"","meta":{"_angie_page":false},"product_brand":[],"product_cat":[8747,8751,8748],"product_tag":[],"class_list":{"0":"post-204607","1":"product","2":"type-product","3":"status-publish","4":"has-post-thumbnail","6":"product_cat-rokelse-og-rokelsesholdere","7":"product_cat-rokelseholder-for-rokelsekjegler","8":"product_cat-rokelsesholdere-og-rokelsesbrennere","9":"pa_collection-wooden-incense-holders-no","10":"pa_made-in-india","12":"first","13":"instock","14":"purchasable","15":"product-type-simple"},"supplier_id":null,"supplier_sku":"ISH-221M","barcode":null,"atum_controlled":true,"out_stock_date":null,"out_stock_threshold":null,"inheritable":false,"inbound_stock":null,"stock_on_hold":0,"sold_today":0,"sales_last_days":0,"reserved_stock":null,"customer_returns":null,"warehouse_damage":null,"lost_in_post":null,"other_logs":null,"out_stock_days":0,"lost_sales":0,"has_location":null,"update_date":"2026-04-27T07:09:33","atum_locations":[],"atum_stock_status":"instock","restock_status":false,"low_stock_amount":"","sales_update_date":"2026-01-30T01:24:22","calc_backorders":null,"_links":{"self":[{"href":"https:\/\/aromasentia.com\/no\/wp-json\/wp\/v2\/product\/204607","targetHints":{"allow":["GET"]}}],"collection":[{"href":"https:\/\/aromasentia.com\/no\/wp-json\/wp\/v2\/product"}],"about":[{"href":"https:\/\/aromasentia.com\/no\/wp-json\/wp\/v2\/types\/product"}],"replies":[{"embeddable":true,"href":"https:\/\/aromasentia.com\/no\/wp-json\/wp\/v2\/comments?post=204607"}],"version-history":[{"count":0,"href":"https:\/\/aromasentia.com\/no\/wp-json\/wp\/v2\/product\/204607\/revisions"}],"wp:featuredmedia":[{"embeddable":true,"href":"https:\/\/aromasentia.com\/no\/wp-json\/wp\/v2\/media\/403862"}],"wp:attachment":[{"href":"https:\/\/aromasentia.com\/no\/wp-json\/wp\/v2\/media?parent=204607"}],"wp:term":[{"taxonomy":"product_brand","embeddable":true,"href":"https:\/\/aromasentia.com\/no\/wp-json\/wp\/v2\/product_brand?post=204607"},{"taxonomy":"product_cat","embeddable":true,"href":"https:\/\/aromasentia.com\/no\/wp-json\/wp\/v2\/product_cat?post=204607"},{"taxonomy":"product_tag","embeddable":true,"href":"https:\/\/aromasentia.com\/no\/wp-json\/wp\/v2\/product_tag?post=204607"}],"curies":[{"name":"wp","href":"https:\/\/api.w.org\/{rel}","templated":true}]}}