{"id":204601,"date":"2025-03-23T10:30:45","date_gmt":"2025-03-23T10:30:45","guid":{"rendered":"https:\/\/aromasentia.com\/product\/smudge-stick-white-sage-and-pirul-foliage\/"},"modified":"2025-05-31T00:57:53","modified_gmt":"2025-05-31T00:57:53","slug":"smudge-stick-hvit-salvie-og-pirul-lovverk","status":"publish","type":"product","link":"https:\/\/aromasentia.com\/no\/smudge-stick-hvit-salvie-og-pirul-lovverk\/","title":{"rendered":"Smudge Stick &#8211; Hvit Salvie Og Pirul-L\u00f8vverk"},"content":{"rendered":"<p>Vi introduserer v\u00e5r <strong>Wholesale Smudge Stick<\/strong> laget av en spesiell blanding av <strong>White Sage og Pirul Leafiage<\/strong>. Denne smudgepinnen er ca. 10 cm lang. Den er et naturlig verkt\u00f8y av h\u00f8y kvalitet for \u00e5ndelig rensing og renselse.<\/p>\n<p><strong><strong><em>Hvit salvie<\/em><\/strong> har i \u00e5rhundrer blitt brukt av urfolk for sine \u00e5ndelige og medisinske egenskaper. Den distinkte og behagelige aromaen antas \u00e5 ha kraftige rensende og rensende egenskaper som kan fjerne negativ energi og fremme positiv energi. <strong><em>Pirul Leafiage<\/em><\/strong> er kjent for sine medisinske egenskaper, inkludert sin evne til \u00e5 st\u00f8tte immunforsvaret og fremme luftveiene.<\/p>\n<p>Til sammen skaper White Sage og Pirul Foliage en kraftig kombinasjon som er perfekt for \u00e5ndelige ut\u00f8vere, healere og alle som er interessert i \u00e5 bruke naturlige midler for \u00e5ndelig rensing og renselse. Bruk den til \u00e5 rense deg selv, hjemmet ditt eller andre steder som trenger litt ekstra rensing og beskyttelse.<\/p>\n<p>V\u00e5r White Sage and Pirul Foliage Smudge Stick er perfekt for alle som leter etter en unik og kraftfull smudge stick til \u00e5 innlemme i sin \u00e5ndelige praksis. Ved regelmessig bruk kan du oppleve en dypere forbindelse til din \u00e5ndelighet, bedre luftveishelse og en st\u00f8rre f\u00f8lelse av velv\u00e6re.<\/p>\n<p>\n","protected":false},"excerpt":{"rendered":"<p>Vi introduserer v\u00e5r Wholesale Smudge Stick laget av en spesiell blanding av White Sage og Pirul Leafiage. Denne smudgepinnen er ca. 10 cm lang. Den er et naturlig verkt\u00f8y av h\u00f8y kvalitet for \u00e5ndelig rensing og renselse. Hvit salvie har i \u00e5rhundrer blitt brukt av urfolk for sine \u00e5ndelige og medisinske egenskaper. Den distinkte og [&hellip;]<\/p>\n","protected":false},"featured_media":406148,"comment_status":"closed","ping_status":"open","template":"","meta":{"_angie_page":false},"product_brand":[],"product_cat":[25843,26493,8747,25819,26862],"product_tag":[],"class_list":{"0":"post-204601","1":"product","2":"type-product","3":"status-publish","4":"has-post-thumbnail","6":"product_cat-dufter-aromaer","7":"product_cat-hvit-salvie","8":"product_cat-rokelse-og-rokelsesholdere","9":"product_cat-smudge-sticks","10":"product_cat-urte-aromatisk","11":"pa_collection-wrapped-smudge-sticks-no","12":"pa_made-in-mexico","14":"first","15":"instock","16":"purchasable","17":"product-type-simple"},"supplier_id":null,"supplier_sku":"MSage-56","barcode":null,"atum_controlled":true,"out_stock_date":null,"out_stock_threshold":null,"inheritable":false,"inbound_stock":null,"stock_on_hold":0,"sold_today":0,"sales_last_days":0,"reserved_stock":null,"customer_returns":null,"warehouse_damage":null,"lost_in_post":null,"other_logs":null,"out_stock_days":0,"lost_sales":0,"has_location":null,"update_date":"2026-04-27T07:13:52","atum_locations":[],"atum_stock_status":"instock","restock_status":false,"low_stock_amount":"","sales_update_date":"2026-01-30T01:24:51","calc_backorders":null,"_links":{"self":[{"href":"https:\/\/aromasentia.com\/no\/wp-json\/wp\/v2\/product\/204601","targetHints":{"allow":["GET"]}}],"collection":[{"href":"https:\/\/aromasentia.com\/no\/wp-json\/wp\/v2\/product"}],"about":[{"href":"https:\/\/aromasentia.com\/no\/wp-json\/wp\/v2\/types\/product"}],"replies":[{"embeddable":true,"href":"https:\/\/aromasentia.com\/no\/wp-json\/wp\/v2\/comments?post=204601"}],"version-history":[{"count":0,"href":"https:\/\/aromasentia.com\/no\/wp-json\/wp\/v2\/product\/204601\/revisions"}],"wp:featuredmedia":[{"embeddable":true,"href":"https:\/\/aromasentia.com\/no\/wp-json\/wp\/v2\/media\/406148"}],"wp:attachment":[{"href":"https:\/\/aromasentia.com\/no\/wp-json\/wp\/v2\/media?parent=204601"}],"wp:term":[{"taxonomy":"product_brand","embeddable":true,"href":"https:\/\/aromasentia.com\/no\/wp-json\/wp\/v2\/product_brand?post=204601"},{"taxonomy":"product_cat","embeddable":true,"href":"https:\/\/aromasentia.com\/no\/wp-json\/wp\/v2\/product_cat?post=204601"},{"taxonomy":"product_tag","embeddable":true,"href":"https:\/\/aromasentia.com\/no\/wp-json\/wp\/v2\/product_tag?post=204601"}],"curies":[{"name":"wp","href":"https:\/\/api.w.org\/{rel}","templated":true}]}}