{"id":204596,"date":"2025-03-23T10:30:45","date_gmt":"2025-03-23T10:30:45","guid":{"rendered":"https:\/\/aromasentia.com\/product\/smudge-stick-white-sage-and-7-corn-leaves\/"},"modified":"2025-05-31T00:57:42","modified_gmt":"2025-05-31T00:57:42","slug":"smudge-stick-hvit-salvie-og-7-maisblader","status":"publish","type":"product","link":"https:\/\/aromasentia.com\/no\/smudge-stick-hvit-salvie-og-7-maisblader\/","title":{"rendered":"Smudge Stick &#8211; Hvit Salvie Og 7 Maisblader"},"content":{"rendered":"<p>Vi introduserer v\u00e5r <strong>Wholesale Smudge Stick<\/strong> laget av en blanding av <strong>White Sage og 7 Corn Leaves<\/strong>, en kraftfull kombinasjon som er perfekt for \u00e5ndelig rensing og renselse. Denne pinnen er ca. 10 cm lang.<\/p>\n<p><strong><strong><em>Hvit salvie&nbsp;<\/em><\/strong>har blitt brukt i \u00e5rhundrer av urfolk for sine \u00e5ndelige og medisinske egenskaper. Den distinkte og behagelige aromaen antas \u00e5 ha kraftige rensende og rensende egenskaper som kan fjerne negativ energi og fremme positiv energi. <strong><em>De 7 kornbladene<\/em><\/strong>, ogs\u00e5 kjent som &laquo;de syv retningenes hellige plante&raquo;, er tradisjonelt brukt av urfolk i Nord-Amerika for sin \u00e5ndelige betydning og evne til \u00e5 fremme balanse og harmoni.<\/p>\n<p>V\u00e5r White Sage and 7 Corn Leaves Smudge Stick er perfekt for \u00e5ndelige ut\u00f8vere, healere og alle som er interessert i \u00e5 bruke naturlige midler for \u00e5ndelig rensing og renselse. Bruk den til \u00e5 sm\u00f8re deg selv, hjemmet ditt eller andre steder som trenger litt ekstra rensing og balanse.<\/p>\n<p>I det store og hele er v\u00e5r Wholesale Smudge Stick laget av hvit salvie og 7 maisblader et naturlig verkt\u00f8y av h\u00f8y kvalitet som kan hjelpe deg med \u00e5 fremme \u00e5ndelig velv\u00e6re og balanse. Den unike aromaen og de kraftfulle egenskapene gj\u00f8r den til et utmerket valg for alle som \u00f8nsker \u00e5 innlemme naturlige midler i sin \u00e5ndelige praksis. Ved regelmessig bruk kan du oppleve en dypere forbindelse med din \u00e5ndelighet <\/p>\n<p>\n","protected":false},"excerpt":{"rendered":"<p>Vi introduserer v\u00e5r Wholesale Smudge Stick laget av en blanding av White Sage og 7 Corn Leaves, en kraftfull kombinasjon som er perfekt for \u00e5ndelig rensing og renselse. Denne pinnen er ca. 10 cm lang. Hvit salvie&nbsp;har blitt brukt i \u00e5rhundrer av urfolk for sine \u00e5ndelige og medisinske egenskaper. Den distinkte og behagelige aromaen antas [&hellip;]<\/p>\n","protected":false},"featured_media":406063,"comment_status":"closed","ping_status":"open","template":"","meta":{"_angie_page":false},"product_brand":[],"product_cat":[25843,26493,8747,25819,26862],"product_tag":[],"class_list":{"0":"post-204596","1":"product","2":"type-product","3":"status-publish","4":"has-post-thumbnail","6":"product_cat-dufter-aromaer","7":"product_cat-hvit-salvie","8":"product_cat-rokelse-og-rokelsesholdere","9":"product_cat-smudge-sticks","10":"product_cat-urte-aromatisk","11":"pa_collection-wrapped-smudge-sticks-no","12":"pa_made-in-mexico","14":"first","15":"instock","16":"purchasable","17":"product-type-simple"},"supplier_id":null,"supplier_sku":"MSage-51","barcode":null,"atum_controlled":true,"out_stock_date":null,"out_stock_threshold":null,"inheritable":false,"inbound_stock":null,"stock_on_hold":0,"sold_today":0,"sales_last_days":0,"reserved_stock":null,"customer_returns":null,"warehouse_damage":null,"lost_in_post":null,"other_logs":null,"out_stock_days":0,"lost_sales":0,"has_location":null,"update_date":"2026-04-27T07:13:52","atum_locations":[],"atum_stock_status":"instock","restock_status":false,"low_stock_amount":"","sales_update_date":"2026-01-30T01:24:47","calc_backorders":null,"_links":{"self":[{"href":"https:\/\/aromasentia.com\/no\/wp-json\/wp\/v2\/product\/204596","targetHints":{"allow":["GET"]}}],"collection":[{"href":"https:\/\/aromasentia.com\/no\/wp-json\/wp\/v2\/product"}],"about":[{"href":"https:\/\/aromasentia.com\/no\/wp-json\/wp\/v2\/types\/product"}],"replies":[{"embeddable":true,"href":"https:\/\/aromasentia.com\/no\/wp-json\/wp\/v2\/comments?post=204596"}],"version-history":[{"count":0,"href":"https:\/\/aromasentia.com\/no\/wp-json\/wp\/v2\/product\/204596\/revisions"}],"wp:featuredmedia":[{"embeddable":true,"href":"https:\/\/aromasentia.com\/no\/wp-json\/wp\/v2\/media\/406063"}],"wp:attachment":[{"href":"https:\/\/aromasentia.com\/no\/wp-json\/wp\/v2\/media?parent=204596"}],"wp:term":[{"taxonomy":"product_brand","embeddable":true,"href":"https:\/\/aromasentia.com\/no\/wp-json\/wp\/v2\/product_brand?post=204596"},{"taxonomy":"product_cat","embeddable":true,"href":"https:\/\/aromasentia.com\/no\/wp-json\/wp\/v2\/product_cat?post=204596"},{"taxonomy":"product_tag","embeddable":true,"href":"https:\/\/aromasentia.com\/no\/wp-json\/wp\/v2\/product_tag?post=204596"}],"curies":[{"name":"wp","href":"https:\/\/api.w.org\/{rel}","templated":true}]}}