{"id":204594,"date":"2025-03-23T10:30:45","date_gmt":"2025-03-23T10:30:45","guid":{"rendered":"https:\/\/aromasentia.com\/product\/smudge-stick-native-joy-sage-10cm\/"},"modified":"2025-05-31T00:57:38","modified_gmt":"2025-05-31T00:57:38","slug":"smudge-stick-native-joy-sage-10-cm-2","status":"publish","type":"product","link":"https:\/\/aromasentia.com\/no\/smudge-stick-native-joy-sage-10-cm-2\/","title":{"rendered":"Smudge Stick &#8211; Native Joy Sage 10 cm"},"content":{"rendered":"<p style=\"text-align: justify;\"><strong><span style=\"color: rgb(75, 80, 88);\">Smudge Stick &#8211; Native Joy Sage 10cm<\/span><\/strong><span style=\"color: rgb(75, 80, 88);\">importeres direkte fra Mexico. Individuelt h\u00e5ndrullet og h\u00e5ndpakket i hobbypapir.<\/span><\/p>\n<p style=\"text-align: justify;\"><span style=\"color: rgb(75, 80, 88);\">Smudge Sticks<strong>&nbsp;<\/strong>kan brukes til rensing av auraen, for eksempel f\u00f8r meditasjon eller b\u00f8nn, eller de brukes ofte av kroppsarbeidere og terapeuter f\u00f8r behandlinger.<\/span><\/p>\n<p style=\"text-align: justify;\"><span style=\"color: rgb(75, 80, 88);\">Smudging har lenge v\u00e6rt brukt for \u00e5 koble seg til den \u00e5ndelige verden eller styrke intuisjonen.<\/span><\/p>\n<p style=\"text-align: justify;\"><span style=\"color: rgb(75, 80, 88);\">Brennende salvie eller smudge kan l\u00f8fte hum\u00f8ret, det kan ogs\u00e5 v\u00e6re en god alliert mot stress. Praksisen med \u00e5 brenne smudging er ganske enkel, et skjell eller en bolle av keramikk, leirefat eller glass for \u00e5 holde brennende salvie eller fange aske, valgfritt kan du bruke fj\u00e6r eller vifte for \u00e5 vifte r\u00f8yk.<\/span><\/p>\n<p style=\"text-align: justify;\"><strong><span style=\"color: rgb(75, 80, 88);\">Selges innpakket i papir, merket og med strekkode.<\/span><\/strong><\/p>\n<p style=\"text-align: justify;\"><strong><span style=\"color: rgb(141, 186, 216);\">Bestill n\u00e5 og tilby kundene dine det beste utvalget av Smudge Sticks.<\/span><\/strong><\/p>\n","protected":false},"excerpt":{"rendered":"<p>Smudge Stick &#8211; Native Joy Sage 10cmimporteres direkte fra Mexico. Individuelt h\u00e5ndrullet og h\u00e5ndpakket i hobbypapir. Smudge Sticks&nbsp;kan brukes til rensing av auraen, for eksempel f\u00f8r meditasjon eller b\u00f8nn, eller de brukes ofte av kroppsarbeidere og terapeuter f\u00f8r behandlinger. Smudging har lenge v\u00e6rt brukt for \u00e5 koble seg til den \u00e5ndelige verden eller styrke intuisjonen. [&hellip;]<\/p>\n","protected":false},"featured_media":406037,"comment_status":"closed","ping_status":"open","template":"","meta":{"_angie_page":false},"product_brand":[],"product_cat":[25843,8747,26381,25819,26862],"product_tag":[],"class_list":{"0":"post-204594","1":"product","2":"type-product","3":"status-publish","4":"has-post-thumbnail","6":"product_cat-dufter-aromaer","7":"product_cat-rokelse-og-rokelsesholdere","8":"product_cat-salvie","9":"product_cat-smudge-sticks","10":"product_cat-urte-aromatisk","11":"pa_collection-wrapped-smudge-sticks-no","12":"pa_made-in-mexico","14":"first","15":"outofstock","16":"purchasable","17":"product-type-simple"},"supplier_id":null,"supplier_sku":"MSage-49","barcode":null,"atum_controlled":true,"out_stock_date":"2025-09-05 01:11:28","out_stock_threshold":null,"inheritable":false,"inbound_stock":null,"stock_on_hold":0,"sold_today":0,"sales_last_days":0,"reserved_stock":null,"customer_returns":null,"warehouse_damage":null,"lost_in_post":null,"other_logs":null,"out_stock_days":0,"lost_sales":0,"has_location":null,"update_date":"2026-04-27T07:13:52","atum_locations":[],"atum_stock_status":"outofstock","restock_status":false,"low_stock_amount":"","sales_update_date":"2025-09-03T00:19:17","calc_backorders":null,"_links":{"self":[{"href":"https:\/\/aromasentia.com\/no\/wp-json\/wp\/v2\/product\/204594","targetHints":{"allow":["GET"]}}],"collection":[{"href":"https:\/\/aromasentia.com\/no\/wp-json\/wp\/v2\/product"}],"about":[{"href":"https:\/\/aromasentia.com\/no\/wp-json\/wp\/v2\/types\/product"}],"replies":[{"embeddable":true,"href":"https:\/\/aromasentia.com\/no\/wp-json\/wp\/v2\/comments?post=204594"}],"version-history":[{"count":0,"href":"https:\/\/aromasentia.com\/no\/wp-json\/wp\/v2\/product\/204594\/revisions"}],"wp:featuredmedia":[{"embeddable":true,"href":"https:\/\/aromasentia.com\/no\/wp-json\/wp\/v2\/media\/406037"}],"wp:attachment":[{"href":"https:\/\/aromasentia.com\/no\/wp-json\/wp\/v2\/media?parent=204594"}],"wp:term":[{"taxonomy":"product_brand","embeddable":true,"href":"https:\/\/aromasentia.com\/no\/wp-json\/wp\/v2\/product_brand?post=204594"},{"taxonomy":"product_cat","embeddable":true,"href":"https:\/\/aromasentia.com\/no\/wp-json\/wp\/v2\/product_cat?post=204594"},{"taxonomy":"product_tag","embeddable":true,"href":"https:\/\/aromasentia.com\/no\/wp-json\/wp\/v2\/product_tag?post=204594"}],"curies":[{"name":"wp","href":"https:\/\/api.w.org\/{rel}","templated":true}]}}