{"id":204572,"date":"2025-03-23T10:30:45","date_gmt":"2025-03-23T10:30:45","guid":{"rendered":"https:\/\/aromasentia.com\/product\/smudge-stick-white-sage-sweetgrass-10cm\/"},"modified":"2025-05-31T00:56:36","modified_gmt":"2025-05-31T00:56:36","slug":"smudge-stick-hvit-salvie-og-sotgras-10-cm-2","status":"publish","type":"product","link":"https:\/\/aromasentia.com\/no\/smudge-stick-hvit-salvie-og-sotgras-10-cm-2\/","title":{"rendered":"Smudge Stick &#8211; Hvit Salvie Og S\u00f8tgras 10 cm"},"content":{"rendered":"<p><span style=\"color: rgb(75, 80, 88);\"><strong>Aroma Sentia Smudge Sticks Smudge Stick &#8211; Hvit salvie og s\u00f8tgress 10 cm<\/strong> <strong>&nbsp;<\/strong>kan brukes til rensing av auraen, for eksempel f\u00f8r meditasjon eller b\u00f8nn, eller de brukes ofte av kroppsarbeidere og terapeuter f\u00f8r behandlinger.<\/span><\/p>\n<p><span style=\"color: rgb(75, 80, 88);\">Smudging har lenge v\u00e6rt brukt for \u00e5 koble seg til den \u00e5ndelige verden eller styrke intuisjonen. Brennende salvie eller smudging kan l\u00f8fte hum\u00f8ret, det kan ogs\u00e5 v\u00e6re en god alliert mot stress.<\/span><\/p>\n","protected":false},"excerpt":{"rendered":"<p>Aroma Sentia Smudge Sticks Smudge Stick &#8211; Hvit salvie og s\u00f8tgress 10 cm &nbsp;kan brukes til rensing av auraen, for eksempel f\u00f8r meditasjon eller b\u00f8nn, eller de brukes ofte av kroppsarbeidere og terapeuter f\u00f8r behandlinger. Smudging har lenge v\u00e6rt brukt for \u00e5 koble seg til den \u00e5ndelige verden eller styrke intuisjonen. Brennende salvie eller smudging [&hellip;]<\/p>\n","protected":false},"featured_media":405831,"comment_status":"closed","ping_status":"open","template":"","meta":[],"product_brand":[],"product_cat":[25843,26493,8747,25819,26862],"product_tag":[],"class_list":{"0":"post-204572","1":"product","2":"type-product","3":"status-publish","4":"has-post-thumbnail","6":"product_cat-dufter-aromaer","7":"product_cat-hvit-salvie","8":"product_cat-rokelse-og-rokelsesholdere","9":"product_cat-smudge-sticks","10":"product_cat-urte-aromatisk","11":"pa_collection-wrapped-smudge-sticks-no","12":"pa_made-in-mexico","14":"first","15":"outofstock","16":"purchasable","17":"product-type-simple"},"supplier_id":null,"supplier_sku":"MSage-26","barcode":null,"atum_controlled":true,"out_stock_date":"2026-02-09 03:17:16","out_stock_threshold":null,"inheritable":false,"inbound_stock":null,"stock_on_hold":0,"sold_today":0,"sales_last_days":0,"reserved_stock":null,"customer_returns":null,"warehouse_damage":null,"lost_in_post":null,"other_logs":null,"out_stock_days":0,"lost_sales":0,"has_location":null,"update_date":"2026-02-09T03:17:16","atum_locations":[],"atum_stock_status":"outofstock","restock_status":false,"low_stock_amount":"","sales_update_date":"2025-09-03T00:19:13","calc_backorders":null,"_links":{"self":[{"href":"https:\/\/aromasentia.com\/no\/wp-json\/wp\/v2\/product\/204572","targetHints":{"allow":["GET"]}}],"collection":[{"href":"https:\/\/aromasentia.com\/no\/wp-json\/wp\/v2\/product"}],"about":[{"href":"https:\/\/aromasentia.com\/no\/wp-json\/wp\/v2\/types\/product"}],"replies":[{"embeddable":true,"href":"https:\/\/aromasentia.com\/no\/wp-json\/wp\/v2\/comments?post=204572"}],"version-history":[{"count":0,"href":"https:\/\/aromasentia.com\/no\/wp-json\/wp\/v2\/product\/204572\/revisions"}],"wp:featuredmedia":[{"embeddable":true,"href":"https:\/\/aromasentia.com\/no\/wp-json\/wp\/v2\/media\/405831"}],"wp:attachment":[{"href":"https:\/\/aromasentia.com\/no\/wp-json\/wp\/v2\/media?parent=204572"}],"wp:term":[{"taxonomy":"product_brand","embeddable":true,"href":"https:\/\/aromasentia.com\/no\/wp-json\/wp\/v2\/product_brand?post=204572"},{"taxonomy":"product_cat","embeddable":true,"href":"https:\/\/aromasentia.com\/no\/wp-json\/wp\/v2\/product_cat?post=204572"},{"taxonomy":"product_tag","embeddable":true,"href":"https:\/\/aromasentia.com\/no\/wp-json\/wp\/v2\/product_tag?post=204572"}],"curies":[{"name":"wp","href":"https:\/\/api.w.org\/{rel}","templated":true}]}}