{"id":204554,"date":"2025-03-23T10:30:55","date_gmt":"2025-03-23T10:30:55","guid":{"rendered":"https:\/\/aromasentia.com\/product\/palo-santo-large-incense-sticks-eucalyptus\/"},"modified":"2025-05-31T00:55:23","modified_gmt":"2025-05-31T00:55:23","slug":"palo-santo-rokelsespinner-store-eukalyptus","status":"publish","type":"product","link":"https:\/\/aromasentia.com\/no\/palo-santo-rokelsespinner-store-eukalyptus\/","title":{"rendered":"Palo Santo R\u00f8kelsespinner Store &#8211; Eukalyptus"},"content":{"rendered":"<p>Disse <strong>Aroma Sentia-ing Artisan Palo Santo store r\u00f8kelsespinnene &#8211; Eukalyptus<\/strong>er vakkert pakket i en kraftkonvolutt som vil tiltrekke seg kundens oppmerksomhet. Palo Santo betyr bokstavelig talt hellig tre. Legg den til i portef\u00f8ljen din, bestill n\u00e5 og rens hjemmet ditt med r\u00f8yken fra denne r\u00f8kelsen.<\/p>\n<p><strong><span style=\"color: rgb(184, 49, 47);\">* 1 pakke inneholder 4 r\u00f8kelsespinner *<\/span><\/strong><\/p>\n<p><span style=\"color: rgb(0, 0, 0);\"><strong>Bestill n\u00e5 og ta med hellig tre hjem til kundene dine.<\/strong><\/span><\/p>\n","protected":false},"excerpt":{"rendered":"<p>Disse Aroma Sentia-ing Artisan Palo Santo store r\u00f8kelsespinnene &#8211; Eukalyptuser vakkert pakket i en kraftkonvolutt som vil tiltrekke seg kundens oppmerksomhet. Palo Santo betyr bokstavelig talt hellig tre. Legg den til i portef\u00f8ljen din, bestill n\u00e5 og rens hjemmet ditt med r\u00f8yken fra denne r\u00f8kelsen. * 1 pakke inneholder 4 r\u00f8kelsespinner * Bestill n\u00e5 og [&hellip;]<\/p>\n","protected":false},"featured_media":642698,"comment_status":"closed","ping_status":"open","template":"","meta":{"_angie_page":false},"product_brand":[],"product_cat":[25843,26179,26869,26325,8747,8758,26897],"product_tag":[],"class_list":{"0":"post-204554","1":"product","2":"type-product","3":"status-publish","4":"has-post-thumbnail","6":"product_cat-dufter-aromaer","7":"product_cat-eukalyptus","8":"product_cat-medisinsk-kamferaktig","9":"product_cat-palo-santo-scents-aromas","10":"product_cat-rokelse-og-rokelsesholdere","11":"product_cat-rokelsespinner","12":"product_cat-treaktig","13":"pa_collection-palo-santo-large-incense-sticks-no","14":"pa_made-in-peru","16":"first","17":"instock","18":"purchasable","19":"product-type-simple"},"supplier_id":null,"supplier_sku":"MSantoI-14","barcode":null,"atum_controlled":true,"out_stock_date":null,"out_stock_threshold":null,"inheritable":false,"inbound_stock":null,"stock_on_hold":0,"sold_today":0,"sales_last_days":0,"reserved_stock":null,"customer_returns":null,"warehouse_damage":null,"lost_in_post":null,"other_logs":null,"out_stock_days":0,"lost_sales":0,"has_location":null,"update_date":"2026-04-27T07:14:01","atum_locations":[],"atum_stock_status":"instock","restock_status":false,"low_stock_amount":"","sales_update_date":"2026-02-06T00:02:34","calc_backorders":null,"_links":{"self":[{"href":"https:\/\/aromasentia.com\/no\/wp-json\/wp\/v2\/product\/204554","targetHints":{"allow":["GET"]}}],"collection":[{"href":"https:\/\/aromasentia.com\/no\/wp-json\/wp\/v2\/product"}],"about":[{"href":"https:\/\/aromasentia.com\/no\/wp-json\/wp\/v2\/types\/product"}],"replies":[{"embeddable":true,"href":"https:\/\/aromasentia.com\/no\/wp-json\/wp\/v2\/comments?post=204554"}],"version-history":[{"count":0,"href":"https:\/\/aromasentia.com\/no\/wp-json\/wp\/v2\/product\/204554\/revisions"}],"wp:featuredmedia":[{"embeddable":true,"href":"https:\/\/aromasentia.com\/no\/wp-json\/wp\/v2\/media\/642698"}],"wp:attachment":[{"href":"https:\/\/aromasentia.com\/no\/wp-json\/wp\/v2\/media?parent=204554"}],"wp:term":[{"taxonomy":"product_brand","embeddable":true,"href":"https:\/\/aromasentia.com\/no\/wp-json\/wp\/v2\/product_brand?post=204554"},{"taxonomy":"product_cat","embeddable":true,"href":"https:\/\/aromasentia.com\/no\/wp-json\/wp\/v2\/product_cat?post=204554"},{"taxonomy":"product_tag","embeddable":true,"href":"https:\/\/aromasentia.com\/no\/wp-json\/wp\/v2\/product_tag?post=204554"}],"curies":[{"name":"wp","href":"https:\/\/api.w.org\/{rel}","templated":true}]}}