{"id":204546,"date":"2025-03-23T10:30:55","date_gmt":"2025-03-23T10:30:55","guid":{"rendered":"https:\/\/aromasentia.com\/product\/smudge-stick-white-sage-ginger-and-cedar\/"},"modified":"2025-05-31T00:54:40","modified_gmt":"2025-05-31T00:54:40","slug":"smudge-stick-hvit-salvie-ingefaer-og-sedertre","status":"publish","type":"product","link":"https:\/\/aromasentia.com\/no\/smudge-stick-hvit-salvie-ingefaer-og-sedertre\/","title":{"rendered":"Smudge Stick &#8211; Hvit Salvie, Ingef\u00e6r Og Sedertre"},"content":{"rendered":"<p>Innf\u00f8rer v\u00e5r <strong>grossist Smudge Stick<\/strong>, med en kraftig kombinasjon av <strong>hvit salvie, ingef\u00e6r og sedertre<\/strong>. Denne smudge-pinnen er perfekt for deg som \u00f8nsker \u00e5 rense hjemmet eller rommet ditt, forbedre meditasjonspraksisen eller bare nyte den beroligende og lindrende aromaen av hvit salvie, ingef\u00e6r og sedertre.<\/p>\n<p><strong><em>Hvit salvie<\/em><\/strong> har blitt brukt i \u00e5rhundrer av urfolkssamfunn i Nord-Amerika til \u00e5ndelige og medisinske form\u00e5l. Den antas \u00e5 ha rensende egenskaper som kan bidra til \u00e5 fjerne negativ energi, rense luften og fremme generelt velv\u00e6re. <strong><em>Ingef\u00e6r<\/em><\/strong> er et popul\u00e6rt krydder som har blitt brukt i tusenvis av \u00e5r for sine betennelsesdempende og antioksidantegenskaper, samt sin evne til \u00e5 berolige kropp og sinn. <strong><em>Seder<\/em><\/strong> er et hellig tre som har blitt brukt av mange urfolkskulturer for sine rensende og jordn\u00e6re egenskaper.<\/p>\n<p>V\u00e5r White Sage, Ginger and Cedar Smudge Stick er perfekt for alle som er p\u00e5 utkikk etter en unik og kraftfull smudge stick \u00e5 innlemme i sin \u00e5ndelige praksis. Ved regelmessig bruk kan du oppleve en dypere forbindelse til din \u00e5ndelighet og en st\u00f8rre f\u00f8lelse av beskyttelse og velv\u00e6re.<\/p>\n<p>Uavhengig av om du er en \u00e5ndelig ut\u00f8ver, en velv\u00e6reentusiast eller bare leter etter en naturlig m\u00e5te \u00e5 friske opp rommet ditt p\u00e5, er v\u00e5r smudge stick det perfekte valget.<\/p>\n<\/p>\n<p>\n","protected":false},"excerpt":{"rendered":"<p>Innf\u00f8rer v\u00e5r grossist Smudge Stick, med en kraftig kombinasjon av hvit salvie, ingef\u00e6r og sedertre. Denne smudge-pinnen er perfekt for deg som \u00f8nsker \u00e5 rense hjemmet eller rommet ditt, forbedre meditasjonspraksisen eller bare nyte den beroligende og lindrende aromaen av hvit salvie, ingef\u00e6r og sedertre. Hvit salvie har blitt brukt i \u00e5rhundrer av urfolkssamfunn i [&hellip;]<\/p>\n","protected":false},"featured_media":406216,"comment_status":"closed","ping_status":"open","template":"","meta":{"_angie_page":false},"product_brand":[],"product_cat":[25843,26493,26193,26890,8747,25819,26862],"product_tag":[],"class_list":{"0":"post-204546","1":"product","2":"type-product","3":"status-publish","4":"has-post-thumbnail","6":"product_cat-dufter-aromaer","7":"product_cat-hvit-salvie","8":"product_cat-ingefaer","9":"product_cat-krydret","10":"product_cat-rokelse-og-rokelsesholdere","11":"product_cat-smudge-sticks","12":"product_cat-urte-aromatisk","13":"pa_collection-wrapped-smudge-sticks-no","14":"pa_made-in-mexico","16":"first","17":"instock","18":"purchasable","19":"product-type-simple"},"supplier_id":null,"supplier_sku":"MSage-60","barcode":null,"atum_controlled":true,"out_stock_date":null,"out_stock_threshold":null,"inheritable":false,"inbound_stock":null,"stock_on_hold":0,"sold_today":0,"sales_last_days":0,"reserved_stock":null,"customer_returns":null,"warehouse_damage":null,"lost_in_post":null,"other_logs":null,"out_stock_days":0,"lost_sales":0,"has_location":null,"update_date":"2026-04-27T07:14:01","atum_locations":[],"atum_stock_status":"instock","restock_status":false,"low_stock_amount":"","sales_update_date":"2025-09-03T00:19:07","calc_backorders":null,"_links":{"self":[{"href":"https:\/\/aromasentia.com\/no\/wp-json\/wp\/v2\/product\/204546","targetHints":{"allow":["GET"]}}],"collection":[{"href":"https:\/\/aromasentia.com\/no\/wp-json\/wp\/v2\/product"}],"about":[{"href":"https:\/\/aromasentia.com\/no\/wp-json\/wp\/v2\/types\/product"}],"replies":[{"embeddable":true,"href":"https:\/\/aromasentia.com\/no\/wp-json\/wp\/v2\/comments?post=204546"}],"version-history":[{"count":0,"href":"https:\/\/aromasentia.com\/no\/wp-json\/wp\/v2\/product\/204546\/revisions"}],"wp:featuredmedia":[{"embeddable":true,"href":"https:\/\/aromasentia.com\/no\/wp-json\/wp\/v2\/media\/406216"}],"wp:attachment":[{"href":"https:\/\/aromasentia.com\/no\/wp-json\/wp\/v2\/media?parent=204546"}],"wp:term":[{"taxonomy":"product_brand","embeddable":true,"href":"https:\/\/aromasentia.com\/no\/wp-json\/wp\/v2\/product_brand?post=204546"},{"taxonomy":"product_cat","embeddable":true,"href":"https:\/\/aromasentia.com\/no\/wp-json\/wp\/v2\/product_cat?post=204546"},{"taxonomy":"product_tag","embeddable":true,"href":"https:\/\/aromasentia.com\/no\/wp-json\/wp\/v2\/product_tag?post=204546"}],"curies":[{"name":"wp","href":"https:\/\/api.w.org\/{rel}","templated":true}]}}