{"id":204545,"date":"2025-03-23T10:30:55","date_gmt":"2025-03-23T10:30:55","guid":{"rendered":"https:\/\/aromasentia.com\/product\/polished-aluminium-tree-of-life-incense-holder-10cm\/"},"modified":"2025-05-31T00:54:37","modified_gmt":"2025-05-31T00:54:37","slug":"livets-tre-i-polert-aluminium-rokelsesholder-10-cm","status":"publish","type":"product","link":"https:\/\/aromasentia.com\/no\/livets-tre-i-polert-aluminium-rokelsesholder-10-cm\/","title":{"rendered":"Livets Tre I Polert Aluminium &#8211; R\u00f8kelsesholder 10 cm"},"content":{"rendered":"<p><strong>Grossistparti med Livets Tre-r\u00f8kelsesholdere i polert aluminium, direkte importert fra India. Disse vakre r\u00f8kelsesholderne er 10 cm h\u00f8ye og er en stilig m\u00e5te \u00e5 brenne dine favorittr\u00f8kelsespinner p\u00e5. <strong>Livets tre-symbolet representerer vekst, forbindelse og \u00e5ndelig forankring<\/strong>, noe som gj\u00f8r denne r\u00f8kelsesholderen til et perfekt tillegg til enhver innredningssamling eller yogastudio.<\/p>\n<p>Funksjoner:&nbsp;<\/p>\n<p><strong>Livets tre-design<\/strong>: Et universelt symbol p\u00e5 vekst, kontakt og \u00e5ndelig forankring.<\/p>\n<p><strong>Polert aluminium:<\/strong> Laget av h\u00f8ykvalitets aluminium for en vakker og reflekterende finish.<\/p>\n<p><strong>Kompakt st\u00f8rrelse (10 cm)<\/strong>: Perfekt st\u00f8rrelse for skrivebord, sidebord eller meditasjonsrom.<\/p>\n<p><strong>Ideell gave:<\/strong> En meningsfull gave til alle som setter pris p\u00e5 yoga, meditasjon eller \u00e5ndelig symbolikk.<\/p>\n<p>Fordeler:<\/p>\n<p><strong>Fremmer en f\u00f8lelse av fred og ro.<\/strong> <\/strong>Fremmer f\u00f8lelsen av fred og ro.<\/strong><\/p>\n<p>Brenner r\u00f8kelsespinner. <strong>Aluminiumskonstruksjon av h\u00f8y kvalitet for langvarig skj\u00f8nnhet.<\/strong><\/p>\n<p><\/p>\n<p><strong>Forvandle kundeomr\u00e5det ditt til et fredelig fristed. Bestill r\u00f8kelsesholdere i polert aluminium i dag! <br \/><\/strong><\/p>\n","protected":false},"excerpt":{"rendered":"<p>Grossistparti med Livets Tre-r\u00f8kelsesholdere i polert aluminium, direkte importert fra India. Disse vakre r\u00f8kelsesholderne er 10 cm h\u00f8ye og er en stilig m\u00e5te \u00e5 brenne dine favorittr\u00f8kelsespinner p\u00e5. Livets tre-symbolet representerer vekst, forbindelse og \u00e5ndelig forankring, noe som gj\u00f8r denne r\u00f8kelsesholderen til et perfekt tillegg til enhver innredningssamling eller yogastudio. Funksjoner:&nbsp; Livets tre-design: Et universelt [&hellip;]<\/p>\n","protected":false},"featured_media":407281,"comment_status":"closed","ping_status":"open","template":"","meta":{"_angie_page":false},"product_brand":[],"product_cat":[8747,8751,8748],"product_tag":[],"class_list":{"0":"post-204545","1":"product","2":"type-product","3":"status-publish","4":"has-post-thumbnail","6":"product_cat-rokelse-og-rokelsesholdere","7":"product_cat-rokelseholder-for-rokelsekjegler","8":"product_cat-rokelsesholdere-og-rokelsesbrennere","9":"pa_collection-polished-aluminium-incense-holders-no","10":"pa_made-in-india","12":"first","13":"instock","14":"purchasable","15":"product-type-simple"},"supplier_id":null,"supplier_sku":"PAIH-05","barcode":null,"atum_controlled":true,"out_stock_date":null,"out_stock_threshold":null,"inheritable":false,"inbound_stock":null,"stock_on_hold":0,"sold_today":0,"sales_last_days":0,"reserved_stock":null,"customer_returns":null,"warehouse_damage":null,"lost_in_post":null,"other_logs":null,"out_stock_days":0,"lost_sales":0,"has_location":null,"update_date":"2026-05-08T05:16:48","atum_locations":[],"atum_stock_status":"instock","restock_status":false,"low_stock_amount":"","sales_update_date":"2025-09-03T00:19:06","calc_backorders":null,"_links":{"self":[{"href":"https:\/\/aromasentia.com\/no\/wp-json\/wp\/v2\/product\/204545","targetHints":{"allow":["GET"]}}],"collection":[{"href":"https:\/\/aromasentia.com\/no\/wp-json\/wp\/v2\/product"}],"about":[{"href":"https:\/\/aromasentia.com\/no\/wp-json\/wp\/v2\/types\/product"}],"replies":[{"embeddable":true,"href":"https:\/\/aromasentia.com\/no\/wp-json\/wp\/v2\/comments?post=204545"}],"version-history":[{"count":0,"href":"https:\/\/aromasentia.com\/no\/wp-json\/wp\/v2\/product\/204545\/revisions"}],"wp:featuredmedia":[{"embeddable":true,"href":"https:\/\/aromasentia.com\/no\/wp-json\/wp\/v2\/media\/407281"}],"wp:attachment":[{"href":"https:\/\/aromasentia.com\/no\/wp-json\/wp\/v2\/media?parent=204545"}],"wp:term":[{"taxonomy":"product_brand","embeddable":true,"href":"https:\/\/aromasentia.com\/no\/wp-json\/wp\/v2\/product_brand?post=204545"},{"taxonomy":"product_cat","embeddable":true,"href":"https:\/\/aromasentia.com\/no\/wp-json\/wp\/v2\/product_cat?post=204545"},{"taxonomy":"product_tag","embeddable":true,"href":"https:\/\/aromasentia.com\/no\/wp-json\/wp\/v2\/product_tag?post=204545"}],"curies":[{"name":"wp","href":"https:\/\/api.w.org\/{rel}","templated":true}]}}