{"id":204544,"date":"2025-03-23T10:30:55","date_gmt":"2025-03-23T10:30:55","guid":{"rendered":"https:\/\/aromasentia.com\/product\/polished-aluminium-tibetan-symbols-incense-holder-12cm\/"},"modified":"2025-05-31T00:54:35","modified_gmt":"2025-05-31T00:54:35","slug":"rokelsesholder-med-tibetanske-symboler-i-polert-aluminium-12-cm","status":"publish","type":"product","link":"https:\/\/aromasentia.com\/no\/rokelsesholder-med-tibetanske-symboler-i-polert-aluminium-12-cm\/","title":{"rendered":"R\u00f8kelsesholder med Tibetanske Symboler I Polert Aluminium, 12 cm"},"content":{"rendered":"<p><strong>R\u00f8kelsesholdere med tibetanske symboler<\/strong>, h\u00e5ndlagde og polerte r\u00f8kelsesholdere i aluminium med tibetanske symboler, direkte importert fra India. Disse vakre r\u00f8kelsesholderne er 12 cm h\u00f8ye og er en unik og stilig m\u00e5te \u00e5 brenne dine favorittr\u00f8kelsespinner eller -kegler (med flat base) p\u00e5. De eksakte symbolene varierer, men inkluderer ofte lykkeknuter, endel\u00f8se knuter og andre spirituelle motiver. Disse r\u00f8kelsesholderne er en perfekt m\u00e5te \u00e5 tilf\u00f8re et snev av <strong>Zen til ethvert hjem eller studio.<\/strong><\/p>\n<p>Funksjoner:&nbsp;<\/p>\n<\/p>\n<p><strong>Tibetansk symboldesign: Varierer, men har ofte lykkeknuter, endel\u00f8se knuter og andre spirituelle motiver.nbsp;<\/p>\n<p><strong>Polert aluminium<\/strong>: Laget av aluminium av h\u00f8y kvalitet som gir en vakker og reflekterende finish.&nbsp;<\/p>\n<p><strong>Stor st\u00f8rrelse (12 cm):&nbsp;<\/strong>Rom for de fleste vanlige r\u00f8kelsespinner og -kegler. Allsidig&nbsp;<\/p>\n<p>Fordeler:&nbsp;<\/p>\n<p><strong>F\u00f8yer et snev av eleganse og \u00e5ndelig symbolikk til ethvert rom.&nbsp;<\/strong><\/p>\n<p><strong>Fremmer en f\u00f8lelse av fred og ro.<\/strong;<\/strong><\/p>\n<p><strong>Brenner r\u00f8kelsespinner og -kegler.<\/strong><\/p>\n<p><strong>H\u00f8ykvalitets aluminiumskonstruksjon for langvarig skj\u00f8nnhet.<\/strong><\/p>\n<p><\/p>\n<p><strong>Forvandle kundeomr\u00e5det ditt til et fredelig fristed. Bestill r\u00f8kelsesholdere i polert aluminium i dag! <\/strong> <\/p><\/p>\n","protected":false},"excerpt":{"rendered":"<p>R\u00f8kelsesholdere med tibetanske symboler, h\u00e5ndlagde og polerte r\u00f8kelsesholdere i aluminium med tibetanske symboler, direkte importert fra India. Disse vakre r\u00f8kelsesholderne er 12 cm h\u00f8ye og er en unik og stilig m\u00e5te \u00e5 brenne dine favorittr\u00f8kelsespinner eller -kegler (med flat base) p\u00e5. De eksakte symbolene varierer, men inkluderer ofte lykkeknuter, endel\u00f8se knuter og andre spirituelle motiver. [&hellip;]<\/p>\n","protected":false},"featured_media":407264,"comment_status":"closed","ping_status":"open","template":"","meta":{"_angie_page":false},"product_brand":[],"product_cat":[8747,8751,8748],"product_tag":[],"class_list":{"0":"post-204544","1":"product","2":"type-product","3":"status-publish","4":"has-post-thumbnail","6":"product_cat-rokelse-og-rokelsesholdere","7":"product_cat-rokelseholder-for-rokelsekjegler","8":"product_cat-rokelsesholdere-og-rokelsesbrennere","9":"pa_collection-polished-aluminium-incense-holders-no","10":"pa_made-in-india","12":"first","13":"instock","14":"purchasable","15":"product-type-simple"},"supplier_id":null,"supplier_sku":"PAIH-04","barcode":null,"atum_controlled":true,"out_stock_date":null,"out_stock_threshold":null,"inheritable":false,"inbound_stock":null,"stock_on_hold":0,"sold_today":0,"sales_last_days":0,"reserved_stock":null,"customer_returns":null,"warehouse_damage":null,"lost_in_post":null,"other_logs":null,"out_stock_days":0,"lost_sales":0,"has_location":null,"update_date":"2026-05-08T05:16:48","atum_locations":[],"atum_stock_status":"instock","restock_status":false,"low_stock_amount":"","sales_update_date":"2026-01-30T01:26:03","calc_backorders":null,"_links":{"self":[{"href":"https:\/\/aromasentia.com\/no\/wp-json\/wp\/v2\/product\/204544","targetHints":{"allow":["GET"]}}],"collection":[{"href":"https:\/\/aromasentia.com\/no\/wp-json\/wp\/v2\/product"}],"about":[{"href":"https:\/\/aromasentia.com\/no\/wp-json\/wp\/v2\/types\/product"}],"replies":[{"embeddable":true,"href":"https:\/\/aromasentia.com\/no\/wp-json\/wp\/v2\/comments?post=204544"}],"version-history":[{"count":0,"href":"https:\/\/aromasentia.com\/no\/wp-json\/wp\/v2\/product\/204544\/revisions"}],"wp:featuredmedia":[{"embeddable":true,"href":"https:\/\/aromasentia.com\/no\/wp-json\/wp\/v2\/media\/407264"}],"wp:attachment":[{"href":"https:\/\/aromasentia.com\/no\/wp-json\/wp\/v2\/media?parent=204544"}],"wp:term":[{"taxonomy":"product_brand","embeddable":true,"href":"https:\/\/aromasentia.com\/no\/wp-json\/wp\/v2\/product_brand?post=204544"},{"taxonomy":"product_cat","embeddable":true,"href":"https:\/\/aromasentia.com\/no\/wp-json\/wp\/v2\/product_cat?post=204544"},{"taxonomy":"product_tag","embeddable":true,"href":"https:\/\/aromasentia.com\/no\/wp-json\/wp\/v2\/product_tag?post=204544"}],"curies":[{"name":"wp","href":"https:\/\/api.w.org\/{rel}","templated":true}]}}