{"id":204524,"date":"2025-03-23T10:30:55","date_gmt":"2025-03-23T10:30:55","guid":{"rendered":"https:\/\/aromasentia.com\/product\/natural-botanical-masala-incense-patchouli\/"},"modified":"2025-05-31T00:53:31","modified_gmt":"2025-05-31T00:53:31","slug":"masala-rokelse-naturlig-botanisk-patchouli","status":"publish","type":"product","link":"https:\/\/aromasentia.com\/no\/masala-rokelse-naturlig-botanisk-patchouli\/","title":{"rendered":"Masala R\u00f8kelse Naturlig Botanisk &#8211; Patchouli"},"content":{"rendered":"<p><span style=\"color: rgb(75, 80, 88);\">Velkommen til en verden av ren, naturlig duftende lykke med <strong>Naturlige botaniske Masala r\u00f8kelsespinner!<\/strong> Disse sm\u00e5 vidunderne er laget med kj\u00e6rlighet og omsorg i hjertet av India, og er her for \u00e5 fortrylle kundene dine og deres rom.<\/span><\/p>\n<p><span style=\"color: rgb(75, 80, 88);\"><strong>De blander naturlige urter og botaniske ingredienser i hver pinne<\/strong>, noe som sikrer en konsistent, fengslende duft som fyller rommet med ro. R\u00f8kelsespinnene v\u00e5re er laget av <strong>\u00f8kologiske ingredienser<\/strong>, noe som garanterer en ren og ren brenning. I tillegg kan du v\u00e6re trygg p\u00e5 at de er <strong>ikke testet p\u00e5 dyr<\/strong>.<\/span><\/p>\n<p><span style=\"color: rgb(75, 80, 88);\">R\u00f8kelsespinnene v\u00e5re kommer i en elegant eske som ikke bare bevarer friskheten, men ogs\u00e5 ser fantastiske ut p\u00e5 enhver hylle. Den er praktisk og et kunstverk i seg selv.<\/span><\/p>\n<p><span style=\"color: rgb(75, 80, 88);\"><strong>Selges i en attraktiv eske med vindu, hver pakke inneholder ca. 11 r\u00f8kelsespinner.<\/strong><\/span><\/p>\n<p><span style=\"color: rgb(75, 80, 88);\"><strong>Patchouli er en eksotisk og jordaktig duft med et hint av s\u00f8dme.<\/strong> Den er rik og forf\u00f8rende, kjent for sine jordn\u00e6re og balanserende egenskaper.<\/span><\/p>\n<p><span style=\"color: rgb(141, 186, 216);\"><strong>Patchoulis duft assosieres ofte med sensualitet og kreativitet, noe som gj\u00f8r den til et popul\u00e6rt valg for \u00e5 forbedre stemningen.<\/strong><\/span><\/p>\n","protected":false},"excerpt":{"rendered":"<p>Velkommen til en verden av ren, naturlig duftende lykke med Naturlige botaniske Masala r\u00f8kelsespinner! Disse sm\u00e5 vidunderne er laget med kj\u00e6rlighet og omsorg i hjertet av India, og er her for \u00e5 fortrylle kundene dine og deres rom. De blander naturlige urter og botaniske ingredienser i hver pinne, noe som sikrer en konsistent, fengslende duft [&hellip;]<\/p>\n","protected":false},"featured_media":406548,"comment_status":"closed","ping_status":"open","template":"","meta":{"_angie_page":false},"product_brand":[27121],"product_cat":[25843,26827,26335,8747,8758],"product_tag":[],"class_list":{"0":"post-204524","1":"product","2":"type-product","3":"status-publish","4":"has-post-thumbnail","6":"product_brand-namaste-india-incense","7":"product_cat-dufter-aromaer","8":"product_cat-jordlig-gronn","9":"product_cat-patchouli","10":"product_cat-rokelse-og-rokelsesholdere","11":"product_cat-rokelsespinner","12":"pa_collection-botanical-natural-masala-incense-sticks-no","13":"pa_made-in-india","15":"first","16":"instock","17":"purchasable","18":"product-type-simple"},"supplier_id":null,"supplier_sku":"NBoti-04","barcode":null,"atum_controlled":true,"out_stock_date":null,"out_stock_threshold":null,"inheritable":false,"inbound_stock":null,"stock_on_hold":0,"sold_today":0,"sales_last_days":0,"reserved_stock":null,"customer_returns":null,"warehouse_damage":null,"lost_in_post":null,"other_logs":null,"out_stock_days":0,"lost_sales":0,"has_location":null,"update_date":"2026-04-27T07:14:58","atum_locations":[],"atum_stock_status":"instock","restock_status":false,"low_stock_amount":"","sales_update_date":"2025-09-03T00:18:58","calc_backorders":null,"_links":{"self":[{"href":"https:\/\/aromasentia.com\/no\/wp-json\/wp\/v2\/product\/204524","targetHints":{"allow":["GET"]}}],"collection":[{"href":"https:\/\/aromasentia.com\/no\/wp-json\/wp\/v2\/product"}],"about":[{"href":"https:\/\/aromasentia.com\/no\/wp-json\/wp\/v2\/types\/product"}],"replies":[{"embeddable":true,"href":"https:\/\/aromasentia.com\/no\/wp-json\/wp\/v2\/comments?post=204524"}],"version-history":[{"count":0,"href":"https:\/\/aromasentia.com\/no\/wp-json\/wp\/v2\/product\/204524\/revisions"}],"wp:featuredmedia":[{"embeddable":true,"href":"https:\/\/aromasentia.com\/no\/wp-json\/wp\/v2\/media\/406548"}],"wp:attachment":[{"href":"https:\/\/aromasentia.com\/no\/wp-json\/wp\/v2\/media?parent=204524"}],"wp:term":[{"taxonomy":"product_brand","embeddable":true,"href":"https:\/\/aromasentia.com\/no\/wp-json\/wp\/v2\/product_brand?post=204524"},{"taxonomy":"product_cat","embeddable":true,"href":"https:\/\/aromasentia.com\/no\/wp-json\/wp\/v2\/product_cat?post=204524"},{"taxonomy":"product_tag","embeddable":true,"href":"https:\/\/aromasentia.com\/no\/wp-json\/wp\/v2\/product_tag?post=204524"}],"curies":[{"name":"wp","href":"https:\/\/api.w.org\/{rel}","templated":true}]}}