{"id":204503,"date":"2025-03-23T10:31:03","date_gmt":"2025-03-23T10:31:03","guid":{"rendered":"https:\/\/aromasentia.com\/product\/box-of-12-resin-cups-three-kings\/"},"modified":"2025-05-31T00:52:10","modified_gmt":"2025-05-31T00:52:10","slug":"boks-med-12-kopper-i-harpiks-hellig-tre-konger","status":"publish","type":"product","link":"https:\/\/aromasentia.com\/no\/boks-med-12-kopper-i-harpiks-hellig-tre-konger\/","title":{"rendered":"Boks med 12 Kopper I Harpiks &#8211; Hellig Tre Konger"},"content":{"rendered":"<p><span style=\"color: rgb(75, 80, 88);\">Duft hjemmet ditt med disse <strong>harpikskoppene.<\/strong><\/span><\/p>\n<p><span style=\"color: rgb(75, 80, 88);\">En av de eldste typene r\u00f8kelse, og i n\u00f8yaktig samme form som den som ble brukt av de tre vise menn for to tusen \u00e5r siden. <strong>Kundene dine kan bokstavelig talt gjenskape eldgammel aromatisk historie i sine egne hjem.<\/strong><\/span><\/p>\n<p>Ikke bare det, men de lukter fantastisk, den r\u00f8ykfylte aromatiske duften er herlig stemningsfull og beroligende. De kommer i en eske med 12 klare til salgs, i vakker emballasje som gj\u00f8r at de skiller seg ut, ideelle for \u00e5 markedsf\u00f8re dem som et gavesett.<\/p>\n<p><span style=\"color: rgb(75, 80, 88);\"><strong>Bruk:<\/strong> Tenn kanten av r\u00f8kelsesritualkoppen, la flammen fange, bl\u00e5s forsiktig ut flammen. Plasser den p\u00e5 koppholderen. &nbsp;<\/span><\/p>\n<p><span style=\"color: rgb(141, 186, 216);\"><strong>Bestill i dag og f\u00e5 disse fantastisk duftende harpiksbegre i nettbutikken din.<\/strong><\/span><\/p>\n<p>Merk: Ikke egnet for barn<\/p>\n","protected":false},"excerpt":{"rendered":"<p>Duft hjemmet ditt med disse harpikskoppene. En av de eldste typene r\u00f8kelse, og i n\u00f8yaktig samme form som den som ble brukt av de tre vise menn for to tusen \u00e5r siden. Kundene dine kan bokstavelig talt gjenskape eldgammel aromatisk historie i sine egne hjem. Ikke bare det, men de lukter fantastisk, den r\u00f8ykfylte aromatiske [&hellip;]<\/p>\n","protected":false},"featured_media":408311,"comment_status":"closed","ping_status":"open","template":"","meta":{"_angie_page":false},"product_brand":[],"product_cat":[8767,8747],"product_tag":[],"class_list":{"0":"post-204503","1":"product","2":"type-product","3":"status-publish","4":"has-post-thumbnail","6":"product_cat-harpiks-og-resinrokelse","7":"product_cat-rokelse-og-rokelsesholdere","8":"pa_collection-resin-cups-no","9":"pa_made-in-india","11":"first","12":"instock","13":"purchasable","14":"product-type-simple"},"supplier_id":null,"supplier_sku":"Rcup-02","barcode":null,"atum_controlled":true,"out_stock_date":null,"out_stock_threshold":null,"inheritable":false,"inbound_stock":null,"stock_on_hold":0,"sold_today":0,"sales_last_days":0,"reserved_stock":null,"customer_returns":null,"warehouse_damage":null,"lost_in_post":null,"other_logs":null,"out_stock_days":0,"lost_sales":0,"has_location":null,"update_date":"2026-05-04T00:04:58","atum_locations":[],"atum_stock_status":"instock","restock_status":false,"low_stock_amount":"","sales_update_date":"2026-01-30T01:24:39","calc_backorders":null,"_links":{"self":[{"href":"https:\/\/aromasentia.com\/no\/wp-json\/wp\/v2\/product\/204503","targetHints":{"allow":["GET"]}}],"collection":[{"href":"https:\/\/aromasentia.com\/no\/wp-json\/wp\/v2\/product"}],"about":[{"href":"https:\/\/aromasentia.com\/no\/wp-json\/wp\/v2\/types\/product"}],"replies":[{"embeddable":true,"href":"https:\/\/aromasentia.com\/no\/wp-json\/wp\/v2\/comments?post=204503"}],"version-history":[{"count":0,"href":"https:\/\/aromasentia.com\/no\/wp-json\/wp\/v2\/product\/204503\/revisions"}],"wp:featuredmedia":[{"embeddable":true,"href":"https:\/\/aromasentia.com\/no\/wp-json\/wp\/v2\/media\/408311"}],"wp:attachment":[{"href":"https:\/\/aromasentia.com\/no\/wp-json\/wp\/v2\/media?parent=204503"}],"wp:term":[{"taxonomy":"product_brand","embeddable":true,"href":"https:\/\/aromasentia.com\/no\/wp-json\/wp\/v2\/product_brand?post=204503"},{"taxonomy":"product_cat","embeddable":true,"href":"https:\/\/aromasentia.com\/no\/wp-json\/wp\/v2\/product_cat?post=204503"},{"taxonomy":"product_tag","embeddable":true,"href":"https:\/\/aromasentia.com\/no\/wp-json\/wp\/v2\/product_tag?post=204503"}],"curies":[{"name":"wp","href":"https:\/\/api.w.org\/{rel}","templated":true}]}}