{"id":204477,"date":"2025-03-23T10:31:03","date_gmt":"2025-03-23T10:31:03","guid":{"rendered":"https:\/\/aromasentia.com\/product\/25g-green-tree-palo-santo-sticks-3-4-sticks\/"},"modified":"2025-05-31T00:50:39","modified_gmt":"2025-05-31T00:50:39","slug":"25-g-green-tree-palo-santo-sticks-3-4-pinner","status":"publish","type":"product","link":"https:\/\/aromasentia.com\/no\/25-g-green-tree-palo-santo-sticks-3-4-pinner\/","title":{"rendered":"25 G Green Tree Palo Santo Sticks 3-4 Pinner"},"content":{"rendered":"<p>Da spanske munker oppdaget palo santo-treets evne til \u00e5 rense og helbrede, kalte de treet \u00abpalo santo\u00bb, som betyr \u00abhellig tre\u00bb. Mens noen urter kun brukes til \u00e5 rense et rom fra negativ energi, brukes andre til \u00e5 tiltrekke seg positiv energi etterp\u00e5. Palo santo er sjelden, fordi den gj\u00f8r begge deler samtidig. Gjennom brenningsprosessen frigj\u00f8res oljene i det hellige treet som renser rommet og menneskene det kommer i kontakt med, tiltrekker seg positiv energi og til og med helbreder mennesker p\u00e5 fysiske og subtile niv\u00e5er. Dette \u00f8ker folks evne til \u00e5 konsentrere seg og meditere.<\/p>\n<p>Palo Santo-treverket leveres til oss og stammer fra Peru og Ecuador. Innh\u00f8stingen av treverket vi selger kontrolleres av lokale myndigheter. Tr\u00e6rne er sv\u00e6rt sjeldne, og derfor blir de ikke hugget ned. Det tas kun fra treverket fra falne tr\u00e6r for \u00e5 h\u00f8ste og selge.<\/p>\n","protected":false},"excerpt":{"rendered":"<p>Da spanske munker oppdaget palo santo-treets evne til \u00e5 rense og helbrede, kalte de treet \u00abpalo santo\u00bb, som betyr \u00abhellig tre\u00bb. Mens noen urter kun brukes til \u00e5 rense et rom fra negativ energi, brukes andre til \u00e5 tiltrekke seg positiv energi etterp\u00e5. Palo santo er sjelden, fordi den gj\u00f8r begge deler samtidig. Gjennom brenningsprosessen [&hellip;]<\/p>\n","protected":false},"featured_media":407877,"comment_status":"closed","ping_status":"open","template":"","meta":{"_angie_page":false},"product_brand":[],"product_cat":[25843,26325,8747,26897],"product_tag":[],"class_list":{"0":"post-204477","1":"product","2":"type-product","3":"status-publish","4":"has-post-thumbnail","6":"product_cat-dufter-aromaer","7":"product_cat-palo-santo-scents-aromas","8":"product_cat-rokelse-og-rokelsesholdere","9":"product_cat-treaktig","10":"pa_collection-green-tree-palo-santo-no","11":"pa_made-in-peru","13":"first","14":"instock","15":"purchasable","16":"product-type-simple"},"supplier_id":null,"supplier_sku":"PSanto-01","barcode":null,"atum_controlled":true,"out_stock_date":null,"out_stock_threshold":null,"inheritable":false,"inbound_stock":null,"stock_on_hold":0,"sold_today":0,"sales_last_days":0,"reserved_stock":null,"customer_returns":null,"warehouse_damage":null,"lost_in_post":null,"other_logs":null,"out_stock_days":0,"lost_sales":0,"has_location":null,"update_date":"2026-05-08T05:17:58","atum_locations":[],"atum_stock_status":"instock","restock_status":false,"low_stock_amount":"","sales_update_date":"2026-01-30T01:26:14","calc_backorders":null,"_links":{"self":[{"href":"https:\/\/aromasentia.com\/no\/wp-json\/wp\/v2\/product\/204477","targetHints":{"allow":["GET"]}}],"collection":[{"href":"https:\/\/aromasentia.com\/no\/wp-json\/wp\/v2\/product"}],"about":[{"href":"https:\/\/aromasentia.com\/no\/wp-json\/wp\/v2\/types\/product"}],"replies":[{"embeddable":true,"href":"https:\/\/aromasentia.com\/no\/wp-json\/wp\/v2\/comments?post=204477"}],"version-history":[{"count":0,"href":"https:\/\/aromasentia.com\/no\/wp-json\/wp\/v2\/product\/204477\/revisions"}],"wp:featuredmedia":[{"embeddable":true,"href":"https:\/\/aromasentia.com\/no\/wp-json\/wp\/v2\/media\/407877"}],"wp:attachment":[{"href":"https:\/\/aromasentia.com\/no\/wp-json\/wp\/v2\/media?parent=204477"}],"wp:term":[{"taxonomy":"product_brand","embeddable":true,"href":"https:\/\/aromasentia.com\/no\/wp-json\/wp\/v2\/product_brand?post=204477"},{"taxonomy":"product_cat","embeddable":true,"href":"https:\/\/aromasentia.com\/no\/wp-json\/wp\/v2\/product_cat?post=204477"},{"taxonomy":"product_tag","embeddable":true,"href":"https:\/\/aromasentia.com\/no\/wp-json\/wp\/v2\/product_tag?post=204477"}],"curies":[{"name":"wp","href":"https:\/\/api.w.org\/{rel}","templated":true}]}}