{"id":204459,"date":"2025-03-23T10:31:03","date_gmt":"2025-03-23T10:31:03","guid":{"rendered":"https:\/\/aromasentia.com\/product\/polished-aluminium-flower-of-life-incense-holder-11cm\/"},"modified":"2025-05-31T00:49:26","modified_gmt":"2025-05-31T00:49:26","slug":"livets-blomst-i-polert-aluminium-rokelsesholder-11-cm","status":"publish","type":"product","link":"https:\/\/aromasentia.com\/no\/livets-blomst-i-polert-aluminium-rokelsesholder-11-cm\/","title":{"rendered":"Livets Blomst I Polert Aluminium &#8211; R\u00f8kelsesholder 11 cm"},"content":{"rendered":"<p><strong>R\u00f8kelsesholder i polert aluminium med livets blomst.<\/strong> Denne 11 cm lange holderen er h\u00e5ndlaget i India og har det vakre symbolet Flower of Life, et universelt symbol p\u00e5 skapelse, sammenkobling og \u00e5ndelig helhet. Denne r\u00f8kelsesholderen er laget av aluminium av h\u00f8y kvalitet og polert til en reflekterende finish, og er b\u00e5de elegant og funksjonell.<\/p>\n<p>Funksjoner:&nbsp;<\/p>\n<\/p>\n<p><strong>Flower of Life Design:&nbsp;<\/strong>Et kraftfullt symbol p\u00e5 skapelse, sammenkobling og \u00e5ndelig helhet.&nbsp;<\/p>\n<p><strong>Polert aluminium:&nbsp;<\/strong>H\u00f8ykvalitets aluminiumskonstruksjon sikrer holdbarhet og en vakker, reflekterende finish.&nbsp;<\/p>\n<p><strong>Middels st\u00f8rrelse (11 cm):&nbsp;<\/strong>Perfekt st\u00f8rrelse for skrivebord, sidebord eller meditasjonsrom.&nbsp;<\/p>\n<p>Mangfoldig bruk: Designet for r\u00f8kelsespinner og kompatibel med noen kjegledesigns (krever flat base).&nbsp;<\/p>\n<p><strong>Ideal gave:&nbsp;<\/strong>En meningsfull gave til alle som setter pris p\u00e5 hellig <strong>geometri, yoga, meditasjon eller \u00e5ndelig symbolikk.<\/strong><\/p>\n<p>Fordeler:&nbsp;<\/p>\n<p><strong>Fremmer en f\u00f8lelse av fred og ro.&nbsp;<\/strong>Brenner r\u00f8kelsespinner og noe kjegler\u00f8kelse (krever flat base). Aluminiumskonstruksjon av h\u00f8y kvalitet for langvarig skj\u00f8nnhet. Perfekt tillegg til gavebutikken din. <strong>M\u00e5 ha for butikker som selger r\u00f8kelse.<\/strong><\/p>\n<p><strong>Forvandle kundeomr\u00e5det ditt til et fredelig fristed. Bestill r\u00f8kelsesholdere i polert aluminium i dag! &nbsp;<\/strong><\/p>\n","protected":false},"excerpt":{"rendered":"<p>R\u00f8kelsesholder i polert aluminium med livets blomst. Denne 11 cm lange holderen er h\u00e5ndlaget i India og har det vakre symbolet Flower of Life, et universelt symbol p\u00e5 skapelse, sammenkobling og \u00e5ndelig helhet. Denne r\u00f8kelsesholderen er laget av aluminium av h\u00f8y kvalitet og polert til en reflekterende finish, og er b\u00e5de elegant og funksjonell. Funksjoner:&nbsp; [&hellip;]<\/p>\n","protected":false},"featured_media":407315,"comment_status":"closed","ping_status":"open","template":"","meta":{"_angie_page":false},"product_brand":[],"product_cat":[8747,8751,8748],"product_tag":[],"class_list":{"0":"post-204459","1":"product","2":"type-product","3":"status-publish","4":"has-post-thumbnail","6":"product_cat-rokelse-og-rokelsesholdere","7":"product_cat-rokelseholder-for-rokelsekjegler","8":"product_cat-rokelsesholdere-og-rokelsesbrennere","9":"pa_collection-polished-aluminium-incense-holders-no","10":"pa_made-in-india","12":"first","13":"instock","14":"purchasable","15":"product-type-simple"},"supplier_id":null,"supplier_sku":"PAIH-07","barcode":null,"atum_controlled":true,"out_stock_date":null,"out_stock_threshold":null,"inheritable":false,"inbound_stock":null,"stock_on_hold":0,"sold_today":0,"sales_last_days":0,"reserved_stock":null,"customer_returns":null,"warehouse_damage":null,"lost_in_post":null,"other_logs":null,"out_stock_days":0,"lost_sales":0,"has_location":null,"update_date":"2026-05-04T00:04:57","atum_locations":[],"atum_stock_status":"instock","restock_status":false,"low_stock_amount":"","sales_update_date":"2026-02-06T00:01:15","calc_backorders":null,"_links":{"self":[{"href":"https:\/\/aromasentia.com\/no\/wp-json\/wp\/v2\/product\/204459","targetHints":{"allow":["GET"]}}],"collection":[{"href":"https:\/\/aromasentia.com\/no\/wp-json\/wp\/v2\/product"}],"about":[{"href":"https:\/\/aromasentia.com\/no\/wp-json\/wp\/v2\/types\/product"}],"replies":[{"embeddable":true,"href":"https:\/\/aromasentia.com\/no\/wp-json\/wp\/v2\/comments?post=204459"}],"version-history":[{"count":0,"href":"https:\/\/aromasentia.com\/no\/wp-json\/wp\/v2\/product\/204459\/revisions"}],"wp:featuredmedia":[{"embeddable":true,"href":"https:\/\/aromasentia.com\/no\/wp-json\/wp\/v2\/media\/407315"}],"wp:attachment":[{"href":"https:\/\/aromasentia.com\/no\/wp-json\/wp\/v2\/media?parent=204459"}],"wp:term":[{"taxonomy":"product_brand","embeddable":true,"href":"https:\/\/aromasentia.com\/no\/wp-json\/wp\/v2\/product_brand?post=204459"},{"taxonomy":"product_cat","embeddable":true,"href":"https:\/\/aromasentia.com\/no\/wp-json\/wp\/v2\/product_cat?post=204459"},{"taxonomy":"product_tag","embeddable":true,"href":"https:\/\/aromasentia.com\/no\/wp-json\/wp\/v2\/product_tag?post=204459"}],"curies":[{"name":"wp","href":"https:\/\/api.w.org\/{rel}","templated":true}]}}