{"id":204449,"date":"2025-03-23T10:31:10","date_gmt":"2025-03-23T10:31:10","guid":{"rendered":"https:\/\/aromasentia.com\/product\/buddah-fengshui-incense-cream\/"},"modified":"2025-05-31T00:48:54","modified_gmt":"2025-05-31T00:48:54","slug":"buddah-fengshui-rokelse-krem","status":"publish","type":"product","link":"https:\/\/aromasentia.com\/no\/buddah-fengshui-rokelse-krem\/","title":{"rendered":"Buddah Fengshui R\u00f8kelse (Krem)"},"content":{"rendered":"<p><span style=\"color: rgb(75, 80, 88);\">Ta en titt p\u00e5 denne unike og vakre <strong>Buddha Fengshui r\u00f8kelsesholderen (steiner ikke inkludert)<\/strong> laget av indonesiske h\u00e5ndverkere.<\/span><\/p>\n<p><span style=\"color: rgb(75, 80, 88);\">Kombiner den med favorittr\u00f8kelsespinner og selg den som en fin gave. Bare tenn tuppen av r\u00f8kelsespinnen og vent til den gl\u00f8der. Bl\u00e5s deretter ut flammen og plasser den i en r\u00f8kelsesholder for en vakker duft i hele kundens hjem. &nbsp;&nbsp;<\/span><\/p>\n<p><span style=\"color: rgb(75, 80, 88);\">Et uunnv\u00e6rlig produkt for enhver gavebutikk som selger r\u00f8kelse, det tilf\u00f8rer eleganse og l\u00f8nnsomhet til butikken din.&nbsp;<\/span><\/p>\n<p><span style=\"color: rgb(75, 80, 88);\">Oppdag indre ro med <strong>Buddha Fengshui r\u00f8kelsesholderen<\/strong>. Dette designet fanger Buddhas rolige ansikt, omhyggelig utsk\u00e5ret med intrikate detaljer. Med hendene grasi\u00f8st plassert i en meditativ stilling, utstr\u00e5ler Buddha en f\u00f8lelse av ro og opplysning. Tilstedev\u00e6relsen av denne r\u00f8kelsesholderen inviterer fred og harmoni inn i ditt hellige rom, og skaper et ideelt milj\u00f8 for meditasjon og refleksjon.<\/span><\/p>\n<p><span style=\"color: rgb(75, 80, 88);\"><strong>Bestill n\u00e5 og tenn opp noen ekstra salg.<\/strong><\/span><\/p>\n","protected":false},"excerpt":{"rendered":"<p>Ta en titt p\u00e5 denne unike og vakre Buddha Fengshui r\u00f8kelsesholderen (steiner ikke inkludert) laget av indonesiske h\u00e5ndverkere. Kombiner den med favorittr\u00f8kelsespinner og selg den som en fin gave. Bare tenn tuppen av r\u00f8kelsespinnen og vent til den gl\u00f8der. Bl\u00e5s deretter ut flammen og plasser den i en r\u00f8kelsesholder for en vakker duft i hele [&hellip;]<\/p>\n","protected":false},"featured_media":409634,"comment_status":"closed","ping_status":"open","template":"","meta":{"_angie_page":false},"product_brand":[],"product_cat":[8747,8748],"product_tag":[],"class_list":{"0":"post-204449","1":"product","2":"type-product","3":"status-publish","4":"has-post-thumbnail","6":"product_cat-rokelse-og-rokelsesholdere","7":"product_cat-rokelsesholdere-og-rokelsesbrennere","8":"pa_collection-stone-incense-burners-no","9":"pa_made-in-indonesia","11":"first","12":"instock","13":"purchasable","14":"product-type-simple"},"supplier_id":null,"supplier_sku":"SCV-07","barcode":null,"atum_controlled":true,"out_stock_date":null,"out_stock_threshold":null,"inheritable":false,"inbound_stock":null,"stock_on_hold":0,"sold_today":0,"sales_last_days":0,"reserved_stock":null,"customer_returns":null,"warehouse_damage":null,"lost_in_post":null,"other_logs":null,"out_stock_days":0,"lost_sales":0,"has_location":null,"update_date":"2026-04-27T07:20:42","atum_locations":[],"atum_stock_status":"instock","restock_status":false,"low_stock_amount":"","sales_update_date":"2026-01-20T05:13:53","calc_backorders":null,"_links":{"self":[{"href":"https:\/\/aromasentia.com\/no\/wp-json\/wp\/v2\/product\/204449","targetHints":{"allow":["GET"]}}],"collection":[{"href":"https:\/\/aromasentia.com\/no\/wp-json\/wp\/v2\/product"}],"about":[{"href":"https:\/\/aromasentia.com\/no\/wp-json\/wp\/v2\/types\/product"}],"replies":[{"embeddable":true,"href":"https:\/\/aromasentia.com\/no\/wp-json\/wp\/v2\/comments?post=204449"}],"version-history":[{"count":0,"href":"https:\/\/aromasentia.com\/no\/wp-json\/wp\/v2\/product\/204449\/revisions"}],"wp:featuredmedia":[{"embeddable":true,"href":"https:\/\/aromasentia.com\/no\/wp-json\/wp\/v2\/media\/409634"}],"wp:attachment":[{"href":"https:\/\/aromasentia.com\/no\/wp-json\/wp\/v2\/media?parent=204449"}],"wp:term":[{"taxonomy":"product_brand","embeddable":true,"href":"https:\/\/aromasentia.com\/no\/wp-json\/wp\/v2\/product_brand?post=204449"},{"taxonomy":"product_cat","embeddable":true,"href":"https:\/\/aromasentia.com\/no\/wp-json\/wp\/v2\/product_cat?post=204449"},{"taxonomy":"product_tag","embeddable":true,"href":"https:\/\/aromasentia.com\/no\/wp-json\/wp\/v2\/product_tag?post=204449"}],"curies":[{"name":"wp","href":"https:\/\/api.w.org\/{rel}","templated":true}]}}