{"id":204433,"date":"2025-03-23T10:31:10","date_gmt":"2025-03-23T10:31:10","guid":{"rendered":"https:\/\/aromasentia.com\/product\/pure-herbs-rope-incense-lemongrass\/"},"modified":"2025-05-31T00:48:03","modified_gmt":"2025-05-31T00:48:03","slug":"pure-herbs-rope-rokelse-sitrongress","status":"publish","type":"product","link":"https:\/\/aromasentia.com\/no\/pure-herbs-rope-rokelse-sitrongress\/","title":{"rendered":"Pure Herbs Rope R\u00f8kelse &#8211; Sitrongress"},"content":{"rendered":"<p><span style=\"color: rgb(75, 80, 88);\"><strong>Pure Herbs<\/strong>-duften er <strong>en<\/strong> <strong>favoritt for de som foretrekker en lys og energigivende atmosf\u00e6re.<\/strong> Den gir en f\u00f8lelse av vitalitet og positivitet, noe som gj\u00f8r den ideell for bruk p\u00e5 arbeidsplasser og i omr\u00e5der der en forfriskende aura er \u00f8nsket. <br \/><\/span><\/p>\n<p><span style=\"color: rgb(75, 80, 88);\">R\u00f8kelsestau selges i pakker, hver inneholder <strong>50 r\u00f8kelsestau, 11 cm lange hver<\/strong>. <strong>Brennetiden for ett tau er ca. 15 minutter. Vekten p\u00e5 r\u00f8kelsestauet er ca. 11 g.<\/strong><\/span><\/p>\n","protected":false},"excerpt":{"rendered":"<p>Pure Herbs-duften er en favoritt for de som foretrekker en lys og energigivende atmosf\u00e6re. Den gir en f\u00f8lelse av vitalitet og positivitet, noe som gj\u00f8r den ideell for bruk p\u00e5 arbeidsplasser og i omr\u00e5der der en forfriskende aura er \u00f8nsket. R\u00f8kelsestau selges i pakker, hver inneholder 50 r\u00f8kelsestau, 11 cm lange hver. Brennetiden for ett [&hellip;]<\/p>\n","protected":false},"featured_media":409138,"comment_status":"closed","ping_status":"open","template":"","meta":{"_angie_page":false},"product_brand":[],"product_cat":[25843,8747,26254,26820],"product_tag":[],"class_list":{"0":"post-204433","1":"product","2":"type-product","3":"status-publish","4":"has-post-thumbnail","6":"product_cat-dufter-aromaer","7":"product_cat-rokelse-og-rokelsesholdere","8":"product_cat-sitrongress","9":"product_cat-sitrus","10":"pa_collection-pure-herbs-incense-ropes-no","11":"pa_made-in-nepal","13":"first","14":"instock","15":"purchasable","16":"product-type-simple"},"supplier_id":null,"supplier_sku":"RopeI-05","barcode":null,"atum_controlled":true,"out_stock_date":null,"out_stock_threshold":null,"inheritable":false,"inbound_stock":null,"stock_on_hold":0,"sold_today":0,"sales_last_days":0,"reserved_stock":null,"customer_returns":null,"warehouse_damage":null,"lost_in_post":null,"other_logs":null,"out_stock_days":0,"lost_sales":0,"has_location":null,"update_date":"2026-04-27T07:19:47","atum_locations":[],"atum_stock_status":"instock","restock_status":false,"low_stock_amount":"","sales_update_date":"2026-01-30T01:24:26","calc_backorders":null,"_links":{"self":[{"href":"https:\/\/aromasentia.com\/no\/wp-json\/wp\/v2\/product\/204433","targetHints":{"allow":["GET"]}}],"collection":[{"href":"https:\/\/aromasentia.com\/no\/wp-json\/wp\/v2\/product"}],"about":[{"href":"https:\/\/aromasentia.com\/no\/wp-json\/wp\/v2\/types\/product"}],"replies":[{"embeddable":true,"href":"https:\/\/aromasentia.com\/no\/wp-json\/wp\/v2\/comments?post=204433"}],"version-history":[{"count":0,"href":"https:\/\/aromasentia.com\/no\/wp-json\/wp\/v2\/product\/204433\/revisions"}],"wp:featuredmedia":[{"embeddable":true,"href":"https:\/\/aromasentia.com\/no\/wp-json\/wp\/v2\/media\/409138"}],"wp:attachment":[{"href":"https:\/\/aromasentia.com\/no\/wp-json\/wp\/v2\/media?parent=204433"}],"wp:term":[{"taxonomy":"product_brand","embeddable":true,"href":"https:\/\/aromasentia.com\/no\/wp-json\/wp\/v2\/product_brand?post=204433"},{"taxonomy":"product_cat","embeddable":true,"href":"https:\/\/aromasentia.com\/no\/wp-json\/wp\/v2\/product_cat?post=204433"},{"taxonomy":"product_tag","embeddable":true,"href":"https:\/\/aromasentia.com\/no\/wp-json\/wp\/v2\/product_tag?post=204433"}],"curies":[{"name":"wp","href":"https:\/\/api.w.org\/{rel}","templated":true}]}}