{"id":204431,"date":"2025-03-23T10:31:10","date_gmt":"2025-03-23T10:31:10","guid":{"rendered":"https:\/\/aromasentia.com\/product\/pure-herbs-incense-rope-sandalwood-spice\/"},"modified":"2025-05-31T00:47:58","modified_gmt":"2025-05-31T00:47:58","slug":"pure-herbs-rope-rokelse-sandeltre-krydder","status":"publish","type":"product","link":"https:\/\/aromasentia.com\/no\/pure-herbs-rope-rokelse-sandeltre-krydder\/","title":{"rendered":"Pure Herbs Rope R\u00f8kelse &#8211; Sandeltre &#038; Krydder"},"content":{"rendered":"<p>R\u00f8kelsen fra Pure Herbs Sandalwood &#038; Spice Rope er laget av urter som er utvunnet fra hvitt og r\u00f8dt sandeltre, saldup, nardus, kanel og nellik som finnes i de h\u00f8ye Himalaya-fjellene. Sv\u00e6rt aromatisk, h\u00e5ndlaget med naturlige ingredienser.<\/p>\n<p>Laget med bare naturlige ingredienser, uten trepinner, lim eller fargestoffer, beskrives aromaen av disse urter\u00f8kelsestauene som kj\u00f8lende og forfriskende. Brukt i \u00e5rhundrer for \u00e5 lindre stress, depresjon og spenning. I buddhismen fungerer r\u00f8kelse som et hjelpemiddel for positive tanker og handlinger.<\/p>\n<p>Bunken inneholder 50 r\u00f8kelsestau, 11 cm lange hver. Brennetiden for ett tau er ca. 15 minutter.<\/p>\n","protected":false},"excerpt":{"rendered":"<p>R\u00f8kelsen fra Pure Herbs Sandalwood &#038; Spice Rope er laget av urter som er utvunnet fra hvitt og r\u00f8dt sandeltre, saldup, nardus, kanel og nellik som finnes i de h\u00f8ye Himalaya-fjellene. Sv\u00e6rt aromatisk, h\u00e5ndlaget med naturlige ingredienser. Laget med bare naturlige ingredienser, uten trepinner, lim eller fargestoffer, beskrives aromaen av disse urter\u00f8kelsestauene som kj\u00f8lende og [&hellip;]<\/p>\n","protected":false},"featured_media":409080,"comment_status":"closed","ping_status":"open","template":"","meta":{"_angie_page":false},"product_brand":[],"product_cat":[25843,8747,26386,26897],"product_tag":[],"class_list":{"0":"post-204431","1":"product","2":"type-product","3":"status-publish","4":"has-post-thumbnail","6":"product_cat-dufter-aromaer","7":"product_cat-rokelse-og-rokelsesholdere","8":"product_cat-sandelte","9":"product_cat-treaktig","10":"pa_collection-pure-herbs-incense-ropes-no","11":"pa_made-in-nepal","13":"first","14":"instock","15":"purchasable","16":"product-type-simple"},"supplier_id":null,"supplier_sku":"RopeI-03","barcode":null,"atum_controlled":true,"out_stock_date":null,"out_stock_threshold":null,"inheritable":false,"inbound_stock":null,"stock_on_hold":0,"sold_today":0,"sales_last_days":0,"reserved_stock":null,"customer_returns":null,"warehouse_damage":null,"lost_in_post":null,"other_logs":null,"out_stock_days":0,"lost_sales":0,"has_location":null,"update_date":"2026-04-27T07:19:47","atum_locations":[],"atum_stock_status":"instock","restock_status":false,"low_stock_amount":"","sales_update_date":"2025-09-03T00:18:40","calc_backorders":null,"_links":{"self":[{"href":"https:\/\/aromasentia.com\/no\/wp-json\/wp\/v2\/product\/204431","targetHints":{"allow":["GET"]}}],"collection":[{"href":"https:\/\/aromasentia.com\/no\/wp-json\/wp\/v2\/product"}],"about":[{"href":"https:\/\/aromasentia.com\/no\/wp-json\/wp\/v2\/types\/product"}],"replies":[{"embeddable":true,"href":"https:\/\/aromasentia.com\/no\/wp-json\/wp\/v2\/comments?post=204431"}],"version-history":[{"count":0,"href":"https:\/\/aromasentia.com\/no\/wp-json\/wp\/v2\/product\/204431\/revisions"}],"wp:featuredmedia":[{"embeddable":true,"href":"https:\/\/aromasentia.com\/no\/wp-json\/wp\/v2\/media\/409080"}],"wp:attachment":[{"href":"https:\/\/aromasentia.com\/no\/wp-json\/wp\/v2\/media?parent=204431"}],"wp:term":[{"taxonomy":"product_brand","embeddable":true,"href":"https:\/\/aromasentia.com\/no\/wp-json\/wp\/v2\/product_brand?post=204431"},{"taxonomy":"product_cat","embeddable":true,"href":"https:\/\/aromasentia.com\/no\/wp-json\/wp\/v2\/product_cat?post=204431"},{"taxonomy":"product_tag","embeddable":true,"href":"https:\/\/aromasentia.com\/no\/wp-json\/wp\/v2\/product_tag?post=204431"}],"curies":[{"name":"wp","href":"https:\/\/api.w.org\/{rel}","templated":true}]}}