{"id":204421,"date":"2025-03-23T10:31:10","date_gmt":"2025-03-23T10:31:10","guid":{"rendered":"https:\/\/aromasentia.com\/product\/ritual-resin-on-stick-copal\/"},"modified":"2025-05-31T00:47:19","modified_gmt":"2025-05-31T00:47:19","slug":"ritual-harpiks-rokelsespinner-kopal","status":"publish","type":"product","link":"https:\/\/aromasentia.com\/no\/ritual-harpiks-rokelsespinner-kopal\/","title":{"rendered":"Ritual Harpiks R\u00f8kelsespinner &#8211; Kopal"},"content":{"rendered":"<p><span style=\"color: rgb(75, 80, 88);\"><strong>Jeg<\/strong><strong>introduserer en uts\u00f8kt kolleksjon av rituelle harpikser p\u00e5 pinne<\/strong>, h\u00e5ndlaget i hjertet av India. Fordyp deg i den rike tradisjonen innen indisk spiritualitet og l\u00f8ft dine spirituelle praksiser med disse harpiksene av f\u00f8rsteklasses kvalitet.<\/span><\/p>\n<p><span style=\"color: rgb(75, 80, 88);\"><strong>Produktet er tilgjengelig i en kompakt og naturlig \u00f8ko-eske som inneholder 8 r\u00f8kelsespinner.<\/strong><\/span><\/p>\n<p><span style=\"color: rgb(75, 80, 88);\"><strong>Fordyp deg i de gamle tradisjonene i Mellom-Amerika med v\u00e5re kopal-infuserte rituelle harpikser p\u00e5 pinne<\/strong>. Kopalharpiks er \u00e6ret for sin evne til \u00e5 rense og beskytte. Tenn denne pinnen for \u00e5 skape en hellig atmosf\u00e6re for ritualer og meditasjon, og fremkalle essensen av eldgamle sivilisasjoner.<\/span><\/p>\n<p><strong><span style=\"color: rgb(75, 80, 88);\">Brennetid:<\/span><\/strong><span style=\"color: rgb(75, 80, 88);\">50\u201360 minutter for hver pinne<\/span><\/p>\n<p><span style=\"color: rgb(75, 80, 88);\"><strong>Opprinnelse:<\/strong> Laget i India<\/span><\/p>\n<p><span style=\"color: rgb(75, 80, 88);\"><strong>M\u00e5l:<\/strong> en pinne er ca. 20 cm lang<\/span><\/p>\n<p><span style=\"color: rgb(75, 80, 88);\"><em>Naturlig | H\u00e5ndlaget | \u00d8koprodukt | Etisk hentet | Ikke testet p\u00e5 dyr | B\u00e6rekraftig emballasje<\/em><\/span><\/p>\n<p><span style=\"color: rgb(75, 80, 88);\"><strong>Pleieinstruksjoner:<\/strong> Oppbevares t\u00f8rt, ved romtemperatur, unna fuktighet.<\/span><\/p>\n","protected":false},"excerpt":{"rendered":"<p>Jegintroduserer en uts\u00f8kt kolleksjon av rituelle harpikser p\u00e5 pinne, h\u00e5ndlaget i hjertet av India. Fordyp deg i den rike tradisjonen innen indisk spiritualitet og l\u00f8ft dine spirituelle praksiser med disse harpiksene av f\u00f8rsteklasses kvalitet. Produktet er tilgjengelig i en kompakt og naturlig \u00f8ko-eske som inneholder 8 r\u00f8kelsespinner. Fordyp deg i de gamle tradisjonene i Mellom-Amerika [&hellip;]<\/p>\n","protected":false},"featured_media":408798,"comment_status":"closed","ping_status":"open","template":"","meta":{"_angie_page":false},"product_brand":[27108],"product_cat":[8767,8747],"product_tag":[],"class_list":{"0":"post-204421","1":"product","2":"type-product","3":"status-publish","4":"has-post-thumbnail","6":"product_brand-banjara","7":"product_cat-harpiks-og-resinrokelse","8":"product_cat-rokelse-og-rokelsesholdere","9":"pa_collection-ritual-resins-on-stick-no","10":"pa_made-in-india","12":"first","13":"instock","14":"purchasable","15":"product-type-simple"},"supplier_id":null,"supplier_sku":"RitRinc-07","barcode":null,"atum_controlled":true,"out_stock_date":null,"out_stock_threshold":null,"inheritable":false,"inbound_stock":null,"stock_on_hold":0,"sold_today":0,"sales_last_days":0,"reserved_stock":null,"customer_returns":null,"warehouse_damage":null,"lost_in_post":null,"other_logs":null,"out_stock_days":0,"lost_sales":0,"has_location":null,"update_date":"2026-04-28T06:42:57","atum_locations":[],"atum_stock_status":"instock","restock_status":false,"low_stock_amount":"","sales_update_date":"2026-02-06T00:02:30","calc_backorders":null,"_links":{"self":[{"href":"https:\/\/aromasentia.com\/no\/wp-json\/wp\/v2\/product\/204421","targetHints":{"allow":["GET"]}}],"collection":[{"href":"https:\/\/aromasentia.com\/no\/wp-json\/wp\/v2\/product"}],"about":[{"href":"https:\/\/aromasentia.com\/no\/wp-json\/wp\/v2\/types\/product"}],"replies":[{"embeddable":true,"href":"https:\/\/aromasentia.com\/no\/wp-json\/wp\/v2\/comments?post=204421"}],"version-history":[{"count":0,"href":"https:\/\/aromasentia.com\/no\/wp-json\/wp\/v2\/product\/204421\/revisions"}],"wp:featuredmedia":[{"embeddable":true,"href":"https:\/\/aromasentia.com\/no\/wp-json\/wp\/v2\/media\/408798"}],"wp:attachment":[{"href":"https:\/\/aromasentia.com\/no\/wp-json\/wp\/v2\/media?parent=204421"}],"wp:term":[{"taxonomy":"product_brand","embeddable":true,"href":"https:\/\/aromasentia.com\/no\/wp-json\/wp\/v2\/product_brand?post=204421"},{"taxonomy":"product_cat","embeddable":true,"href":"https:\/\/aromasentia.com\/no\/wp-json\/wp\/v2\/product_cat?post=204421"},{"taxonomy":"product_tag","embeddable":true,"href":"https:\/\/aromasentia.com\/no\/wp-json\/wp\/v2\/product_tag?post=204421"}],"curies":[{"name":"wp","href":"https:\/\/api.w.org\/{rel}","templated":true}]}}