{"id":204419,"date":"2025-03-23T10:31:10","date_gmt":"2025-03-23T10:31:10","guid":{"rendered":"https:\/\/aromasentia.com\/product\/ritual-resin-on-stick-chamomile\/"},"modified":"2025-05-31T00:47:15","modified_gmt":"2025-05-31T00:47:15","slug":"ritual-harpiks-rokelsespinner-kamille","status":"publish","type":"product","link":"https:\/\/aromasentia.com\/no\/ritual-harpiks-rokelsespinner-kamille\/","title":{"rendered":"Ritual Harpiks R\u00f8kelsespinner &#8211; Kamille"},"content":{"rendered":"<p><span style=\"color: rgb(75, 80, 88);\"><strong>Jeg<\/strong><strong>introduserer en uts\u00f8kt kolleksjon av rituelle harpikser p\u00e5 pinne<\/strong>, h\u00e5ndlaget i hjertet av India. Fordyp deg i den rike tradisjonen med indisk spiritualitet og l\u00f8ft dine spirituelle praksiser med disse harpiksene av f\u00f8rsteklasses kvalitet.<\/span><\/p>\n<p><span style=\"color: rgb(75, 80, 88);\"><strong>Produktet er tilgjengelig i en kompakt og naturlig \u00f8ko-eske som inneholder 8 r\u00f8kelsespinner.<\/strong><\/span><\/p>\n<p><span style=\"color: rgb(75, 80, 88);\"><strong>Nyt den beroligende og avslappende duften av kamille med v\u00e5re rituelle harpikser p\u00e5 pinne.<\/strong> Kamille er kjent for sine stresslindrende egenskaper. Tenn denne pinnen for \u00e5 skape en rolig atmosf\u00e6re og forbedre meditasjons- eller leggetidsrutinen din.<\/span><\/p>\n<p><strong><span style=\"color: rgb(75, 80, 88);\">Brennetid:<\/span><\/strong><span style=\"color: rgb(75, 80, 88);\">50\u201360 minutter for hver pinne<\/span><\/p>\n<p><span style=\"color: rgb(75, 80, 88);\"><strong>Opprinnelse:<\/strong> Laget i India<\/span><\/p>\n<p><span style=\"color: rgb(75, 80, 88);\"><strong>M\u00e5l:<\/strong> en pinne er ca. 20 cm lang<\/span><\/p>\n<p><span style=\"color: rgb(75, 80, 88);\"><em>Naturlig | H\u00e5ndlaget | \u00d8koprodukt | Etisk produsert | Ikke testet p\u00e5 dyr | B\u00e6rekraftig emballasje<\/em><\/span><\/p>\n<p><span style=\"color: rgb(75, 80, 88);\"><strong>Pleieinstruksjoner:<\/strong> Oppbevares t\u00f8rt, ved romtemperatur, unna fuktighet.<\/span><\/p>\n","protected":false},"excerpt":{"rendered":"<p>Jegintroduserer en uts\u00f8kt kolleksjon av rituelle harpikser p\u00e5 pinne, h\u00e5ndlaget i hjertet av India. Fordyp deg i den rike tradisjonen med indisk spiritualitet og l\u00f8ft dine spirituelle praksiser med disse harpiksene av f\u00f8rsteklasses kvalitet. Produktet er tilgjengelig i en kompakt og naturlig \u00f8ko-eske som inneholder 8 r\u00f8kelsespinner. Nyt den beroligende og avslappende duften av kamille [&hellip;]<\/p>\n","protected":false},"featured_media":408780,"comment_status":"closed","ping_status":"open","template":"","meta":{"_angie_page":false},"product_brand":[27108],"product_cat":[26834,25843,8767,8747,26127],"product_tag":[],"class_list":{"0":"post-204419","1":"product","2":"type-product","3":"status-publish","4":"has-post-thumbnail","6":"product_brand-banjara","7":"product_cat-blomster","8":"product_cat-dufter-aromaer","9":"product_cat-harpiks-og-resinrokelse","10":"product_cat-rokelse-og-rokelsesholdere","11":"product_cat-romersk-kamille","12":"pa_collection-ritual-resins-on-stick-no","13":"pa_made-in-india","15":"first","16":"instock","17":"purchasable","18":"product-type-simple"},"supplier_id":null,"supplier_sku":"RitRinc-05","barcode":null,"atum_controlled":true,"out_stock_date":null,"out_stock_threshold":null,"inheritable":false,"inbound_stock":null,"stock_on_hold":0,"sold_today":0,"sales_last_days":0,"reserved_stock":null,"customer_returns":null,"warehouse_damage":null,"lost_in_post":null,"other_logs":null,"out_stock_days":0,"lost_sales":0,"has_location":null,"update_date":"2026-04-27T07:19:41","atum_locations":[],"atum_stock_status":"instock","restock_status":false,"low_stock_amount":"","sales_update_date":"2025-09-03T00:18:37","calc_backorders":null,"_links":{"self":[{"href":"https:\/\/aromasentia.com\/no\/wp-json\/wp\/v2\/product\/204419","targetHints":{"allow":["GET"]}}],"collection":[{"href":"https:\/\/aromasentia.com\/no\/wp-json\/wp\/v2\/product"}],"about":[{"href":"https:\/\/aromasentia.com\/no\/wp-json\/wp\/v2\/types\/product"}],"replies":[{"embeddable":true,"href":"https:\/\/aromasentia.com\/no\/wp-json\/wp\/v2\/comments?post=204419"}],"version-history":[{"count":0,"href":"https:\/\/aromasentia.com\/no\/wp-json\/wp\/v2\/product\/204419\/revisions"}],"wp:featuredmedia":[{"embeddable":true,"href":"https:\/\/aromasentia.com\/no\/wp-json\/wp\/v2\/media\/408780"}],"wp:attachment":[{"href":"https:\/\/aromasentia.com\/no\/wp-json\/wp\/v2\/media?parent=204419"}],"wp:term":[{"taxonomy":"product_brand","embeddable":true,"href":"https:\/\/aromasentia.com\/no\/wp-json\/wp\/v2\/product_brand?post=204419"},{"taxonomy":"product_cat","embeddable":true,"href":"https:\/\/aromasentia.com\/no\/wp-json\/wp\/v2\/product_cat?post=204419"},{"taxonomy":"product_tag","embeddable":true,"href":"https:\/\/aromasentia.com\/no\/wp-json\/wp\/v2\/product_tag?post=204419"}],"curies":[{"name":"wp","href":"https:\/\/api.w.org\/{rel}","templated":true}]}}