{"id":204382,"date":"2025-03-23T10:31:17","date_gmt":"2025-03-23T10:31:17","guid":{"rendered":"https:\/\/aromasentia.com\/product\/smudge-stick-white-sage-peppermint-10cm-2\/"},"modified":"2025-05-31T00:45:19","modified_gmt":"2025-05-31T00:45:19","slug":"smudge-stick-hvit-salvie-og-peppermynte-10-cm","status":"publish","type":"product","link":"https:\/\/aromasentia.com\/no\/smudge-stick-hvit-salvie-og-peppermynte-10-cm\/","title":{"rendered":"Smudge Stick &#8211; Hvit Salvie Og Peppermynte 10 cm"},"content":{"rendered":"<p>Hvit salvie regnes som hellig av mange og antas \u00e5 rense et rom for onde \u00e5nders energier. Denne kraften sies \u00e5 bli frigjort fra planten ved brenning av bladene, som en del av renselsesseremonier.<\/p>\n<p>Peppermynte er veldig forfriskende og beroligende og brukes ofte for renhet og beskyttelse. Den er kjent som en kraftig helbredende urt som gir beskyttelse og kan tiltrekke seg energier av rikdom og velstand til de som er villige til \u00e5 utnytte den. <\/p>\n<p>Sm\u00f8r kan bidra til \u00e5 rense luften, og forskere har observert at salvie kan fjerne opptil 94 prosent av luftb\u00e5rne bakterier og desinfisere luften. N\u00e5r salvie brennes, frigj\u00f8r den ogs\u00e5 negative ioner, noe som er knyttet til \u00e5 sette folk i et positivt hum\u00f8r.<\/p>\n<p>Sm\u00f8r krever enkle ingredienser som fyrstikker, sm\u00f8rurter og en sm\u00f8rbolle. F\u00f8r du begynner, husk \u00e5 \u00e5pne en d\u00f8r eller et vindu, fordi den u\u00f8nskede energien du pr\u00f8ver \u00e5 fjerne m\u00e5 ha en vei \u00e5 komme ut. Tenn f\u00f8rst den ene enden av sm\u00f8ren, slik at den kan ta fyr og brenne i flere sekunder. Bl\u00e5s deretter forsiktig p\u00e5 den tente enden \u2013 flekken vil begynne \u00e5 gl\u00f8de og ryke. Legg flekken p\u00e5 en varmebestandig bolle for \u00e5 fange opp asken mens den brenner.<\/p>\n","protected":false},"excerpt":{"rendered":"<p>Hvit salvie regnes som hellig av mange og antas \u00e5 rense et rom for onde \u00e5nders energier. Denne kraften sies \u00e5 bli frigjort fra planten ved brenning av bladene, som en del av renselsesseremonier. Peppermynte er veldig forfriskende og beroligende og brukes ofte for renhet og beskyttelse. Den er kjent som en kraftig helbredende urt [&hellip;]<\/p>\n","protected":false},"featured_media":410602,"comment_status":"closed","ping_status":"open","template":"","meta":{"_angie_page":false},"product_brand":[],"product_cat":[25843,26493,26876,26340,8747,25819,26862],"product_tag":[],"class_list":{"0":"post-204382","1":"product","2":"type-product","3":"status-publish","4":"has-post-thumbnail","6":"product_cat-dufter-aromaer","7":"product_cat-hvit-salvie","8":"product_cat-mynte","9":"product_cat-peppermynte","10":"product_cat-rokelse-og-rokelsesholdere","11":"product_cat-smudge-sticks","12":"product_cat-urte-aromatisk","13":"pa_collection-smudge-sticks-no","14":"pa_made-in-usa","16":"first","17":"outofstock","18":"purchasable","19":"product-type-simple"},"supplier_id":null,"supplier_sku":"SmudgeS-21","barcode":null,"atum_controlled":true,"out_stock_date":"2026-04-25 16:36:33","out_stock_threshold":null,"inheritable":false,"inbound_stock":null,"stock_on_hold":0,"sold_today":0,"sales_last_days":0,"reserved_stock":null,"customer_returns":null,"warehouse_damage":null,"lost_in_post":null,"other_logs":null,"out_stock_days":0,"lost_sales":0,"has_location":null,"update_date":"2026-04-27T07:21:40","atum_locations":[],"atum_stock_status":"outofstock","restock_status":false,"low_stock_amount":"","sales_update_date":"2026-02-06T00:01:26","calc_backorders":null,"_links":{"self":[{"href":"https:\/\/aromasentia.com\/no\/wp-json\/wp\/v2\/product\/204382","targetHints":{"allow":["GET"]}}],"collection":[{"href":"https:\/\/aromasentia.com\/no\/wp-json\/wp\/v2\/product"}],"about":[{"href":"https:\/\/aromasentia.com\/no\/wp-json\/wp\/v2\/types\/product"}],"replies":[{"embeddable":true,"href":"https:\/\/aromasentia.com\/no\/wp-json\/wp\/v2\/comments?post=204382"}],"version-history":[{"count":0,"href":"https:\/\/aromasentia.com\/no\/wp-json\/wp\/v2\/product\/204382\/revisions"}],"wp:featuredmedia":[{"embeddable":true,"href":"https:\/\/aromasentia.com\/no\/wp-json\/wp\/v2\/media\/410602"}],"wp:attachment":[{"href":"https:\/\/aromasentia.com\/no\/wp-json\/wp\/v2\/media?parent=204382"}],"wp:term":[{"taxonomy":"product_brand","embeddable":true,"href":"https:\/\/aromasentia.com\/no\/wp-json\/wp\/v2\/product_brand?post=204382"},{"taxonomy":"product_cat","embeddable":true,"href":"https:\/\/aromasentia.com\/no\/wp-json\/wp\/v2\/product_cat?post=204382"},{"taxonomy":"product_tag","embeddable":true,"href":"https:\/\/aromasentia.com\/no\/wp-json\/wp\/v2\/product_tag?post=204382"}],"curies":[{"name":"wp","href":"https:\/\/api.w.org\/{rel}","templated":true}]}}