{"id":204361,"date":"2025-03-23T10:31:17","date_gmt":"2025-03-23T10:31:17","guid":{"rendered":"https:\/\/aromasentia.com\/product\/earth-inspired-smudge-incense-chamomile\/"},"modified":"2025-05-31T00:44:15","modified_gmt":"2025-05-31T00:44:15","slug":"earth-inspired-smudge-rokelsespinner-kamille","status":"publish","type":"product","link":"https:\/\/aromasentia.com\/no\/earth-inspired-smudge-rokelsespinner-kamille\/","title":{"rendered":"Earth Inspired Smudge R\u00f8kelsespinner &#8211; Kamille"},"content":{"rendered":"<p><span style=\"color: rgb(75, 80, 88);\">Vi introduserer <strong>Jordinspirerte Smudge-r\u00f8kelsespinner<\/strong>, en fengslende blanding av naturens fineste elementer, h\u00e5ndlaget for \u00e5 heve den \u00e5ndelige og sensoriske opplevelsen. &nbsp;&nbsp;<\/span><\/p>\n<p><span style=\"color: rgb(75, 80, 88);\"><strong>De er h\u00e5ndlaget<\/strong> med kun de reneste naturlige ingrediensene. Vi har blandet <strong>duftende urter, som rosmarin eller sitrongress, med essensielle oljer for \u00e5 skape en symfoni av dufter<\/strong> som transporterer kundene dine til hjertet av uber\u00f8rte, uber\u00f8rte landskap. Disse r\u00f8kelsespinnene er \u00f8kologiske og har ikke blitt testet p\u00e5 dyr.<\/span><\/p>\n<p><span style=\"color: rgb(75, 80, 88);\"><strong>Oppdag den beroligende roen p\u00e5 jorden med v\u00e5r kamilleinspirerte Smudge-r\u00f8kelse<\/strong>. Den milde og fredfulle aromaen av kamilleblomster fyller luften n\u00e5r du tenner denne r\u00f8kelsen, og skaper en oase av ro. <br \/><\/span><\/p>\n<p><span style=\"color: rgb(75, 80, 88);\"><strong>Hver pakke inneholder ca. 9 r\u00f8kelsespinner.<\/strong><\/span><\/p>\n<p><span style=\"color: rgb(75, 80, 88);\">La de fredelige vibrasjonene av kamille skylle over deg, og lede deg inn i en tilstand av avslapning og balanse, som minner om en fredelig eng.<\/span> <\/p>\n<p><span style=\"color: rgb(141, 186, 216);\"><strong>L\u00f8ft din \u00e5ndelige reise og opplev magien til jordens elementer.<\/strong><\/span><\/p>\n","protected":false},"excerpt":{"rendered":"<p>Vi introduserer Jordinspirerte Smudge-r\u00f8kelsespinner, en fengslende blanding av naturens fineste elementer, h\u00e5ndlaget for \u00e5 heve den \u00e5ndelige og sensoriske opplevelsen. &nbsp;&nbsp; De er h\u00e5ndlaget med kun de reneste naturlige ingrediensene. Vi har blandet duftende urter, som rosmarin eller sitrongress, med essensielle oljer for \u00e5 skape en symfoni av dufter som transporterer kundene dine til hjertet [&hellip;]<\/p>\n","protected":false},"featured_media":409996,"comment_status":"closed","ping_status":"open","template":"","meta":{"_angie_page":false},"product_brand":[27121],"product_cat":[26834,25843,8747,8758,26127,25819],"product_tag":[],"class_list":{"0":"post-204361","1":"product","2":"type-product","3":"status-publish","4":"has-post-thumbnail","6":"product_brand-namaste-india-incense","7":"product_cat-blomster","8":"product_cat-dufter-aromaer","9":"product_cat-rokelse-og-rokelsesholdere","10":"product_cat-rokelsespinner","11":"product_cat-romersk-kamille","12":"product_cat-smudge-sticks","13":"pa_collection-earth-inspired-smudge-incense-sticks-no","14":"pa_made-in-india","16":"first","17":"instock","18":"purchasable","19":"product-type-simple"},"supplier_id":null,"supplier_sku":"SMI-02","barcode":null,"atum_controlled":true,"out_stock_date":null,"out_stock_threshold":null,"inheritable":false,"inbound_stock":null,"stock_on_hold":0,"sold_today":0,"sales_last_days":0,"reserved_stock":null,"customer_returns":null,"warehouse_damage":null,"lost_in_post":null,"other_logs":null,"out_stock_days":0,"lost_sales":0,"has_location":null,"update_date":"2026-05-11T01:56:48","atum_locations":[],"atum_stock_status":"instock","restock_status":false,"low_stock_amount":"","sales_update_date":"2025-09-03T00:18:24","calc_backorders":null,"_links":{"self":[{"href":"https:\/\/aromasentia.com\/no\/wp-json\/wp\/v2\/product\/204361","targetHints":{"allow":["GET"]}}],"collection":[{"href":"https:\/\/aromasentia.com\/no\/wp-json\/wp\/v2\/product"}],"about":[{"href":"https:\/\/aromasentia.com\/no\/wp-json\/wp\/v2\/types\/product"}],"replies":[{"embeddable":true,"href":"https:\/\/aromasentia.com\/no\/wp-json\/wp\/v2\/comments?post=204361"}],"version-history":[{"count":0,"href":"https:\/\/aromasentia.com\/no\/wp-json\/wp\/v2\/product\/204361\/revisions"}],"wp:featuredmedia":[{"embeddable":true,"href":"https:\/\/aromasentia.com\/no\/wp-json\/wp\/v2\/media\/409996"}],"wp:attachment":[{"href":"https:\/\/aromasentia.com\/no\/wp-json\/wp\/v2\/media?parent=204361"}],"wp:term":[{"taxonomy":"product_brand","embeddable":true,"href":"https:\/\/aromasentia.com\/no\/wp-json\/wp\/v2\/product_brand?post=204361"},{"taxonomy":"product_cat","embeddable":true,"href":"https:\/\/aromasentia.com\/no\/wp-json\/wp\/v2\/product_cat?post=204361"},{"taxonomy":"product_tag","embeddable":true,"href":"https:\/\/aromasentia.com\/no\/wp-json\/wp\/v2\/product_tag?post=204361"}],"curies":[{"name":"wp","href":"https:\/\/api.w.org\/{rel}","templated":true}]}}