{"id":204349,"date":"2025-03-23T10:31:25","date_gmt":"2025-03-23T10:31:25","guid":{"rendered":"https:\/\/aromasentia.com\/product\/plant-based-incense-sticks-sandalwood\/"},"modified":"2025-05-31T00:43:46","modified_gmt":"2025-05-31T00:43:46","slug":"rokelsespinner-plantebaserte-sandeltre","status":"publish","type":"product","link":"https:\/\/aromasentia.com\/no\/rokelsespinner-plantebaserte-sandeltre\/","title":{"rendered":"R\u00f8kelsespinner Plantebaserte &#8211; Sandeltre"},"content":{"rendered":"<p><strong>Aroma Sentia &#8211;<\/strong> presenterer<strong>&nbsp;Stamford Premium plantebaserte r\u00f8kelsespinner &#8211; sandeltre<\/strong> med en h\u00f8yere duftprosent som gir en mer intens langvarig aroma n\u00e5r den er i bruk.<\/p>\n<p>&#8211; <strong>h\u00e5ndrullet r\u00f8kelse av topp kvalitet<\/strong><\/p>\n<p>&#8211; omtrentlig brennetid: <strong>30 minutter<\/strong><\/p>\n<p>&#8211; <strong>ikke testet p\u00e5 dyr, vegansk<\/strong><\/p>\n<p>Materiale: <strong>harpiks og plantemateriale<\/strong><\/p>\n<p>Bare tenn en spiss av pinnen og vent til den gl\u00f8der. Bl\u00e5s deretter ut flammen og plasser den i en r\u00f8kelsesholder. Den nydelige duften lar deg skape den perfekte stemningen for avslapning, underholdning og et virkelig stilig hjem.<\/p>\n<p>Et essensielt element for nettbutikken din. Med god kvalitetsduft i hvert design, vil du ha noe spesielt for hver kunde \u00e5 velge mellom. &nbsp;<\/p>\n<p><span style=\"color: rgb(184, 49, 47);\"><strong>Bestill i dag og la denne behagelige aromaen flyte&#8230;<\/strong><\/span><\/p>\n","protected":false},"excerpt":{"rendered":"<p>Aroma Sentia &#8211; presenterer&nbsp;Stamford Premium plantebaserte r\u00f8kelsespinner &#8211; sandeltre med en h\u00f8yere duftprosent som gir en mer intens langvarig aroma n\u00e5r den er i bruk. &#8211; h\u00e5ndrullet r\u00f8kelse av topp kvalitet &#8211; omtrentlig brennetid: 30 minutter &#8211; ikke testet p\u00e5 dyr, vegansk Materiale: harpiks og plantemateriale Bare tenn en spiss av pinnen og vent til [&hellip;]<\/p>\n","protected":false},"featured_media":411810,"comment_status":"closed","ping_status":"open","template":"","meta":{"_angie_page":false},"product_brand":[27141],"product_cat":[25843,8747,8758,26386,26897],"product_tag":[],"class_list":{"0":"post-204349","1":"product","2":"type-product","3":"status-publish","4":"has-post-thumbnail","6":"product_brand-stamford","7":"product_cat-dufter-aromaer","8":"product_cat-rokelse-og-rokelsesholdere","9":"product_cat-rokelsespinner","10":"product_cat-sandelte","11":"product_cat-treaktig","12":"pa_collection-stamford-plant-based-incense-sticks-no","13":"pa_made-in-india","15":"first","16":"instock","17":"purchasable","18":"product-type-simple"},"supplier_id":null,"supplier_sku":"SPBi-04","barcode":null,"atum_controlled":true,"out_stock_date":null,"out_stock_threshold":null,"inheritable":false,"inbound_stock":null,"stock_on_hold":0,"sold_today":0,"sales_last_days":0,"reserved_stock":null,"customer_returns":null,"warehouse_damage":null,"lost_in_post":null,"other_logs":null,"out_stock_days":0,"lost_sales":0,"has_location":null,"update_date":"2026-05-04T00:04:59","atum_locations":[],"atum_stock_status":"instock","restock_status":false,"low_stock_amount":"","sales_update_date":"2026-02-06T00:02:36","calc_backorders":null,"_links":{"self":[{"href":"https:\/\/aromasentia.com\/no\/wp-json\/wp\/v2\/product\/204349","targetHints":{"allow":["GET"]}}],"collection":[{"href":"https:\/\/aromasentia.com\/no\/wp-json\/wp\/v2\/product"}],"about":[{"href":"https:\/\/aromasentia.com\/no\/wp-json\/wp\/v2\/types\/product"}],"replies":[{"embeddable":true,"href":"https:\/\/aromasentia.com\/no\/wp-json\/wp\/v2\/comments?post=204349"}],"version-history":[{"count":0,"href":"https:\/\/aromasentia.com\/no\/wp-json\/wp\/v2\/product\/204349\/revisions"}],"wp:featuredmedia":[{"embeddable":true,"href":"https:\/\/aromasentia.com\/no\/wp-json\/wp\/v2\/media\/411810"}],"wp:attachment":[{"href":"https:\/\/aromasentia.com\/no\/wp-json\/wp\/v2\/media?parent=204349"}],"wp:term":[{"taxonomy":"product_brand","embeddable":true,"href":"https:\/\/aromasentia.com\/no\/wp-json\/wp\/v2\/product_brand?post=204349"},{"taxonomy":"product_cat","embeddable":true,"href":"https:\/\/aromasentia.com\/no\/wp-json\/wp\/v2\/product_cat?post=204349"},{"taxonomy":"product_tag","embeddable":true,"href":"https:\/\/aromasentia.com\/no\/wp-json\/wp\/v2\/product_tag?post=204349"}],"curies":[{"name":"wp","href":"https:\/\/api.w.org\/{rel}","templated":true}]}}