{"id":204340,"date":"2025-03-23T10:31:25","date_gmt":"2025-03-23T10:31:25","guid":{"rendered":"https:\/\/aromasentia.com\/product\/plant-based-backflow-incense-cones-anti-stress\/"},"modified":"2025-05-31T00:43:15","modified_gmt":"2025-05-31T00:43:15","slug":"rokelseskjegler-backflow-plantebaserte-anti-stress","status":"publish","type":"product","link":"https:\/\/aromasentia.com\/no\/rokelseskjegler-backflow-plantebaserte-anti-stress\/","title":{"rendered":"R\u00f8kelseskjegler Backflow Plantebaserte &#8211; Anti Stress"},"content":{"rendered":"<p><strong>Aroma Sentia-ping plantebaserte tilbakestr\u00f8mningsr\u00f8kelseskjegler &#8211; Anti-stress<\/strong>R\u00f8kelseskjegler med h\u00f8yere duftprosent som gir en mer intens langvarig aroma n\u00e5r de er i bruk.<\/p>\n<p>&#8211; <strong>h\u00e5ndrullet r\u00f8kelse av topp kvalitet<\/strong><\/p>\n<p>&#8211; omtrentlig brennetid: <strong>30 minutter<\/strong><\/p>\n<p><strong>&#8211;&nbsp;<\/strong><strong>12 kjegler<\/strong> per pakke<\/p>\n<p>&#8211; <strong>ikke testet p\u00e5 dyr, vegansk<\/strong><\/p>\n<p>Materiale: <strong>harpiks og plantemateriale<\/strong><\/p>\n<p>N\u00e5r tuppen tennes, str\u00f8mmer r\u00f8yken nedover r\u00f8kelsesbrenneren som en foss, noe som skaper en uvanlig og vakker effekt. V\u00e6r oppmerksom p\u00e5 at disse kjeglene kun skal brukes med r\u00f8kelsesbrennere med tilbakestr\u00f8mning.<\/p>\n<p><span style=\"color: rgb(209, 72, 65);\"><strong>Bestill i dag og la denne behagelige aromaen str\u00f8mme&#8230;<\/strong><\/span> <\/p>\n","protected":false},"excerpt":{"rendered":"<p>Aroma Sentia-ping plantebaserte tilbakestr\u00f8mningsr\u00f8kelseskjegler &#8211; Anti-stressR\u00f8kelseskjegler med h\u00f8yere duftprosent som gir en mer intens langvarig aroma n\u00e5r de er i bruk. &#8211; h\u00e5ndrullet r\u00f8kelse av topp kvalitet &#8211; omtrentlig brennetid: 30 minutter &#8211;&nbsp;12 kjegler per pakke &#8211; ikke testet p\u00e5 dyr, vegansk Materiale: harpiks og plantemateriale N\u00e5r tuppen tennes, str\u00f8mmer r\u00f8yken nedover r\u00f8kelsesbrenneren som en [&hellip;]<\/p>\n","protected":false},"featured_media":411665,"comment_status":"closed","ping_status":"open","template":"","meta":[],"product_brand":[27141],"product_cat":[8747],"product_tag":[],"class_list":{"0":"post-204340","1":"product","2":"type-product","3":"status-publish","4":"has-post-thumbnail","6":"product_brand-stamford","7":"product_cat-rokelse-og-rokelsesholdere","8":"pa_collection-smudge-sticks-no","9":"pa_made-in-india","11":"first","12":"outofstock","13":"purchasable","14":"product-type-simple"},"supplier_id":null,"supplier_sku":"SPBBF-13","barcode":null,"atum_controlled":true,"out_stock_date":"2025-12-09 04:40:38","out_stock_threshold":null,"inheritable":false,"inbound_stock":null,"stock_on_hold":0,"sold_today":0,"sales_last_days":0,"reserved_stock":null,"customer_returns":null,"warehouse_damage":null,"lost_in_post":null,"other_logs":null,"out_stock_days":58,"lost_sales":0,"has_location":null,"update_date":"2026-02-06T00:01:02","atum_locations":[],"atum_stock_status":"outofstock","restock_status":false,"low_stock_amount":"","sales_update_date":"2026-02-06T00:01:02","calc_backorders":null,"_links":{"self":[{"href":"https:\/\/aromasentia.com\/no\/wp-json\/wp\/v2\/product\/204340","targetHints":{"allow":["GET"]}}],"collection":[{"href":"https:\/\/aromasentia.com\/no\/wp-json\/wp\/v2\/product"}],"about":[{"href":"https:\/\/aromasentia.com\/no\/wp-json\/wp\/v2\/types\/product"}],"replies":[{"embeddable":true,"href":"https:\/\/aromasentia.com\/no\/wp-json\/wp\/v2\/comments?post=204340"}],"version-history":[{"count":0,"href":"https:\/\/aromasentia.com\/no\/wp-json\/wp\/v2\/product\/204340\/revisions"}],"wp:featuredmedia":[{"embeddable":true,"href":"https:\/\/aromasentia.com\/no\/wp-json\/wp\/v2\/media\/411665"}],"wp:attachment":[{"href":"https:\/\/aromasentia.com\/no\/wp-json\/wp\/v2\/media?parent=204340"}],"wp:term":[{"taxonomy":"product_brand","embeddable":true,"href":"https:\/\/aromasentia.com\/no\/wp-json\/wp\/v2\/product_brand?post=204340"},{"taxonomy":"product_cat","embeddable":true,"href":"https:\/\/aromasentia.com\/no\/wp-json\/wp\/v2\/product_cat?post=204340"},{"taxonomy":"product_tag","embeddable":true,"href":"https:\/\/aromasentia.com\/no\/wp-json\/wp\/v2\/product_tag?post=204340"}],"curies":[{"name":"wp","href":"https:\/\/api.w.org\/{rel}","templated":true}]}}