{"id":204309,"date":"2025-03-23T10:31:32","date_gmt":"2025-03-23T10:31:32","guid":{"rendered":"https:\/\/aromasentia.com\/product\/plant-based-incense-cones-aloe-vera\/"},"modified":"2025-05-31T00:41:35","modified_gmt":"2025-05-31T00:41:35","slug":"plantebaserte-rokelseskjegler-aloe-vera","status":"publish","type":"product","link":"https:\/\/aromasentia.com\/no\/plantebaserte-rokelseskjegler-aloe-vera\/","title":{"rendered":"Plantebaserte R\u00f8kelseskjegler &#8211; Aloe Vera"},"content":{"rendered":"<p><strong>Aroma Sentia-ping<\/strong> presenterer <strong>Stamford Premium plantebaserte r\u00f8kelseskjegler<\/strong> <strong>&#8211; Aloe vera med en h\u00f8yere duftprosent som gir en <strong>mer intens langvarig aroma<\/strong> n\u00e5r den er i bruk.<\/p>\n<p>&#8211; <strong>h\u00e5ndrullet r\u00f8kelse av topp kvalitet<\/strong><\/p>\n<p>&#8211; omtrentlig brennetid: <strong>30 minutter<\/strong><\/p>\n<p>&#8211; <strong>12 x kjegler<\/strong> i pakken<\/p>\n<p>&#8211; <strong>ikke testet p\u00e5 dyr, vegansk<\/strong><\/p>\n<p>Materiale: <strong>harpiks og plantemateriale<\/strong><\/p>\n<p>Bare tenn en spiss av kjeglen og vent til den gl\u00f8der. Bl\u00e5s deretter ut flammen og plasser den i en r\u00f8kelsesholder. Den nydelige duften lar deg skape den perfekte stemningen for avslapning, underholdning og et virkelig stilig hjem.<\/p>\n<p><span style=\"color: rgb(209, 72, 65);\"><strong>Legg til i produktportef\u00f8ljen din og bestill i dag, og la denne behagelige aromaen str\u00f8mme&#8230;<\/strong><\/span><\/p>\n","protected":false},"excerpt":{"rendered":"<p>Aroma Sentia-ping presenterer Stamford Premium plantebaserte r\u00f8kelseskjegler &#8211; Aloe vera med en h\u00f8yere duftprosent som gir en mer intens langvarig aroma n\u00e5r den er i bruk. &#8211; h\u00e5ndrullet r\u00f8kelse av topp kvalitet &#8211; omtrentlig brennetid: 30 minutter &#8211; 12 x kjegler i pakken &#8211; ikke testet p\u00e5 dyr, vegansk Materiale: harpiks og plantemateriale Bare tenn [&hellip;]<\/p>\n","protected":false},"featured_media":412421,"comment_status":"closed","ping_status":"open","template":"","meta":[],"product_brand":[27141],"product_cat":[26580,25843,26841,8747,8792],"product_tag":[],"class_list":{"0":"post-204309","1":"product","2":"type-product","3":"status-publish","4":"has-post-thumbnail","6":"product_brand-stamford","7":"product_cat-aloe-vera","8":"product_cat-dufter-aromaer","9":"product_cat-frisk-og-ren","10":"product_cat-rokelse-og-rokelsesholdere","11":"product_cat-rokelseskjegler","12":"pa_collection-plant-based-incense-cones-californian-white-sage-no","13":"pa_made-in-india","15":"first","16":"instock","17":"purchasable","18":"product-type-simple"},"supplier_id":null,"supplier_sku":"SPBiC-07","barcode":null,"atum_controlled":true,"out_stock_date":null,"out_stock_threshold":null,"inheritable":false,"inbound_stock":null,"stock_on_hold":0,"sold_today":0,"sales_last_days":0,"reserved_stock":null,"customer_returns":null,"warehouse_damage":null,"lost_in_post":null,"other_logs":null,"out_stock_days":0,"lost_sales":0,"has_location":null,"update_date":"2026-02-02T12:53:53","atum_locations":[],"atum_stock_status":"instock","restock_status":false,"low_stock_amount":"","sales_update_date":"2026-01-30T01:26:01","calc_backorders":null,"_links":{"self":[{"href":"https:\/\/aromasentia.com\/no\/wp-json\/wp\/v2\/product\/204309","targetHints":{"allow":["GET"]}}],"collection":[{"href":"https:\/\/aromasentia.com\/no\/wp-json\/wp\/v2\/product"}],"about":[{"href":"https:\/\/aromasentia.com\/no\/wp-json\/wp\/v2\/types\/product"}],"replies":[{"embeddable":true,"href":"https:\/\/aromasentia.com\/no\/wp-json\/wp\/v2\/comments?post=204309"}],"version-history":[{"count":0,"href":"https:\/\/aromasentia.com\/no\/wp-json\/wp\/v2\/product\/204309\/revisions"}],"wp:featuredmedia":[{"embeddable":true,"href":"https:\/\/aromasentia.com\/no\/wp-json\/wp\/v2\/media\/412421"}],"wp:attachment":[{"href":"https:\/\/aromasentia.com\/no\/wp-json\/wp\/v2\/media?parent=204309"}],"wp:term":[{"taxonomy":"product_brand","embeddable":true,"href":"https:\/\/aromasentia.com\/no\/wp-json\/wp\/v2\/product_brand?post=204309"},{"taxonomy":"product_cat","embeddable":true,"href":"https:\/\/aromasentia.com\/no\/wp-json\/wp\/v2\/product_cat?post=204309"},{"taxonomy":"product_tag","embeddable":true,"href":"https:\/\/aromasentia.com\/no\/wp-json\/wp\/v2\/product_tag?post=204309"}],"curies":[{"name":"wp","href":"https:\/\/api.w.org\/{rel}","templated":true}]}}